{"id":3531,"date":"2025-03-31T13:24:49","date_gmt":"2025-03-31T16:24:49","guid":{"rendered":"https:\/\/crtpublicidade.com.br\/raibanesprev\/?page_id=3531"},"modified":"2025-04-07T17:25:37","modified_gmt":"2025-04-07T20:25:37","slug":"despesas-administrativas","status":"publish","type":"page","link":"https:\/\/crtpublicidade.com.br\/raibanesprev\/plano-i\/despesas-administrativas\/","title":{"rendered":"Despesas Administrativas"},"content":{"rendered":"\t\t<div data-elementor-type=\"wp-page\" data-elementor-id=\"3531\" class=\"elementor elementor-3531\">\n\t\t\t\t\t\t<section class=\"elementor-section elementor-top-section elementor-element elementor-element-57c4f161 elementor-section-boxed elementor-section-height-default elementor-section-height-default\" data-id=\"57c4f161\" data-element_type=\"section\">\n\t\t\t\t\t\t<div class=\"elementor-container elementor-column-gap-default\">\n\t\t\t\t\t<div class=\"elementor-column elementor-col-50 elementor-top-column elementor-element elementor-element-30d7e290\" data-id=\"30d7e290\" data-element_type=\"column\">\n\t\t\t<div class=\"elementor-widget-wrap elementor-element-populated\">\n\t\t\t\t\t\t<div class=\"elementor-element elementor-element-74ab0a6b elementor-widget elementor-widget-heading\" data-id=\"74ab0a6b\" data-element_type=\"widget\" data-widget_type=\"heading.default\">\n\t\t\t\t<div class=\"elementor-widget-container\">\n\t\t\t\t\t<h2 class=\"elementor-heading-title elementor-size-default\">Despesas Administrativas<\/h2>\t\t\t\t<\/div>\n\t\t\t\t<\/div>\n\t\t\t\t\t<\/div>\n\t\t<\/div>\n\t\t\t\t<div class=\"elementor-column elementor-col-50 elementor-top-column elementor-element elementor-element-41566f51\" data-id=\"41566f51\" data-element_type=\"column\" data-settings=\"{&quot;background_background&quot;:&quot;classic&quot;}\">\n\t\t\t<div class=\"elementor-widget-wrap elementor-element-populated\">\n\t\t\t\t\t<div class=\"elementor-background-overlay\"><\/div>\n\t\t\t\t\t\t<div class=\"elementor-element elementor-element-76c35aa6 elementor-widget elementor-widget-spacer\" data-id=\"76c35aa6\" data-element_type=\"widget\" data-widget_type=\"spacer.default\">\n\t\t\t\t<div class=\"elementor-widget-container\">\n\t\t\t\t\t\t\t<div class=\"elementor-spacer\">\n\t\t\t<div class=\"elementor-spacer-inner\"><\/div>\n\t\t<\/div>\n\t\t\t\t\t\t<\/div>\n\t\t\t\t<\/div>\n\t\t\t\t\t<\/div>\n\t\t<\/div>\n\t\t\t\t\t<\/div>\n\t\t<\/section>\n\t\t\t\t<section class=\"elementor-section elementor-top-section elementor-element elementor-element-45b9dabe table_banesprev_pai elementor-section-boxed elementor-section-height-default elementor-section-height-default\" data-id=\"45b9dabe\" data-element_type=\"section\">\n\t\t\t\t\t\t<div class=\"elementor-container elementor-column-gap-default\">\n\t\t\t\t\t<div class=\"elementor-column elementor-col-100 elementor-top-column elementor-element elementor-element-7faabb85\" data-id=\"7faabb85\" data-element_type=\"column\">\n\t\t\t<div class=\"elementor-widget-wrap elementor-element-populated\">\n\t\t\t\t\t\t<div class=\"elementor-element elementor-element-2c07ea3b elementor-widget elementor-widget-heading\" data-id=\"2c07ea3b\" data-element_type=\"widget\" data-widget_type=\"heading.default\">\n\t\t\t\t<div class=\"elementor-widget-container\">\n\t\t\t\t\t<h2 class=\"elementor-heading-title elementor-size-default\">Plano I<\/h2>\t\t\t\t<\/div>\n\t\t\t\t<\/div>\n\t\t\t\t<div class=\"elementor-element elementor-element-481d76a6 elementor-widget elementor-widget-html\" data-id=\"481d76a6\" data-element_type=\"widget\" data-widget_type=\"html.default\">\n\t\t\t\t<div class=\"elementor-widget-container\">\n\t\t\t\t\t<table class=\"table table_banesprev_maxima\">\n    <thead>\n        <tr>\n            <th>Descri\u00e7\u00e3o<\/th>\n            <th>Acumulado no Ano (R$)<\/th>\n            <th>% Sobre o Total<\/th>\n        <\/tr>\n    <\/thead>\n    <tbody>\n        <tr>\n            <td><b>DESPESAS<\/b><\/td>\n            <td><b>394.370,55<\/b><\/td>\n            <td><b>100,00%<\/b><\/td>\n        <\/tr>\n        <tr>\n            <td><b>ADMINISTRA\u00c7\u00c3O DOS PLANOS PREVIDENCIAIS<\/b><\/td>\n            <td><b>394.370,55<\/b><\/td>\n            <td><b>100,00%<\/b><\/td>\n        <\/tr>\n\n        <tr>\n            <td style=\"padding-left:50px\"><b>PESSOAL E ENCARGOS<\/b><\/td>\n            <td>127.285,79<\/td>\n            <td>32,28%<\/td>\n        <\/tr>\n        <tr>\n            <td style=\"padding-left:90px\">DIRIGENTES<\/td>\n            <td>25.770,51<\/td>\n            <td>6,53%<\/td>\n        <\/tr>\n        <tr>\n            <td style=\"padding-left:90px\">PESSOAL PR\u00d3PRIO<\/td>\n            <td>101.148,19<\/td>\n            <td>25,65%<\/td>\n        <\/tr>\n        <tr>\n            <td style=\"padding-left:90px\">ESTAGI\u00c1RIOS\/JOVENS APRENDIZES<\/td>\n            <td>367,09<\/td>\n            <td>0,09%<\/td>\n        <\/tr>\n\n        <tr>\n            <td style=\"padding-left:50px\"><b>TREINAMENTOS\/CONGRESSOS E SEMIN\u00c1RIOS<\/b><\/td>\n            <td>1.604,49<\/td>\n            <td>0,41%<\/td>\n        <\/tr>\n\n        <tr>\n            <td style=\"padding-left:50px\"><b>SERVI\u00c7OS DE TERCEIROS<\/b><\/td>\n            <td>145.205,74<\/td>\n            <td>36,82%<\/td>\n        <\/tr>\n        <tr>\n            <td style=\"padding-left:90px\">SERVI\u00c7OS ATUARIAIS<\/td>\n            <td>11.640,15<\/td>\n            <td>2,95%<\/td>\n        <\/tr>\n        <tr>\n            <td style=\"padding-left:90px\">SERVI\u00c7OS JUR\u00cdDICOS<\/td>\n            <td>52.756,84<\/td>\n            <td>13,38%<\/td>\n        <\/tr>\n        <tr>\n            <td style=\"padding-left:90px\">TECNOLOGIA DA INFORMA\u00c7\u00c3O<\/td>\n            <td>57.546,22<\/td>\n            <td>14,59%<\/td>\n        <\/tr>\n        <tr>\n            <td style=\"padding-left:90px\">GEST\u00c3O\/PLANEJAMENTO ESTRAT\u00c9GICO<\/td>\n            <td>72,29<\/td>\n            <td>0,02%<\/td>\n        <\/tr>\n        <tr>\n            <td style=\"padding-left:90px\">AUDITORIA CONT\u00c1BIL<\/td>\n            <td>5.347,92<\/td>\n            <td>1,36%<\/td>\n        <\/tr>\n        <tr>\n            <td style=\"padding-left:90px\">SERVI\u00c7OS E CONSULTORIAS DE INVESTIMENTOS<\/td>\n            <td>120,30<\/td>\n            <td>0,03%<\/td>\n        <\/tr>\n        <tr>\n            <td style=\"padding-left:90px\">OUTROS<\/td>\n            <td>16.580,31<\/td>\n            <td>4,20%<\/td>\n        <\/tr>\n\n        <tr>\n            <td style=\"padding-left:50px\"><b>DESPESAS GERAIS<\/b><\/td>\n            <td>33.355,17<\/td>\n            <td>8,46%<\/td>\n        <\/tr>\n        <tr>\n            <td style=\"padding-left:90px\">Judiciais<\/td>\n            <td>9.375,78<\/td>\n            <td>2,38%<\/td>\n        <\/tr>\n        <tr>\n            <td style=\"padding-left:90px\">Cart\u00f3rios<\/td>\n            <td>264,75<\/td>\n            <td>0,07%<\/td>\n        <\/tr>\n        <tr>\n            <td style=\"padding-left:90px\">Aluguel Predial<\/td>\n            <td>7.291,81<\/td>\n            <td>1,85%<\/td>\n        <\/tr>\n        <tr>\n            <td style=\"padding-left:90px\">Correios<\/td>\n            <td>243,95<\/td>\n            <td>0,06%<\/td>\n        <\/tr>\n        <tr>\n            <td style=\"padding-left:90px\">Aluguel de Equipamentos<\/td>\n            <td>290,73<\/td>\n            <td>0,07%<\/td>\n        <\/tr>\n        <tr>\n            <td style=\"padding-left:90px\">Outras Despesas Gerais<\/td>\n            <td>1.046,50<\/td>\n            <td>0,27%<\/td>\n        <\/tr>\n\n        <tr>\n            <td style=\"padding-left:50px\"><b>DEPRECIA\u00c7\u00d5ES E AMORTIZA\u00c7\u00d5ES<\/b><\/td>\n            <td>826,00<\/td>\n            <td>0,21%<\/td>\n        <\/tr>\n\n        <tr>\n            <td style=\"padding-left:50px\"><b>TRIBUTOS<\/b><\/td>\n            <td>85.785,34<\/td>\n            <td>21,75%<\/td>\n        <\/tr>\n        <tr>\n            <td style=\"padding-left:90px\">PIS<\/td>\n            <td>3.244,27<\/td>\n            <td>0,82%<\/td>\n        <\/tr>\n        <tr>\n            <td style=\"padding-left:90px\">COFINS<\/td>\n            <td>19.964,49<\/td>\n            <td>5,06%<\/td>\n        <\/tr>\n        <tr>\n            <td style=\"padding-left:90px\">TAFIC<\/td>\n            <td>60.000,00<\/td>\n            <td>15,21%<\/td>\n        <\/tr>\n    <\/tbody>\n<\/table>\t\t\t\t<\/div>\n\t\t\t\t<\/div>\n\t\t\t\t\t<\/div>\n\t\t<\/div>\n\t\t\t\t\t<\/div>\n\t\t<\/section>\n\t\t\t\t<\/div>\n\t\t","protected":false},"excerpt":{"rendered":"<p>Despesas Administrativas Plano I Descri\u00e7\u00e3o Acumulado no Ano (R$) % Sobre o Total DESPESAS 394.370,55 100,00% ADMINISTRA\u00c7\u00c3O DOS PLANOS PREVIDENCIAIS 394.370,55 100,00% PESSOAL E ENCARGOS 127.285,79 32,28% DIRIGENTES 25.770,51 6,53% PESSOAL PR\u00d3PRIO 101.148,19 25,65% ESTAGI\u00c1RIOS\/JOVENS APRENDIZES 367,09 0,09% TREINAMENTOS\/CONGRESSOS E SEMIN\u00c1RIOS 1.604,49 0,41% SERVI\u00c7OS DE TERCEIROS 145.205,74 36,82% SERVI\u00c7OS ATUARIAIS 11.640,15 2,95% SERVI\u00c7OS JUR\u00cdDICOS 52.756,84 [&hellip;]<\/p>\n","protected":false},"author":1,"featured_media":0,"parent":2851,"menu_order":53,"comment_status":"closed","ping_status":"closed","template":"","meta":{"footnotes":""},"class_list":["post-3531","page","type-page","status-publish","hentry"],"acf":[],"_links":{"self":[{"href":"https:\/\/crtpublicidade.com.br\/raibanesprev\/wp-json\/wp\/v2\/pages\/3531","targetHints":{"allow":["GET"]}}],"collection":[{"href":"https:\/\/crtpublicidade.com.br\/raibanesprev\/wp-json\/wp\/v2\/pages"}],"about":[{"href":"https:\/\/crtpublicidade.com.br\/raibanesprev\/wp-json\/wp\/v2\/types\/page"}],"author":[{"embeddable":true,"href":"https:\/\/crtpublicidade.com.br\/raibanesprev\/wp-json\/wp\/v2\/users\/1"}],"replies":[{"embeddable":true,"href":"https:\/\/crtpublicidade.com.br\/raibanesprev\/wp-json\/wp\/v2\/comments?post=3531"}],"version-history":[{"count":13,"href":"https:\/\/crtpublicidade.com.br\/raibanesprev\/wp-json\/wp\/v2\/pages\/3531\/revisions"}],"predecessor-version":[{"id":4710,"href":"https:\/\/crtpublicidade.com.br\/raibanesprev\/wp-json\/wp\/v2\/pages\/3531\/revisions\/4710"}],"up":[{"embeddable":true,"href":"https:\/\/crtpublicidade.com.br\/raibanesprev\/wp-json\/wp\/v2\/pages\/2851"}],"wp:attachment":[{"href":"https:\/\/crtpublicidade.com.br\/raibanesprev\/wp-json\/wp\/v2\/media?parent=3531"}],"curies":[{"name":"wp","href":"https:\/\/api.w.org\/{rel}","templated":true}]}}