{"id":3517,"date":"2025-03-31T13:16:42","date_gmt":"2025-03-31T16:16:42","guid":{"rendered":"https:\/\/crtpublicidade.com.br\/raibanesprev\/?page_id=3517"},"modified":"2025-04-07T17:26:38","modified_gmt":"2025-04-07T20:26:38","slug":"despesas-administrativas","status":"publish","type":"page","link":"https:\/\/crtpublicidade.com.br\/raibanesprev\/plano-ii\/despesas-administrativas\/","title":{"rendered":"Despesas Administrativas"},"content":{"rendered":"\t\t<div data-elementor-type=\"wp-page\" data-elementor-id=\"3517\" class=\"elementor elementor-3517\">\n\t\t\t\t\t\t<section class=\"elementor-section elementor-top-section elementor-element elementor-element-57c4f161 elementor-section-boxed elementor-section-height-default elementor-section-height-default\" data-id=\"57c4f161\" data-element_type=\"section\">\n\t\t\t\t\t\t<div class=\"elementor-container elementor-column-gap-default\">\n\t\t\t\t\t<div class=\"elementor-column elementor-col-50 elementor-top-column elementor-element elementor-element-30d7e290\" data-id=\"30d7e290\" data-element_type=\"column\">\n\t\t\t<div class=\"elementor-widget-wrap elementor-element-populated\">\n\t\t\t\t\t\t<div class=\"elementor-element elementor-element-74ab0a6b elementor-widget elementor-widget-heading\" data-id=\"74ab0a6b\" data-element_type=\"widget\" data-widget_type=\"heading.default\">\n\t\t\t\t<div class=\"elementor-widget-container\">\n\t\t\t\t\t<h2 class=\"elementor-heading-title elementor-size-default\">Despesas Administrativas<\/h2>\t\t\t\t<\/div>\n\t\t\t\t<\/div>\n\t\t\t\t\t<\/div>\n\t\t<\/div>\n\t\t\t\t<div class=\"elementor-column elementor-col-50 elementor-top-column elementor-element elementor-element-41566f51\" data-id=\"41566f51\" data-element_type=\"column\" data-settings=\"{&quot;background_background&quot;:&quot;classic&quot;}\">\n\t\t\t<div class=\"elementor-widget-wrap elementor-element-populated\">\n\t\t\t\t\t<div class=\"elementor-background-overlay\"><\/div>\n\t\t\t\t\t\t<div class=\"elementor-element elementor-element-76c35aa6 elementor-widget elementor-widget-spacer\" data-id=\"76c35aa6\" data-element_type=\"widget\" data-widget_type=\"spacer.default\">\n\t\t\t\t<div class=\"elementor-widget-container\">\n\t\t\t\t\t\t\t<div class=\"elementor-spacer\">\n\t\t\t<div class=\"elementor-spacer-inner\"><\/div>\n\t\t<\/div>\n\t\t\t\t\t\t<\/div>\n\t\t\t\t<\/div>\n\t\t\t\t\t<\/div>\n\t\t<\/div>\n\t\t\t\t\t<\/div>\n\t\t<\/section>\n\t\t\t\t<section class=\"elementor-section elementor-top-section elementor-element elementor-element-45b9dabe table_banesprev_pai elementor-section-boxed elementor-section-height-default elementor-section-height-default\" data-id=\"45b9dabe\" data-element_type=\"section\">\n\t\t\t\t\t\t<div class=\"elementor-container elementor-column-gap-default\">\n\t\t\t\t\t<div class=\"elementor-column elementor-col-100 elementor-top-column elementor-element elementor-element-7faabb85\" data-id=\"7faabb85\" data-element_type=\"column\">\n\t\t\t<div class=\"elementor-widget-wrap elementor-element-populated\">\n\t\t\t\t\t\t<div class=\"elementor-element elementor-element-2c07ea3b elementor-widget elementor-widget-heading\" data-id=\"2c07ea3b\" data-element_type=\"widget\" data-widget_type=\"heading.default\">\n\t\t\t\t<div class=\"elementor-widget-container\">\n\t\t\t\t\t<h2 class=\"elementor-heading-title elementor-size-default\">Plano II<\/h2>\t\t\t\t<\/div>\n\t\t\t\t<\/div>\n\t\t\t\t<div class=\"elementor-element elementor-element-481d76a6 elementor-widget elementor-widget-html\" data-id=\"481d76a6\" data-element_type=\"widget\" data-widget_type=\"html.default\">\n\t\t\t\t<div class=\"elementor-widget-container\">\n\t\t\t\t\t<table class=\"table table_banesprev_maxima\">\n    <thead>\n        <tr>\n            <th>Descri\u00e7\u00e3o<\/th>\n            <th>Acumulado no Ano (R$)<\/th>\n            <th>% Sobre o Total<\/th>\n        <\/tr>\n    <\/thead>\n    <tbody>\n        <tr>\n            <td><b>DESPESAS<\/b><\/td>\n            <td><b>11.710.706,96<\/b><\/td>\n            <td><b>100,00%<\/b><\/td>\n        <\/tr>\n        <tr>\n            <td><b>ADMINISTRA\u00c7\u00c3O DOS PLANOS PREVIDENCIAIS<\/b><\/td>\n            <td><b>11.710.706,96<\/b><\/td>\n            <td><b>100,00%<\/b><\/td>\n        <\/tr>\n\n        <tr>\n            <td style=\"padding-left:50px\"><b>PESSOAL E ENCARGOS<\/b><\/td>\n            <td>3.988.479,45<\/td>\n            <td>34,06%<\/td>\n        <\/tr>\n        <tr>\n            <td style=\"padding-left:90px\">DIRIGENTES<\/td>\n            <td>772.403,41<\/td>\n            <td>6,60%<\/td>\n        <\/tr>\n        <tr>\n            <td style=\"padding-left:90px\">PESSOAL PR\u00d3PRIO<\/td>\n            <td>3.205.867,86<\/td>\n            <td>27,38%<\/td>\n        <\/tr>\n        <tr>\n            <td style=\"padding-left:90px\">ESTAGI\u00c1RIOS\/JOVENS APRENDIZES<\/td>\n            <td>10.208,18<\/td>\n            <td>0,09%<\/td>\n        <\/tr>\n\n        <tr>\n            <td style=\"padding-left:50px\"><b>TREINAMENTOS\/CONGRESSOS E SEMIN\u00c1RIOS<\/b><\/td>\n            <td>50.090,31<\/td>\n            <td>0,43%<\/td>\n        <\/tr>\n\n        <tr>\n            <td style=\"padding-left:50px\"><b>SERVI\u00c7OS DE TERCEIROS<\/b><\/td>\n            <td>4.466.918,98<\/td>\n            <td>38,14%<\/td>\n        <\/tr>\n        <tr>\n            <td style=\"padding-left:90px\">SERVI\u00c7OS ATUARIAIS<\/td>\n            <td>657.072,49<\/td>\n            <td>5,61%<\/td>\n        <\/tr>\n        <tr>\n            <td style=\"padding-left:90px\">SERVI\u00c7OS JUR\u00cdDICOS<\/td>\n            <td>1.514.638,59<\/td>\n            <td>12,93%<\/td>\n        <\/tr>\n        <tr>\n            <td style=\"padding-left:90px\">TECNOLOGIA DA INFORMA\u00c7\u00c3O<\/td>\n            <td>1.519.716,27<\/td>\n            <td>12,98%<\/td>\n        <\/tr>\n        <tr>\n            <td style=\"padding-left:90px\">GEST\u00c3O\/PLANEJAMENTO ESTRAT\u00c9GICO<\/td>\n            <td>2.273,24<\/td>\n            <td>0,02%<\/td>\n        <\/tr>\n        <tr>\n            <td style=\"padding-left:90px\">AUDITORIA CONT\u00c1BIL<\/td>\n            <td>169.552,26<\/td>\n            <td>1,45%<\/td>\n        <\/tr>\n        <tr>\n            <td style=\"padding-left:90px\">SERVI\u00c7OS E CONSULTORIAS DE INVESTIMENTOS<\/td>\n            <td>32.884,20<\/td>\n            <td>0,28%<\/td>\n        <\/tr>\n        <tr>\n            <td style=\"padding-left:90px\">OUTROS<\/td>\n            <td>534.603,72<\/td>\n            <td>4,57%<\/td>\n        <\/tr>\n\n        <tr>\n            <td style=\"padding-left:50px\"><b>DESPESAS GERAIS<\/b><\/td>\n            <td>1.113.440,44<\/td>\n            <td>9,51%<\/td>\n        <\/tr>\n        <tr>\n            <td style=\"padding-left:90px\">Judiciais<\/td>\n            <td>303.464,07<\/td>\n            <td>2,59%<\/td>\n        <\/tr>\n        <tr>\n            <td style=\"padding-left:90px\">Cart\u00f3rios<\/td>\n            <td>32.286,05<\/td>\n            <td>0,28%<\/td>\n        <\/tr>\n        <tr>\n            <td style=\"padding-left:90px\">Aluguel Predial<\/td>\n            <td>227.257,98<\/td>\n            <td>1,94%<\/td>\n        <\/tr>\n        <tr>\n            <td style=\"padding-left:90px\">Correios<\/td>\n            <td>3.932,13<\/td>\n            <td>0,03%<\/td>\n        <\/tr>\n        <tr>\n            <td style=\"padding-left:90px\">Aluguel de Equipamentos<\/td>\n            <td>9.110,87<\/td>\n            <td>0,08%<\/td>\n        <\/tr>\n        <tr>\n            <td style=\"padding-left:90px\">Outras Despesas Gerais<\/td>\n            <td>32.985,60<\/td>\n            <td>0,28%<\/td>\n        <\/tr>\n\n        <tr>\n            <td style=\"padding-left:50px\"><b>DEPRECIA\u00c7\u00d5ES E AMORTIZA\u00c7\u00d5ES<\/b><\/td>\n            <td>25.867,71<\/td>\n            <td>0,22%<\/td>\n        <\/tr>\n\n        <tr>\n            <td style=\"padding-left:50px\"><b>TRIBUTOS<\/b><\/td>\n            <td>2.050.354,16<\/td>\n            <td>17,51%<\/td>\n        <\/tr>\n        <tr>\n            <td style=\"padding-left:90px\">PIS<\/td>\n            <td>186.516,63<\/td>\n            <td>1,59%<\/td>\n        <\/tr>\n        <tr>\n            <td style=\"padding-left:90px\">COFINS<\/td>\n            <td>1.147.794,56<\/td>\n            <td>9,80%<\/td>\n        <\/tr>\n        <tr>\n            <td style=\"padding-left:90px\">TAFIC<\/td>\n            <td>600.000,00<\/td>\n            <td>5,12%<\/td>\n        <\/tr>\n    <\/tbody>\n<\/table>\t\t\t\t<\/div>\n\t\t\t\t<\/div>\n\t\t\t\t\t<\/div>\n\t\t<\/div>\n\t\t\t\t\t<\/div>\n\t\t<\/section>\n\t\t\t\t<\/div>\n\t\t","protected":false},"excerpt":{"rendered":"<p>Despesas Administrativas Plano II Descri\u00e7\u00e3o Acumulado no Ano (R$) % Sobre o Total DESPESAS 11.710.706,96 100,00% ADMINISTRA\u00c7\u00c3O DOS PLANOS PREVIDENCIAIS 11.710.706,96 100,00% PESSOAL E ENCARGOS 3.988.479,45 34,06% DIRIGENTES 772.403,41 6,60% PESSOAL PR\u00d3PRIO 3.205.867,86 27,38% ESTAGI\u00c1RIOS\/JOVENS APRENDIZES 10.208,18 0,09% TREINAMENTOS\/CONGRESSOS E SEMIN\u00c1RIOS 50.090,31 0,43% SERVI\u00c7OS DE TERCEIROS 4.466.918,98 38,14% SERVI\u00c7OS ATUARIAIS 657.072,49 5,61% SERVI\u00c7OS JUR\u00cdDICOS 1.514.638,59 [&hellip;]<\/p>\n","protected":false},"author":1,"featured_media":0,"parent":2872,"menu_order":49,"comment_status":"closed","ping_status":"closed","template":"","meta":{"footnotes":""},"class_list":["post-3517","page","type-page","status-publish","hentry"],"acf":[],"_links":{"self":[{"href":"https:\/\/crtpublicidade.com.br\/raibanesprev\/wp-json\/wp\/v2\/pages\/3517","targetHints":{"allow":["GET"]}}],"collection":[{"href":"https:\/\/crtpublicidade.com.br\/raibanesprev\/wp-json\/wp\/v2\/pages"}],"about":[{"href":"https:\/\/crtpublicidade.com.br\/raibanesprev\/wp-json\/wp\/v2\/types\/page"}],"author":[{"embeddable":true,"href":"https:\/\/crtpublicidade.com.br\/raibanesprev\/wp-json\/wp\/v2\/users\/1"}],"replies":[{"embeddable":true,"href":"https:\/\/crtpublicidade.com.br\/raibanesprev\/wp-json\/wp\/v2\/comments?post=3517"}],"version-history":[{"count":10,"href":"https:\/\/crtpublicidade.com.br\/raibanesprev\/wp-json\/wp\/v2\/pages\/3517\/revisions"}],"predecessor-version":[{"id":4713,"href":"https:\/\/crtpublicidade.com.br\/raibanesprev\/wp-json\/wp\/v2\/pages\/3517\/revisions\/4713"}],"up":[{"embeddable":true,"href":"https:\/\/crtpublicidade.com.br\/raibanesprev\/wp-json\/wp\/v2\/pages\/2872"}],"wp:attachment":[{"href":"https:\/\/crtpublicidade.com.br\/raibanesprev\/wp-json\/wp\/v2\/media?parent=3517"}],"curies":[{"name":"wp","href":"https:\/\/api.w.org\/{rel}","templated":true}]}}