{"id":3475,"date":"2025-03-31T12:54:59","date_gmt":"2025-03-31T15:54:59","guid":{"rendered":"https:\/\/crtpublicidade.com.br\/raibanesprev\/?page_id=3475"},"modified":"2025-04-07T17:28:29","modified_gmt":"2025-04-07T20:28:29","slug":"despesas-administrativas","status":"publish","type":"page","link":"https:\/\/crtpublicidade.com.br\/raibanesprev\/plano-v\/despesas-administrativas\/","title":{"rendered":"Despesas Administrativas"},"content":{"rendered":"\t\t<div data-elementor-type=\"wp-page\" data-elementor-id=\"3475\" class=\"elementor elementor-3475\">\n\t\t\t\t\t\t<section class=\"elementor-section elementor-top-section elementor-element elementor-element-57c4f161 elementor-section-boxed elementor-section-height-default elementor-section-height-default\" data-id=\"57c4f161\" data-element_type=\"section\">\n\t\t\t\t\t\t<div class=\"elementor-container elementor-column-gap-default\">\n\t\t\t\t\t<div class=\"elementor-column elementor-col-50 elementor-top-column elementor-element elementor-element-30d7e290\" data-id=\"30d7e290\" data-element_type=\"column\">\n\t\t\t<div class=\"elementor-widget-wrap elementor-element-populated\">\n\t\t\t\t\t\t<div class=\"elementor-element elementor-element-74ab0a6b elementor-widget elementor-widget-heading\" data-id=\"74ab0a6b\" data-element_type=\"widget\" data-widget_type=\"heading.default\">\n\t\t\t\t<div class=\"elementor-widget-container\">\n\t\t\t\t\t<h2 class=\"elementor-heading-title elementor-size-default\">Despesas Administrativas<\/h2>\t\t\t\t<\/div>\n\t\t\t\t<\/div>\n\t\t\t\t\t<\/div>\n\t\t<\/div>\n\t\t\t\t<div class=\"elementor-column elementor-col-50 elementor-top-column elementor-element elementor-element-41566f51\" data-id=\"41566f51\" data-element_type=\"column\" data-settings=\"{&quot;background_background&quot;:&quot;classic&quot;}\">\n\t\t\t<div class=\"elementor-widget-wrap elementor-element-populated\">\n\t\t\t\t\t<div class=\"elementor-background-overlay\"><\/div>\n\t\t\t\t\t\t<div class=\"elementor-element elementor-element-76c35aa6 elementor-widget elementor-widget-spacer\" data-id=\"76c35aa6\" data-element_type=\"widget\" data-widget_type=\"spacer.default\">\n\t\t\t\t<div class=\"elementor-widget-container\">\n\t\t\t\t\t\t\t<div class=\"elementor-spacer\">\n\t\t\t<div class=\"elementor-spacer-inner\"><\/div>\n\t\t<\/div>\n\t\t\t\t\t\t<\/div>\n\t\t\t\t<\/div>\n\t\t\t\t\t<\/div>\n\t\t<\/div>\n\t\t\t\t\t<\/div>\n\t\t<\/section>\n\t\t\t\t<section class=\"elementor-section elementor-top-section elementor-element elementor-element-45b9dabe table_banesprev_pai elementor-section-boxed elementor-section-height-default elementor-section-height-default\" data-id=\"45b9dabe\" data-element_type=\"section\">\n\t\t\t\t\t\t<div class=\"elementor-container elementor-column-gap-default\">\n\t\t\t\t\t<div class=\"elementor-column elementor-col-100 elementor-top-column elementor-element elementor-element-7faabb85\" data-id=\"7faabb85\" data-element_type=\"column\">\n\t\t\t<div class=\"elementor-widget-wrap elementor-element-populated\">\n\t\t\t\t\t\t<div class=\"elementor-element elementor-element-2c07ea3b elementor-widget elementor-widget-heading\" data-id=\"2c07ea3b\" data-element_type=\"widget\" data-widget_type=\"heading.default\">\n\t\t\t\t<div class=\"elementor-widget-container\">\n\t\t\t\t\t<h2 class=\"elementor-heading-title elementor-size-default\">Plano V<\/h2>\t\t\t\t<\/div>\n\t\t\t\t<\/div>\n\t\t\t\t<div class=\"elementor-element elementor-element-481d76a6 elementor-widget elementor-widget-html\" data-id=\"481d76a6\" data-element_type=\"widget\" data-widget_type=\"html.default\">\n\t\t\t\t<div class=\"elementor-widget-container\">\n\t\t\t\t\t<table class=\"table table_banesprev_maxima\">\n    <thead>\n        <tr>\n            <th>Descri\u00e7\u00e3o<\/th>\n            <th>Acumulado no Ano (R$)<\/th>\n            <th>% Sobre o Total<\/th>\n        <\/tr>\n    <\/thead>\n    <tbody>\n        <tr>\n            <td><b>DESPESAS<\/b><\/td>\n            <td><b>14.865.943,10<\/b><\/td>\n            <td><b>100,00%<\/b><\/td>\n        <\/tr>\n        <tr>\n            <td><b>ADMINISTRA\u00c7\u00c3O DOS PLANOS PREVIDENCIAIS<\/b><\/td>\n            <td><b>14.865.943,10<\/b><\/td>\n            <td><b>100,00%<\/b><\/td>\n        <\/tr>\n\n        <tr>\n            <td style=\"padding-left:30px\"><b>PESSOAL E ENCARGOS<\/b><\/td>\n            <td>5.485.283,09<\/td>\n            <td>36,90%<\/td>\n        <\/tr>\n        <tr>\n            <td style=\"padding-left:60px\">DIRIGENTES<\/td>\n            <td>1.013.789,05<\/td>\n            <td>6,82%<\/td>\n        <\/tr>\n        <tr>\n            <td style=\"padding-left:60px\">PESSOAL PR\u00d3PRIO<\/td>\n            <td>4.459.229,98<\/td>\n            <td>30,00%<\/td>\n        <\/tr>\n        <tr>\n            <td style=\"padding-left:60px\">ESTAGI\u00c1RIOS\/JOVENS APRENDIZES<\/td>\n            <td>12.264,06<\/td>\n            <td>0,08%<\/td>\n        <\/tr>\n\n        <tr>\n            <td style=\"padding-left:30px\"><b>TREINAMENTOS\/CONGRESSOS E SEMIN\u00c1RIOS<\/b><\/td>\n            <td>67.323,97<\/td>\n            <td>0,45%<\/td>\n        <\/tr>\n\n        <tr>\n            <td style=\"padding-left:30px\"><b>SERVI\u00c7OS DE TERCEIROS<\/b><\/td>\n            <td>5.627.658,88<\/td>\n            <td>37,86%<\/td>\n        <\/tr>\n        <tr>\n            <td style=\"padding-left:60px\">SERVI\u00c7OS ATUARIAIS<\/td>\n            <td>83.342,52<\/td>\n            <td>0,56%<\/td>\n        <\/tr>\n        <tr>\n            <td style=\"padding-left:60px\">SERVI\u00c7OS JUR\u00cdDICOS<\/td>\n            <td>2.407.367,71<\/td>\n            <td>16,19%<\/td>\n        <\/tr>\n        <tr>\n            <td style=\"padding-left:60px\">TECNOLOGIA DA INFORMA\u00c7\u00c3O<\/td>\n            <td>2.151.234,35<\/td>\n            <td>14,47%<\/td>\n        <\/tr>\n        <tr>\n            <td style=\"padding-left:60px\">GEST\u00c3O\/PLANEJAMENTO ESTRAT\u00c9GICO<\/td>\n            <td>3.119,58<\/td>\n            <td>0,02%<\/td>\n        <\/tr>\n        <tr>\n            <td style=\"padding-left:60px\">AUDITORIA CONT\u00c1BIL<\/td>\n            <td>230.015,71<\/td>\n            <td>1,55%<\/td>\n        <\/tr>\n        <tr>\n            <td style=\"padding-left:60px\">SERVI\u00c7OS E CONSULTORIAS DE INVESTIMENTOS<\/td>\n            <td>83.120,91<\/td>\n            <td>0,56%<\/td>\n        <\/tr>\n        <tr>\n            <td style=\"padding-left:60px\">OUTROS<\/td>\n            <td>620.340,84<\/td>\n            <td>4,17%<\/td>\n        <\/tr>\n\n        <tr>\n            <td style=\"padding-left:30px\"><b>DESPESAS GERAIS<\/b><\/td>\n            <td>1.507.132,95<\/td>\n            <td>10,14%<\/td>\n        <\/tr>\n        <tr>\n            <td style=\"padding-left:60px\">Judiciais<\/td>\n            <td>511.484,22<\/td>\n            <td>3,44%<\/td>\n        <\/tr>\n        <tr>\n            <td style=\"padding-left:60px\">Cart\u00f3rios<\/td>\n            <td>11.367,36<\/td>\n            <td>0,08%<\/td>\n        <\/tr>\n        <tr>\n            <td style=\"padding-left:60px\">Aluguel Predial<\/td>\n            <td>315.832,84<\/td>\n            <td>2,12%<\/td>\n        <\/tr>\n        <tr>\n            <td style=\"padding-left:90px\">Correios<\/td>\n            <td>6.238,40<\/td>\n            <td>0,04%<\/td>\n        <\/tr>\n        <tr>\n            <td style=\"padding-left:60px\">Aluguel de Equipamentos<\/td>\n            <td>12.562,71<\/td>\n            <td>0,08%<\/td>\n        <\/tr>\n        <tr>\n            <td style=\"padding-left:60px\">Outras Despesas Gerais<\/td>\n            <td>44.791,21<\/td>\n            <td>0,30%<\/td>\n        <\/tr>\n\n        <tr>\n            <td style=\"padding-left:30px\"><b>DEPRECIA\u00c7\u00d5ES E AMORTIZA\u00c7\u00d5ES<\/b><\/td>\n            <td>35.740,02<\/td>\n            <td>0,24%<\/td>\n        <\/tr>\n\n        <tr>\n            <td style=\"padding-left:30px\"><b>TRIBUTOS<\/b><\/td>\n            <td>2.113.726,57<\/td>\n            <td>14,22%<\/td>\n        <\/tr>\n        <tr>\n            <td style=\"padding-left:60px\">PIS<\/td>\n            <td>78.696,95<\/td>\n            <td>0,53%<\/td>\n        <\/tr>\n        <tr>\n            <td style=\"padding-left:60px\">COFINS<\/td>\n            <td>484.288,88<\/td>\n            <td>3,26%<\/td>\n        <\/tr>\n        <tr>\n            <td style=\"padding-left:60px\">TAFIC<\/td>\n            <td>1.275.000,00<\/td>\n            <td>8,58%<\/td>\n        <\/tr>\n    <\/tbody>\n<\/table>\t\t\t\t<\/div>\n\t\t\t\t<\/div>\n\t\t\t\t\t<\/div>\n\t\t<\/div>\n\t\t\t\t\t<\/div>\n\t\t<\/section>\n\t\t\t\t<\/div>\n\t\t","protected":false},"excerpt":{"rendered":"<p>Despesas Administrativas Plano V Descri\u00e7\u00e3o Acumulado no Ano (R$) % Sobre o Total DESPESAS 14.865.943,10 100,00% ADMINISTRA\u00c7\u00c3O DOS PLANOS PREVIDENCIAIS 14.865.943,10 100,00% PESSOAL E ENCARGOS 5.485.283,09 36,90% DIRIGENTES 1.013.789,05 6,82% PESSOAL PR\u00d3PRIO 4.459.229,98 30,00% ESTAGI\u00c1RIOS\/JOVENS APRENDIZES 12.264,06 0,08% TREINAMENTOS\/CONGRESSOS E SEMIN\u00c1RIOS 67.323,97 0,45% SERVI\u00c7OS DE TERCEIROS 5.627.658,88 37,86% SERVI\u00c7OS ATUARIAIS 83.342,52 0,56% SERVI\u00c7OS JUR\u00cdDICOS 2.407.367,71 [&hellip;]<\/p>\n","protected":false},"author":1,"featured_media":0,"parent":2911,"menu_order":37,"comment_status":"closed","ping_status":"closed","template":"","meta":{"footnotes":""},"class_list":["post-3475","page","type-page","status-publish","hentry"],"acf":[],"_links":{"self":[{"href":"https:\/\/crtpublicidade.com.br\/raibanesprev\/wp-json\/wp\/v2\/pages\/3475","targetHints":{"allow":["GET"]}}],"collection":[{"href":"https:\/\/crtpublicidade.com.br\/raibanesprev\/wp-json\/wp\/v2\/pages"}],"about":[{"href":"https:\/\/crtpublicidade.com.br\/raibanesprev\/wp-json\/wp\/v2\/types\/page"}],"author":[{"embeddable":true,"href":"https:\/\/crtpublicidade.com.br\/raibanesprev\/wp-json\/wp\/v2\/users\/1"}],"replies":[{"embeddable":true,"href":"https:\/\/crtpublicidade.com.br\/raibanesprev\/wp-json\/wp\/v2\/comments?post=3475"}],"version-history":[{"count":10,"href":"https:\/\/crtpublicidade.com.br\/raibanesprev\/wp-json\/wp\/v2\/pages\/3475\/revisions"}],"predecessor-version":[{"id":4722,"href":"https:\/\/crtpublicidade.com.br\/raibanesprev\/wp-json\/wp\/v2\/pages\/3475\/revisions\/4722"}],"up":[{"embeddable":true,"href":"https:\/\/crtpublicidade.com.br\/raibanesprev\/wp-json\/wp\/v2\/pages\/2911"}],"wp:attachment":[{"href":"https:\/\/crtpublicidade.com.br\/raibanesprev\/wp-json\/wp\/v2\/media?parent=3475"}],"curies":[{"name":"wp","href":"https:\/\/api.w.org\/{rel}","templated":true}]}}