{"id":3461,"date":"2025-03-31T12:49:24","date_gmt":"2025-03-31T15:49:24","guid":{"rendered":"https:\/\/crtpublicidade.com.br\/raibanesprev\/?page_id=3461"},"modified":"2025-04-07T17:28:35","modified_gmt":"2025-04-07T20:28:35","slug":"despesas-administrativas","status":"publish","type":"page","link":"https:\/\/crtpublicidade.com.br\/raibanesprev\/plano-pre-75\/despesas-administrativas\/","title":{"rendered":"Despesas Administrativas"},"content":{"rendered":"\t\t<div data-elementor-type=\"wp-page\" data-elementor-id=\"3461\" class=\"elementor elementor-3461\">\n\t\t\t\t\t\t<section class=\"elementor-section elementor-top-section elementor-element elementor-element-57c4f161 elementor-section-boxed elementor-section-height-default elementor-section-height-default\" data-id=\"57c4f161\" data-element_type=\"section\">\n\t\t\t\t\t\t<div class=\"elementor-container elementor-column-gap-default\">\n\t\t\t\t\t<div class=\"elementor-column elementor-col-50 elementor-top-column elementor-element elementor-element-30d7e290\" data-id=\"30d7e290\" data-element_type=\"column\">\n\t\t\t<div class=\"elementor-widget-wrap elementor-element-populated\">\n\t\t\t\t\t\t<div class=\"elementor-element elementor-element-74ab0a6b elementor-widget elementor-widget-heading\" data-id=\"74ab0a6b\" data-element_type=\"widget\" data-widget_type=\"heading.default\">\n\t\t\t\t<div class=\"elementor-widget-container\">\n\t\t\t\t\t<h2 class=\"elementor-heading-title elementor-size-default\">Despesas Administrativas<\/h2>\t\t\t\t<\/div>\n\t\t\t\t<\/div>\n\t\t\t\t\t<\/div>\n\t\t<\/div>\n\t\t\t\t<div class=\"elementor-column elementor-col-50 elementor-top-column elementor-element elementor-element-41566f51\" data-id=\"41566f51\" data-element_type=\"column\" data-settings=\"{&quot;background_background&quot;:&quot;classic&quot;}\">\n\t\t\t<div class=\"elementor-widget-wrap elementor-element-populated\">\n\t\t\t\t\t<div class=\"elementor-background-overlay\"><\/div>\n\t\t\t\t\t\t<div class=\"elementor-element elementor-element-76c35aa6 elementor-widget elementor-widget-spacer\" data-id=\"76c35aa6\" data-element_type=\"widget\" data-widget_type=\"spacer.default\">\n\t\t\t\t<div class=\"elementor-widget-container\">\n\t\t\t\t\t\t\t<div class=\"elementor-spacer\">\n\t\t\t<div class=\"elementor-spacer-inner\"><\/div>\n\t\t<\/div>\n\t\t\t\t\t\t<\/div>\n\t\t\t\t<\/div>\n\t\t\t\t\t<\/div>\n\t\t<\/div>\n\t\t\t\t\t<\/div>\n\t\t<\/section>\n\t\t\t\t<section class=\"elementor-section elementor-top-section elementor-element elementor-element-45b9dabe table_banesprev_pai elementor-section-boxed elementor-section-height-default elementor-section-height-default\" data-id=\"45b9dabe\" data-element_type=\"section\">\n\t\t\t\t\t\t<div class=\"elementor-container elementor-column-gap-default\">\n\t\t\t\t\t<div class=\"elementor-column elementor-col-100 elementor-top-column elementor-element elementor-element-7faabb85\" data-id=\"7faabb85\" data-element_type=\"column\">\n\t\t\t<div class=\"elementor-widget-wrap elementor-element-populated\">\n\t\t\t\t\t\t<div class=\"elementor-element elementor-element-2c07ea3b elementor-widget elementor-widget-heading\" data-id=\"2c07ea3b\" data-element_type=\"widget\" data-widget_type=\"heading.default\">\n\t\t\t\t<div class=\"elementor-widget-container\">\n\t\t\t\t\t<h2 class=\"elementor-heading-title elementor-size-default\">Plano Pr\u00e9 75<\/h2>\t\t\t\t<\/div>\n\t\t\t\t<\/div>\n\t\t\t\t<div class=\"elementor-element elementor-element-481d76a6 elementor-widget elementor-widget-html\" data-id=\"481d76a6\" data-element_type=\"widget\" data-widget_type=\"html.default\">\n\t\t\t\t<div class=\"elementor-widget-container\">\n\t\t\t\t\t<table class=\"table table_banesprev_maxima\">\n    <thead>\n        <tr>\n            <th>Descri\u00e7\u00e3o<\/th>\n            <th>Acumulado no Ano (R$)<\/th>\n            <th>% Sobre o Total<\/th>\n        <\/tr>\n    <\/thead>\n    <tbody>\n        <tr>\n            <td><b>DESPESAS<\/b><\/td>\n            <td><b>1.693.429,80<\/b><\/td>\n            <td><b>100,00%<\/b><\/td>\n        <\/tr>\n        <tr>\n            <td><b>ADMINISTRA\u00c7\u00c3O DOS PLANOS PREVIDENCIAIS<\/b><\/td>\n            <td><b>1.693.429,80<\/b><\/td>\n            <td><b>100,00%<\/b><\/td>\n        <\/tr>\n\n        <tr>\n            <td style=\"padding-left:30px\"><b>PESSOAL E ENCARGOS<\/b><\/td>\n            <td>341.051,78<\/td>\n            <td>20,14%<\/td>\n        <\/tr>\n        <tr>\n            <td style=\"padding-left:60px\">DIRIGENTES<\/td>\n            <td>63.733,60<\/td>\n            <td>3,76%<\/td>\n        <\/tr>\n        <tr>\n            <td style=\"padding-left:60px\">PESSOAL PR\u00d3PRIO<\/td>\n            <td>276.531,88<\/td>\n            <td>16,33%<\/td>\n        <\/tr>\n        <tr>\n            <td style=\"padding-left:60px\">ESTAGI\u00c1RIOS\/JOVENS APRENDIZES<\/td>\n            <td>786,30<\/td>\n            <td>0,05%<\/td>\n        <\/tr>\n\n        <tr>\n            <td style=\"padding-left:30px\"><b>TREINAMENTOS\/CONGRESSOS E SEMIN\u00c1RIOS<\/b><\/td>\n            <td>4.230,92<\/td>\n            <td>0,25%<\/td>\n        <\/tr>\n\n        <tr>\n            <td style=\"padding-left:30px\"><b>SERVI\u00c7OS DE TERCEIROS<\/b><\/td>\n            <td>922.519,06<\/td>\n            <td>54,48%<\/td>\n        <\/tr>\n        <tr>\n            <td style=\"padding-left:60px\">SERVI\u00c7OS ATUARIAIS<\/td>\n            <td>123.739,64<\/td>\n            <td>7,31%<\/td>\n        <\/tr>\n        <tr>\n            <td style=\"padding-left:60px\">SERVI\u00c7OS JUR\u00cdDICOS<\/td>\n            <td>526.286,15<\/td>\n            <td>31,08%<\/td>\n        <\/tr>\n        <tr>\n            <td style=\"padding-left:60px\">TECNOLOGIA DA INFORMA\u00c7\u00c3O<\/td>\n            <td>208.386,79<\/td>\n            <td>12,31%<\/td>\n        <\/tr>\n        <tr>\n            <td style=\"padding-left:60px\">GEST\u00c3O\/PLANEJAMENTO ESTRAT\u00c9GICO<\/td>\n            <td>194,35<\/td>\n            <td>0,01%<\/td>\n        <\/tr>\n        <tr>\n            <td style=\"padding-left:60px\">AUDITORIA CONT\u00c1BIL<\/td>\n            <td>14.454,16<\/td>\n            <td>0,85%<\/td>\n        <\/tr>\n        <tr>\n            <td style=\"padding-left:60px\">SERVI\u00c7OS E CONSULTORIAS DE INVESTIMENTOS<\/td>\n            <td>4.694,25<\/td>\n            <td>0,28%<\/td>\n        <\/tr>\n        <tr>\n            <td style=\"padding-left:60px\">OUTROS<\/td>\n            <td>41.678,99<\/td>\n            <td>2,46%<\/td>\n        <\/tr>\n\n        <tr>\n            <td style=\"padding-left:30px\"><b>DESPESAS GERAIS<\/b><\/td>\n            <td>78.429,11<\/td>\n            <td>4,63%<\/td>\n        <\/tr>\n        <tr>\n            <td style=\"padding-left:60px\">Judiciais<\/td>\n            <td>16.522,15<\/td>\n            <td>0,98%<\/td>\n        <\/tr>\n        <tr>\n            <td style=\"padding-left:60px\">Cart\u00f3rios<\/td>\n            <td>714,25<\/td>\n            <td>0,04%<\/td>\n        <\/tr>\n        <tr>\n            <td style=\"padding-left:60px\">Aluguel Predial<\/td>\n            <td>19.491,63<\/td>\n            <td>1,15%<\/td>\n        <\/tr>\n        <tr>\n            <td style=\"padding-left:90px\">Correios<\/td>\n            <td>314,90<\/td>\n            <td>0,02%<\/td>\n        <\/tr>\n        <tr>\n            <td style=\"padding-left:60px\">Aluguel de Equipamentos<\/td>\n            <td>779,89<\/td>\n            <td>0,05%<\/td>\n        <\/tr>\n        <tr>\n            <td style=\"padding-left:60px\">Outras Despesas Gerais<\/td>\n            <td>2.808,50<\/td>\n            <td>0,17%<\/td>\n        <\/tr>\n\n        <tr>\n            <td style=\"padding-left:30px\"><b>DEPRECIA\u00c7\u00d5ES E AMORTIZA\u00c7\u00d5ES<\/b><\/td>\n            <td>2.216,05<\/td>\n            <td>0,13%<\/td>\n        <\/tr>\n\n        <tr>\n            <td style=\"padding-left:30px\"><b>TRIBUTOS<\/b><\/td>\n            <td>343.268,10<\/td>\n            <td>20,27%<\/td>\n        <\/tr>\n        <tr>\n            <td style=\"padding-left:60px\">PIS<\/td>\n            <td>9.987,71<\/td>\n            <td>0,59%<\/td>\n        <\/tr>\n        <tr>\n            <td style=\"padding-left:60px\">COFINS<\/td>\n            <td>61.462,77<\/td>\n            <td>3,63%<\/td>\n        <\/tr>\n        <tr>\n            <td style=\"padding-left:60px\">TAFIC<\/td>\n            <td>240.000,00<\/td>\n            <td>14,17%<\/td>\n        <\/tr>\n    <\/tbody>\n<\/table>\t\t\t\t<\/div>\n\t\t\t\t<\/div>\n\t\t\t\t\t<\/div>\n\t\t<\/div>\n\t\t\t\t\t<\/div>\n\t\t<\/section>\n\t\t\t\t<\/div>\n\t\t","protected":false},"excerpt":{"rendered":"<p>Despesas Administrativas Plano Pr\u00e9 75 Descri\u00e7\u00e3o Acumulado no Ano (R$) % Sobre o Total DESPESAS 1.693.429,80 100,00% ADMINISTRA\u00c7\u00c3O DOS PLANOS PREVIDENCIAIS 1.693.429,80 100,00% PESSOAL E ENCARGOS 341.051,78 20,14% DIRIGENTES 63.733,60 3,76% PESSOAL PR\u00d3PRIO 276.531,88 16,33% ESTAGI\u00c1RIOS\/JOVENS APRENDIZES 786,30 0,05% TREINAMENTOS\/CONGRESSOS E SEMIN\u00c1RIOS 4.230,92 0,25% SERVI\u00c7OS DE TERCEIROS 922.519,06 54,48% SERVI\u00c7OS ATUARIAIS 123.739,64 7,31% SERVI\u00c7OS JUR\u00cdDICOS [&hellip;]<\/p>\n","protected":false},"author":1,"featured_media":0,"parent":2919,"menu_order":33,"comment_status":"closed","ping_status":"closed","template":"","meta":{"footnotes":""},"class_list":["post-3461","page","type-page","status-publish","hentry"],"acf":[],"_links":{"self":[{"href":"https:\/\/crtpublicidade.com.br\/raibanesprev\/wp-json\/wp\/v2\/pages\/3461","targetHints":{"allow":["GET"]}}],"collection":[{"href":"https:\/\/crtpublicidade.com.br\/raibanesprev\/wp-json\/wp\/v2\/pages"}],"about":[{"href":"https:\/\/crtpublicidade.com.br\/raibanesprev\/wp-json\/wp\/v2\/types\/page"}],"author":[{"embeddable":true,"href":"https:\/\/crtpublicidade.com.br\/raibanesprev\/wp-json\/wp\/v2\/users\/1"}],"replies":[{"embeddable":true,"href":"https:\/\/crtpublicidade.com.br\/raibanesprev\/wp-json\/wp\/v2\/comments?post=3461"}],"version-history":[{"count":10,"href":"https:\/\/crtpublicidade.com.br\/raibanesprev\/wp-json\/wp\/v2\/pages\/3461\/revisions"}],"predecessor-version":[{"id":4725,"href":"https:\/\/crtpublicidade.com.br\/raibanesprev\/wp-json\/wp\/v2\/pages\/3461\/revisions\/4725"}],"up":[{"embeddable":true,"href":"https:\/\/crtpublicidade.com.br\/raibanesprev\/wp-json\/wp\/v2\/pages\/2919"}],"wp:attachment":[{"href":"https:\/\/crtpublicidade.com.br\/raibanesprev\/wp-json\/wp\/v2\/media?parent=3461"}],"curies":[{"name":"wp","href":"https:\/\/api.w.org\/{rel}","templated":true}]}}