{"id":3436,"date":"2025-03-31T12:37:54","date_gmt":"2025-03-31T15:37:54","guid":{"rendered":"https:\/\/crtpublicidade.com.br\/raibanesprev\/?page_id=3436"},"modified":"2025-04-07T17:28:46","modified_gmt":"2025-04-07T20:28:46","slug":"despesas-administrativas","status":"publish","type":"page","link":"https:\/\/crtpublicidade.com.br\/raibanesprev\/plano-dab\/despesas-administrativas\/","title":{"rendered":"Despesas Administrativas"},"content":{"rendered":"\t\t<div data-elementor-type=\"wp-page\" data-elementor-id=\"3436\" class=\"elementor elementor-3436\">\n\t\t\t\t\t\t<section class=\"elementor-section elementor-top-section elementor-element elementor-element-57c4f161 elementor-section-boxed elementor-section-height-default elementor-section-height-default\" data-id=\"57c4f161\" data-element_type=\"section\">\n\t\t\t\t\t\t<div class=\"elementor-container elementor-column-gap-default\">\n\t\t\t\t\t<div class=\"elementor-column elementor-col-50 elementor-top-column elementor-element elementor-element-30d7e290\" data-id=\"30d7e290\" data-element_type=\"column\">\n\t\t\t<div class=\"elementor-widget-wrap elementor-element-populated\">\n\t\t\t\t\t\t<div class=\"elementor-element elementor-element-74ab0a6b elementor-widget elementor-widget-heading\" data-id=\"74ab0a6b\" data-element_type=\"widget\" data-widget_type=\"heading.default\">\n\t\t\t\t<div class=\"elementor-widget-container\">\n\t\t\t\t\t<h2 class=\"elementor-heading-title elementor-size-default\">Despesas Administrativas<\/h2>\t\t\t\t<\/div>\n\t\t\t\t<\/div>\n\t\t\t\t\t<\/div>\n\t\t<\/div>\n\t\t\t\t<div class=\"elementor-column elementor-col-50 elementor-top-column elementor-element elementor-element-41566f51\" data-id=\"41566f51\" data-element_type=\"column\" data-settings=\"{&quot;background_background&quot;:&quot;classic&quot;}\">\n\t\t\t<div class=\"elementor-widget-wrap elementor-element-populated\">\n\t\t\t\t\t<div class=\"elementor-background-overlay\"><\/div>\n\t\t\t\t\t\t<div class=\"elementor-element elementor-element-76c35aa6 elementor-widget elementor-widget-spacer\" data-id=\"76c35aa6\" data-element_type=\"widget\" data-widget_type=\"spacer.default\">\n\t\t\t\t<div class=\"elementor-widget-container\">\n\t\t\t\t\t\t\t<div class=\"elementor-spacer\">\n\t\t\t<div class=\"elementor-spacer-inner\"><\/div>\n\t\t<\/div>\n\t\t\t\t\t\t<\/div>\n\t\t\t\t<\/div>\n\t\t\t\t\t<\/div>\n\t\t<\/div>\n\t\t\t\t\t<\/div>\n\t\t<\/section>\n\t\t\t\t<section class=\"elementor-section elementor-top-section elementor-element elementor-element-45b9dabe table_banesprev_pai elementor-section-boxed elementor-section-height-default elementor-section-height-default\" data-id=\"45b9dabe\" data-element_type=\"section\">\n\t\t\t\t\t\t<div class=\"elementor-container elementor-column-gap-default\">\n\t\t\t\t\t<div class=\"elementor-column elementor-col-100 elementor-top-column elementor-element elementor-element-7faabb85\" data-id=\"7faabb85\" data-element_type=\"column\">\n\t\t\t<div class=\"elementor-widget-wrap elementor-element-populated\">\n\t\t\t\t\t\t<div class=\"elementor-element elementor-element-2c07ea3b elementor-widget elementor-widget-heading\" data-id=\"2c07ea3b\" data-element_type=\"widget\" data-widget_type=\"heading.default\">\n\t\t\t\t<div class=\"elementor-widget-container\">\n\t\t\t\t\t<h2 class=\"elementor-heading-title elementor-size-default\">Plano DAB<\/h2>\t\t\t\t<\/div>\n\t\t\t\t<\/div>\n\t\t\t\t<div class=\"elementor-element elementor-element-481d76a6 elementor-widget elementor-widget-html\" data-id=\"481d76a6\" data-element_type=\"widget\" data-widget_type=\"html.default\">\n\t\t\t\t<div class=\"elementor-widget-container\">\n\t\t\t\t\t<table class=\"table table_banesprev_maxima\">\n    <thead>\n        <tr>\n            <th>Descri\u00e7\u00e3o<\/th>\n            <th>Acumulado no Ano (R$)<\/th>\n            <th>% Sobre o Total<\/th>\n        <\/tr>\n    <\/thead>\n    <tbody>\n        <tr>\n            <td><b>DESPESAS<\/b><\/td>\n            <td><b>192.548,94<\/b><\/td>\n            <td><b>100,00%<\/b><\/td>\n        <\/tr>\n        <tr>\n            <td><b>ADMINISTRA\u00c7\u00c3O DOS PLANOS PREVIDENCIAIS<\/b><\/td>\n            <td><b>192.548,94<\/b><\/td>\n            <td><b>100,00%<\/b><\/td>\n        <\/tr>\n\n        <tr>\n            <td style=\"padding-left:50px\"><b>PESSOAL E ENCARGOS<\/b><\/td>\n            <td>38.504,72<\/td>\n            <td>20,00%<\/td>\n        <\/tr>\n        <tr>\n            <td style=\"padding-left:90px\">DIRIGENTES<\/td>\n            <td>7.848,02<\/td>\n            <td>4,08%<\/td>\n        <\/tr>\n        <tr>\n            <td style=\"padding-left:90px\">PESSOAL PR\u00d3PRIO<\/td>\n            <td>30.544,64<\/td>\n            <td>15,86%<\/td>\n        <\/tr>\n        <tr>\n            <td style=\"padding-left:90px\">ESTAGI\u00c1RIOS\/JOVENS APRENDIZES<\/td>\n            <td>112,06<\/td>\n            <td>0,06%<\/td>\n        <\/tr>\n\n        <tr>\n            <td style=\"padding-left:50px\"><b>TREINAMENTOS\/CONGRESSOS E SEMIN\u00c1RIOS<\/b><\/td>\n            <td>479,59<\/td>\n            <td>0,25%<\/td>\n        <\/tr>\n\n        <tr>\n            <td style=\"padding-left:50px\"><b>SERVI\u00c7OS DE TERCEIROS<\/b><\/td>\n            <td>118.159,55<\/td>\n            <td>61,37%<\/td>\n        <\/tr>\n        <tr>\n            <td style=\"padding-left:90px\">SERVI\u00c7OS ATUARIAIS<\/td>\n            <td>63.178,88<\/td>\n            <td>32,81%<\/td>\n        <\/tr>\n        <tr>\n            <td style=\"padding-left:90px\">SERVI\u00c7OS JUR\u00cdDICOS<\/td>\n            <td>34.023,00<\/td>\n            <td>17,67%<\/td>\n        <\/tr>\n        <tr>\n            <td style=\"padding-left:90px\">TECNOLOGIA DA INFORMA\u00c7\u00c3O<\/td>\n            <td>13.880,91<\/td>\n            <td>7,21%<\/td>\n        <\/tr>\n        <tr>\n            <td style=\"padding-left:90px\">GEST\u00c3O\/PLANEJAMENTO ESTRAT\u00c9GICO<\/td>\n            <td>21,77<\/td>\n            <td>0,01%<\/td>\n        <\/tr>\n        <tr>\n            <td style=\"padding-left:90px\">AUDITORIA CONT\u00c1BIL<\/td>\n            <td>1.590,70<\/td>\n            <td>0,83%<\/td>\n        <\/tr>\n        <tr>\n            <td style=\"padding-left:90px\">SERVI\u00c7OS E CONSULTORIAS DE INVESTIMENTOS<\/td>\n            <td>0,00<\/td>\n            <td>0,00%<\/td>\n        <\/tr>\n        <tr>\n            <td style=\"padding-left:90px\">OUTROS<\/td>\n            <td>5.124,42<\/td>\n            <td>2,66%<\/td>\n        <\/tr>\n\n        <tr>\n            <td style=\"padding-left:50px\"><b>DESPESAS GERAIS<\/b><\/td>\n            <td>18.050,15<\/td>\n            <td>9,37%<\/td>\n        <\/tr>\n        <tr>\n            <td style=\"padding-left:90px\">Judiciais<\/td>\n            <td>6.276,81<\/td>\n            <td>3,26%<\/td>\n        <\/tr>\n        <tr>\n            <td style=\"padding-left:90px\">Cart\u00f3rios<\/td>\n            <td>4.577,74<\/td>\n            <td>2,38%<\/td>\n        <\/tr>\n        <tr>\n            <td style=\"padding-left:90px\">Aluguel Predial<\/td>\n            <td>2.224,24<\/td>\n            <td>1,16%<\/td>\n        <\/tr>\n        <tr>\n            <td style=\"padding-left:90px\">Correios<\/td>\n            <td>62,98<\/td>\n            <td>0,03%<\/td>\n        <\/tr>\n        <tr>\n            <td style=\"padding-left:90px\">Aluguel de Equipamentos<\/td>\n            <td>87,94<\/td>\n            <td>0,05%<\/td>\n        <\/tr>\n        <tr>\n            <td style=\"padding-left:90px\">Outras Despesas Gerais<\/td>\n            <td>312,88<\/td>\n            <td>0,16%<\/td>\n        <\/tr>\n\n        <tr>\n            <td style=\"padding-left:50px\"><b>DEPRECIA\u00c7\u00d5ES E AMORTIZA\u00c7\u00d5ES<\/b><\/td>\n            <td>250,17<\/td>\n            <td>0,13%<\/td>\n        <\/tr>\n\n        <tr>\n            <td style=\"padding-left:50px\"><b>TRIBUTOS<\/b><\/td>\n            <td>17.017,47<\/td>\n            <td>8,84%<\/td>\n        <\/tr>\n        <tr>\n            <td style=\"padding-left:90px\">PIS<\/td>\n            <td>1.132,79<\/td>\n            <td>0,59%<\/td>\n        <\/tr>\n        <tr>\n            <td style=\"padding-left:90px\">COFINS<\/td>\n            <td>6.970,96<\/td>\n            <td>3,62%<\/td>\n        <\/tr>\n        <tr>\n            <td style=\"padding-left:90px\">TAFIC<\/td>\n            <td>4.875,00<\/td>\n            <td>2,53%<\/td>\n        <\/tr>\n    <\/tbody>\n<\/table>\t\t\t\t<\/div>\n\t\t\t\t<\/div>\n\t\t\t\t\t<\/div>\n\t\t<\/div>\n\t\t\t\t\t<\/div>\n\t\t<\/section>\n\t\t\t\t<\/div>\n\t\t","protected":false},"excerpt":{"rendered":"<p>Despesas Administrativas Plano DAB Descri\u00e7\u00e3o Acumulado no Ano (R$) % Sobre o Total DESPESAS 192.548,94 100,00% ADMINISTRA\u00c7\u00c3O DOS PLANOS PREVIDENCIAIS 192.548,94 100,00% PESSOAL E ENCARGOS 38.504,72 20,00% DIRIGENTES 7.848,02 4,08% PESSOAL PR\u00d3PRIO 30.544,64 15,86% ESTAGI\u00c1RIOS\/JOVENS APRENDIZES 112,06 0,06% TREINAMENTOS\/CONGRESSOS E SEMIN\u00c1RIOS 479,59 0,25% SERVI\u00c7OS DE TERCEIROS 118.159,55 61,37% SERVI\u00c7OS ATUARIAIS 63.178,88 32,81% SERVI\u00c7OS JUR\u00cdDICOS 34.023,00 [&hellip;]<\/p>\n","protected":false},"author":1,"featured_media":0,"parent":2939,"menu_order":25,"comment_status":"closed","ping_status":"closed","template":"","meta":{"footnotes":""},"class_list":["post-3436","page","type-page","status-publish","hentry"],"acf":[],"_links":{"self":[{"href":"https:\/\/crtpublicidade.com.br\/raibanesprev\/wp-json\/wp\/v2\/pages\/3436","targetHints":{"allow":["GET"]}}],"collection":[{"href":"https:\/\/crtpublicidade.com.br\/raibanesprev\/wp-json\/wp\/v2\/pages"}],"about":[{"href":"https:\/\/crtpublicidade.com.br\/raibanesprev\/wp-json\/wp\/v2\/types\/page"}],"author":[{"embeddable":true,"href":"https:\/\/crtpublicidade.com.br\/raibanesprev\/wp-json\/wp\/v2\/users\/1"}],"replies":[{"embeddable":true,"href":"https:\/\/crtpublicidade.com.br\/raibanesprev\/wp-json\/wp\/v2\/comments?post=3436"}],"version-history":[{"count":10,"href":"https:\/\/crtpublicidade.com.br\/raibanesprev\/wp-json\/wp\/v2\/pages\/3436\/revisions"}],"predecessor-version":[{"id":4731,"href":"https:\/\/crtpublicidade.com.br\/raibanesprev\/wp-json\/wp\/v2\/pages\/3436\/revisions\/4731"}],"up":[{"embeddable":true,"href":"https:\/\/crtpublicidade.com.br\/raibanesprev\/wp-json\/wp\/v2\/pages\/2939"}],"wp:attachment":[{"href":"https:\/\/crtpublicidade.com.br\/raibanesprev\/wp-json\/wp\/v2\/media?parent=3436"}],"curies":[{"name":"wp","href":"https:\/\/api.w.org\/{rel}","templated":true}]}}