{"id":3406,"date":"2025-03-31T12:04:04","date_gmt":"2025-03-31T15:04:04","guid":{"rendered":"https:\/\/crtpublicidade.com.br\/raibanesprev\/?page_id=3406"},"modified":"2025-04-07T17:28:55","modified_gmt":"2025-04-07T20:28:55","slug":"despesas-administrativas","status":"publish","type":"page","link":"https:\/\/crtpublicidade.com.br\/raibanesprev\/plano-sanprev-i\/despesas-administrativas\/","title":{"rendered":"Despesas Administrativas"},"content":{"rendered":"\t\t<div data-elementor-type=\"wp-page\" data-elementor-id=\"3406\" class=\"elementor elementor-3406\">\n\t\t\t\t\t\t<section class=\"elementor-section elementor-top-section elementor-element elementor-element-57c4f161 elementor-section-boxed elementor-section-height-default elementor-section-height-default\" data-id=\"57c4f161\" data-element_type=\"section\">\n\t\t\t\t\t\t<div class=\"elementor-container elementor-column-gap-default\">\n\t\t\t\t\t<div class=\"elementor-column elementor-col-50 elementor-top-column elementor-element elementor-element-30d7e290\" data-id=\"30d7e290\" data-element_type=\"column\">\n\t\t\t<div class=\"elementor-widget-wrap elementor-element-populated\">\n\t\t\t\t\t\t<div class=\"elementor-element elementor-element-74ab0a6b elementor-widget elementor-widget-heading\" data-id=\"74ab0a6b\" data-element_type=\"widget\" data-widget_type=\"heading.default\">\n\t\t\t\t<div class=\"elementor-widget-container\">\n\t\t\t\t\t<h2 class=\"elementor-heading-title elementor-size-default\">Despesas Administrativas<\/h2>\t\t\t\t<\/div>\n\t\t\t\t<\/div>\n\t\t\t\t\t<\/div>\n\t\t<\/div>\n\t\t\t\t<div class=\"elementor-column elementor-col-50 elementor-top-column elementor-element elementor-element-41566f51\" data-id=\"41566f51\" data-element_type=\"column\" data-settings=\"{&quot;background_background&quot;:&quot;classic&quot;}\">\n\t\t\t<div class=\"elementor-widget-wrap elementor-element-populated\">\n\t\t\t\t\t<div class=\"elementor-background-overlay\"><\/div>\n\t\t\t\t\t\t<div class=\"elementor-element elementor-element-76c35aa6 elementor-widget elementor-widget-spacer\" data-id=\"76c35aa6\" data-element_type=\"widget\" data-widget_type=\"spacer.default\">\n\t\t\t\t<div class=\"elementor-widget-container\">\n\t\t\t\t\t\t\t<div class=\"elementor-spacer\">\n\t\t\t<div class=\"elementor-spacer-inner\"><\/div>\n\t\t<\/div>\n\t\t\t\t\t\t<\/div>\n\t\t\t\t<\/div>\n\t\t\t\t\t<\/div>\n\t\t<\/div>\n\t\t\t\t\t<\/div>\n\t\t<\/section>\n\t\t\t\t<section class=\"elementor-section elementor-top-section elementor-element elementor-element-45b9dabe table_banesprev_pai elementor-section-boxed elementor-section-height-default elementor-section-height-default\" data-id=\"45b9dabe\" data-element_type=\"section\">\n\t\t\t\t\t\t<div class=\"elementor-container elementor-column-gap-default\">\n\t\t\t\t\t<div class=\"elementor-column elementor-col-100 elementor-top-column elementor-element elementor-element-7faabb85\" data-id=\"7faabb85\" data-element_type=\"column\">\n\t\t\t<div class=\"elementor-widget-wrap elementor-element-populated\">\n\t\t\t\t\t\t<div class=\"elementor-element elementor-element-2c07ea3b elementor-widget elementor-widget-heading\" data-id=\"2c07ea3b\" data-element_type=\"widget\" data-widget_type=\"heading.default\">\n\t\t\t\t<div class=\"elementor-widget-container\">\n\t\t\t\t\t<h2 class=\"elementor-heading-title elementor-size-default\">Plano Sanprev I<\/h2>\t\t\t\t<\/div>\n\t\t\t\t<\/div>\n\t\t\t\t<div class=\"elementor-element elementor-element-481d76a6 elementor-widget elementor-widget-html\" data-id=\"481d76a6\" data-element_type=\"widget\" data-widget_type=\"html.default\">\n\t\t\t\t<div class=\"elementor-widget-container\">\n\t\t\t\t\t<table class=\"table table_banesprev_maxima\">\n    <thead>\n        <tr>\n            <th>Descri\u00e7\u00e3o<\/th>\n            <th>Acumulado no Ano (R$)<\/th>\n            <th>% Sobre o Total<\/th>\n        <\/tr>\n    <\/thead>\n    <tbody>\n        <tr>\n            <td><b>DESPESAS<\/b><\/td>\n            <td><b>85.831,57<\/b><\/td>\n            <td><b>100,00%<\/b><\/td>\n        <\/tr>\n        <tr>\n            <td><b>ADMINISTRA\u00c7\u00c3O DOS PLANOS PREVIDENCIAIS<\/b><\/td>\n            <td><b>85.831,57<\/b><\/td>\n            <td><b>100,00%<\/b><\/td>\n        <\/tr>\n\n        <tr>\n            <td style=\"padding-left:50px\"><b>PESSOAL E ENCARGOS<\/b><\/td>\n            <td>4.187,77<\/td>\n            <td>4,88%<\/td>\n        <\/tr>\n        <tr>\n            <td style=\"padding-left:90px\">DIRIGENTES<\/td>\n            <td>852,30<\/td>\n            <td>0,99%<\/td>\n        <\/tr>\n        <tr>\n            <td style=\"padding-left:90px\">PESSOAL PR\u00d3PRIO<\/td>\n            <td>3.323,19<\/td>\n            <td>3,87%<\/td>\n        <\/tr>\n        <tr>\n            <td style=\"padding-left:90px\">ESTAGI\u00c1RIOS\/JOVENS APRENDIZES<\/td>\n            <td>12,28<\/td>\n            <td>0,01%<\/td>\n        <\/tr>\n\n        <tr>\n            <td style=\"padding-left:50px\"><b>TREINAMENTOS\/CONGRESSOS E SEMIN\u00c1RIOS<\/b><\/td>\n            <td>53,08<\/td>\n            <td>0,06%<\/td>\n        <\/tr>\n\n        <tr>\n            <td style=\"padding-left:50px\"><b>SERVI\u00c7OS DE TERCEIROS<\/b><\/td>\n            <td>77.453,52<\/td>\n            <td>90,24%<\/td>\n        <\/tr>\n        <tr>\n            <td style=\"padding-left:90px\">SERVI\u00c7OS ATUARIAIS<\/td>\n            <td>66.584,16<\/td>\n            <td>77,58%<\/td>\n        <\/tr>\n        <tr>\n            <td style=\"padding-left:90px\">SERVI\u00c7OS JUR\u00cdDICOS<\/td>\n            <td>1.759,14<\/td>\n            <td>2,05%<\/td>\n        <\/tr>\n        <tr>\n            <td style=\"padding-left:90px\">TECNOLOGIA DA INFORMA\u00c7\u00c3O<\/td>\n            <td>8.341,69<\/td>\n            <td>9,72%<\/td>\n        <\/tr>\n        <tr>\n            <td style=\"padding-left:90px\">GEST\u00c3O\/PLANEJAMENTO ESTRAT\u00c9GICO<\/td>\n            <td>2,38<\/td>\n            <td>0,00%<\/td>\n        <\/tr>\n        <tr>\n            <td style=\"padding-left:90px\">AUDITORIA CONT\u00c1BIL<\/td>\n            <td>176,75<\/td>\n            <td>0,21%<\/td>\n        <\/tr>\n        <tr>\n            <td style=\"padding-left:90px\">SERVI\u00c7OS E CONSULTORIAS DE INVESTIMENTOS<\/td>\n            <td>0,00<\/td>\n            <td>0,00%<\/td>\n        <\/tr>\n        <tr>\n            <td style=\"padding-left:90px\">OUTROS<\/td>\n            <td>551,67<\/td>\n            <td>0,64%<\/td>\n        <\/tr>\n\n        <tr>\n            <td style=\"padding-left:50px\"><b>DESPESAS GERAIS<\/b><\/td>\n            <td>1.561,53<\/td>\n            <td>1,82%<\/td>\n        <\/tr>\n        <tr>\n            <td style=\"padding-left:90px\">Judiciais<\/td>\n            <td>302,55<\/td>\n            <td>0,35%<\/td>\n        <\/tr>\n        <tr>\n            <td style=\"padding-left:90px\">Cart\u00f3rios<\/td>\n            <td>8,75<\/td>\n            <td>0,01%<\/td>\n        <\/tr>\n        <tr>\n            <td style=\"padding-left:90px\">Aluguel Predial<\/td>\n            <td>239,32<\/td>\n            <td>0,28%<\/td>\n        <\/tr>\n        <tr>\n            <td style=\"padding-left:90px\">Correios<\/td>\n            <td>11,20<\/td>\n            <td>0,01%<\/td>\n        <\/tr>\n        <tr>\n            <td style=\"padding-left:90px\">Aluguel de Equipamentos<\/td>\n            <td>9,57<\/td>\n            <td>0,01%<\/td>\n        <\/tr>\n        <tr>\n            <td style=\"padding-left:90px\">Outras Despesas Gerais<\/td>\n            <td>500,09<\/td>\n            <td>0,58%<\/td>\n        <\/tr>\n\n        <tr>\n            <td style=\"padding-left:50px\"><b>DEPRECIA\u00c7\u00d5ES E AMORTIZA\u00c7\u00d5ES<\/b><\/td>\n            <td>27,19<\/td>\n            <td>0,03%<\/td>\n        <\/tr>\n\n        <tr>\n            <td style=\"padding-left:50px\"><b>TRIBUTOS<\/b><\/td>\n            <td>2.539,21<\/td>\n            <td>2,96%<\/td>\n        <\/tr>\n        <tr>\n            <td style=\"padding-left:90px\">PIS<\/td>\n            <td>62,81<\/td>\n            <td>0,07%<\/td>\n        <\/tr>\n        <tr>\n            <td style=\"padding-left:90px\">COFINS<\/td>\n            <td>386,57<\/td>\n            <td>0,45%<\/td>\n        <\/tr>\n        <tr>\n            <td style=\"padding-left:90px\">TAFIC<\/td>\n            <td>1.875,00<\/td>\n            <td>2,18%<\/td>\n        <\/tr>\n    <\/tbody>\n<\/table>\t\t\t\t<\/div>\n\t\t\t\t<\/div>\n\t\t\t\t\t<\/div>\n\t\t<\/div>\n\t\t\t\t\t<\/div>\n\t\t<\/section>\n\t\t\t\t<\/div>\n\t\t","protected":false},"excerpt":{"rendered":"<p>Despesas Administrativas Plano Sanprev I Descri\u00e7\u00e3o Acumulado no Ano (R$) % Sobre o Total DESPESAS 85.831,57 100,00% ADMINISTRA\u00c7\u00c3O DOS PLANOS PREVIDENCIAIS 85.831,57 100,00% PESSOAL E ENCARGOS 4.187,77 4,88% DIRIGENTES 852,30 0,99% PESSOAL PR\u00d3PRIO 3.323,19 3,87% ESTAGI\u00c1RIOS\/JOVENS APRENDIZES 12,28 0,01% TREINAMENTOS\/CONGRESSOS E SEMIN\u00c1RIOS 53,08 0,06% SERVI\u00c7OS DE TERCEIROS 77.453,52 90,24% SERVI\u00c7OS ATUARIAIS 66.584,16 77,58% SERVI\u00c7OS JUR\u00cdDICOS [&hellip;]<\/p>\n","protected":false},"author":1,"featured_media":0,"parent":2955,"menu_order":17,"comment_status":"closed","ping_status":"closed","template":"","meta":{"footnotes":""},"class_list":["post-3406","page","type-page","status-publish","hentry"],"acf":[],"_links":{"self":[{"href":"https:\/\/crtpublicidade.com.br\/raibanesprev\/wp-json\/wp\/v2\/pages\/3406","targetHints":{"allow":["GET"]}}],"collection":[{"href":"https:\/\/crtpublicidade.com.br\/raibanesprev\/wp-json\/wp\/v2\/pages"}],"about":[{"href":"https:\/\/crtpublicidade.com.br\/raibanesprev\/wp-json\/wp\/v2\/types\/page"}],"author":[{"embeddable":true,"href":"https:\/\/crtpublicidade.com.br\/raibanesprev\/wp-json\/wp\/v2\/users\/1"}],"replies":[{"embeddable":true,"href":"https:\/\/crtpublicidade.com.br\/raibanesprev\/wp-json\/wp\/v2\/comments?post=3406"}],"version-history":[{"count":7,"href":"https:\/\/crtpublicidade.com.br\/raibanesprev\/wp-json\/wp\/v2\/pages\/3406\/revisions"}],"predecessor-version":[{"id":4737,"href":"https:\/\/crtpublicidade.com.br\/raibanesprev\/wp-json\/wp\/v2\/pages\/3406\/revisions\/4737"}],"up":[{"embeddable":true,"href":"https:\/\/crtpublicidade.com.br\/raibanesprev\/wp-json\/wp\/v2\/pages\/2955"}],"wp:attachment":[{"href":"https:\/\/crtpublicidade.com.br\/raibanesprev\/wp-json\/wp\/v2\/media?parent=3406"}],"curies":[{"name":"wp","href":"https:\/\/api.w.org\/{rel}","templated":true}]}}