{"id":2832,"date":"2025-03-28T16:06:31","date_gmt":"2025-03-28T19:06:31","guid":{"rendered":"https:\/\/crtpublicidade.com.br\/raibanesprev\/?page_id=2832"},"modified":"2025-04-07T17:10:09","modified_gmt":"2025-04-07T20:10:09","slug":"despesas-administrativas","status":"publish","type":"page","link":"https:\/\/crtpublicidade.com.br\/raibanesprev\/despesas-administrativas\/","title":{"rendered":"Despesas Administrativas"},"content":{"rendered":"\t\t<div data-elementor-type=\"wp-page\" data-elementor-id=\"2832\" class=\"elementor elementor-2832\">\n\t\t\t\t\t\t<section class=\"elementor-section elementor-top-section elementor-element elementor-element-38e04ac9 elementor-section-boxed elementor-section-height-default elementor-section-height-default\" data-id=\"38e04ac9\" data-element_type=\"section\">\n\t\t\t\t\t\t<div class=\"elementor-container elementor-column-gap-default\">\n\t\t\t\t\t<div class=\"elementor-column elementor-col-50 elementor-top-column elementor-element elementor-element-32dc6285\" data-id=\"32dc6285\" data-element_type=\"column\">\n\t\t\t<div class=\"elementor-widget-wrap elementor-element-populated\">\n\t\t\t\t\t\t<div class=\"elementor-element elementor-element-63a1b5cb elementor-widget elementor-widget-heading\" data-id=\"63a1b5cb\" data-element_type=\"widget\" data-widget_type=\"heading.default\">\n\t\t\t\t<div class=\"elementor-widget-container\">\n\t\t\t\t\t<h2 class=\"elementor-heading-title elementor-size-default\">Despesas Administrativas<\/h2>\t\t\t\t<\/div>\n\t\t\t\t<\/div>\n\t\t\t\t\t<\/div>\n\t\t<\/div>\n\t\t\t\t<div class=\"elementor-column elementor-col-50 elementor-top-column elementor-element elementor-element-7038c574\" data-id=\"7038c574\" data-element_type=\"column\" data-settings=\"{&quot;background_background&quot;:&quot;classic&quot;}\">\n\t\t\t<div class=\"elementor-widget-wrap elementor-element-populated\">\n\t\t\t\t\t<div class=\"elementor-background-overlay\"><\/div>\n\t\t\t\t\t\t<div class=\"elementor-element elementor-element-5bf1f3df elementor-widget elementor-widget-spacer\" data-id=\"5bf1f3df\" data-element_type=\"widget\" data-widget_type=\"spacer.default\">\n\t\t\t\t<div class=\"elementor-widget-container\">\n\t\t\t\t\t\t\t<div class=\"elementor-spacer\">\n\t\t\t<div class=\"elementor-spacer-inner\"><\/div>\n\t\t<\/div>\n\t\t\t\t\t\t<\/div>\n\t\t\t\t<\/div>\n\t\t\t\t\t<\/div>\n\t\t<\/div>\n\t\t\t\t\t<\/div>\n\t\t<\/section>\n\t\t\t\t<section class=\"elementor-section elementor-top-section elementor-element elementor-element-4bc42a57 table_banesprev_pai elementor-section-boxed elementor-section-height-default elementor-section-height-default\" data-id=\"4bc42a57\" data-element_type=\"section\">\n\t\t\t\t\t\t<div class=\"elementor-container elementor-column-gap-default\">\n\t\t\t\t\t<div class=\"elementor-column elementor-col-100 elementor-top-column elementor-element elementor-element-70d2bd7f\" data-id=\"70d2bd7f\" data-element_type=\"column\">\n\t\t\t<div class=\"elementor-widget-wrap elementor-element-populated\">\n\t\t\t\t\t\t<div class=\"elementor-element elementor-element-6d03b448 elementor-widget elementor-widget-heading\" data-id=\"6d03b448\" data-element_type=\"widget\" data-widget_type=\"heading.default\">\n\t\t\t\t<div class=\"elementor-widget-container\">\n\t\t\t\t\t<h2 class=\"elementor-heading-title elementor-size-default\">Consolidado<\/h2>\t\t\t\t<\/div>\n\t\t\t\t<\/div>\n\t\t\t\t<div class=\"elementor-element elementor-element-4e2c3349 elementor-widget elementor-widget-html\" data-id=\"4e2c3349\" data-element_type=\"widget\" data-widget_type=\"html.default\">\n\t\t\t\t<div class=\"elementor-widget-container\">\n\t\t\t\t\t<table class=\"table table_banesprev_maxima\">\n    <thead>\n        <tr>\n            <th>Descri\u00e7\u00e3o<\/th>\n            <th>Acumulado no Ano (R$)<\/th>\n            <th>% Sobre o Total<\/th>\n        <\/tr>\n    <\/thead>\n    <tbody>\n        <tr>\n            <td><b>DESPESAS<\/b><\/td>\n            <td><b> 33.261.065,36<\/b> <\/td>\n            <td><b>100,00%<\/b><\/td>\n        <\/tr>\n        <tr>\n            <td><b>ADMINISTRA\u00c7\u00c3O DOS PLANOS PREVIDENCIAIS<\/b><\/td>\n            <td><b> 33.261.065,36<\/b> <\/td>\n            <td><b>100,00%<\/b><\/td>\n        <\/tr>\n        <tr>\n            <td style=\"padding-left:50px\"><b>PESSOAL E ENCARGOS<\/b><\/td>\n            <td><b> 10.857.347,03 <\/b><\/td>\n            <td><b>37,25%<\/b><\/td>\n        <\/tr>\n        <tr>\n            <td style=\"padding-left:90px\">DIRIGENTES<\/td>\n            <td> 2.060.172,52 <\/td>\n            <td>5,53%<\/td>\n        <\/tr>\n        <tr>\n            <td style=\"padding-left:90px\">PESSOAL PR\u00d3PRIO<\/td>\n            <td> 8.770.935,81 <\/td>\n            <td>31,64%<\/td>\n        <\/tr>\n        <tr>\n            <td style=\"padding-left:90px\">ESTAGI\u00c1RIOS\/JOVENS APRENDIZES<\/td>\n            <td> 26.238,70 <\/td>\n            <td>0,09%<\/td>\n        <\/tr>\n        <tr>\n            <td style=\"padding-left:50px\"><b>TREINAMENTOS\/CONGRESSOS E SEMIN\u00c1RIOS<\/b><\/td>\n            <td><b> 134.810,96 <\/b><\/td>\n            <td><b>0,41%<\/b><\/td>\n        <\/tr>\n        <tr>\n            <td style=\"padding-left:50px\"><b>SERVI\u00c7OS DE TERCEIROS<\/b><\/td>\n            <td><b> 13.689.373,00 <\/b><\/td>\n            <td><b>33,05%<\/b><\/td>\n        <\/tr>\n        <tr>\n            <td style=\"padding-left:90px\">SERVI\u00c7OS ATUARIAIS<\/td>\n            <td> 2.128.164,87 <\/td>\n            <td>7,00%<\/td>\n        <\/tr>\n        <tr>\n            <td style=\"padding-left:90px\">SERVI\u00c7OS JUR\u00cdDICOS<\/td>\n            <td> 4.898.577,92 <\/td>\n            <td>10,53%<\/td>\n        <\/tr>\n        <tr>\n            <td style=\"padding-left:90px\">TECNOLOGIA DA INFORMA\u00c7\u00c3O<\/td>\n            <td> 4.478.817,99 <\/td>\n            <td>8,74%<\/td>\n        <\/tr>\n        <tr>\n            <td style=\"padding-left:90px\">GEST\u00c3O\/PLANEJAMENTO ESTRAT\u00c9GICO<\/td>\n            <td> 6.179,87 <\/td>\n            <td>0,02%<\/td>\n        <\/tr>\n        <tr>\n            <td style=\"padding-left:90px\">AUDITORIA CONT\u00c1BIL<\/td>\n            <td> 457.982,45 <\/td>\n            <td>1,73%<\/td>\n        <\/tr>\n        <tr>\n            <td style=\"padding-left:90px\">SERVI\u00c7OS E CONSULTORIAS DE INVESTIMENTOS<\/td>\n            <td> 122.320,61 <\/td>\n            <td>0,46%<\/td>\n        <\/tr>\n        <tr>\n            <td style=\"padding-left:90px\">OUTROS<\/td>\n            <td> 1.496.985,51 <\/td>\n            <td>4,43%<\/td>\n        <\/tr>\n        <tr>\n            <td style=\"padding-left:50px\"><b>DESPESAS GERAIS<\/b><\/td>\n            <td><b> 3.340.440,78 <\/b><\/td>\n            <td><b>9,69%<\/b><\/td>\n        <\/tr>\n        <tr>\n            <td style=\"padding-left:90px\">Judiciais<\/td>\n            <td> 1.035.024,78 <\/td>\n            <td>0,65%<\/td>\n        <\/tr>\n        <tr>\n            <td style=\"padding-left:90px\">Cart\u00f3rios<\/td>\n            <td> 64.021,59 <\/td>\n            <td>0,01%<\/td>\n        <\/tr>\n        <tr>\n            <td style=\"padding-left:90px\">Aluguel Predial<\/td>\n            <td> 622.204,53 <\/td>\n            <td>3,26%<\/td>\n        <\/tr>\n        <tr>\n            <td style=\"padding-left:90px\">          Correios<\/td>\n            <td> 77.192,45 <\/td>\n            <td>0,28%<\/td>\n        <\/tr>\n        <tr>\n            <td style=\"padding-left:90px\">Aluguel de Equipamentos<\/td>\n            <td> 24.834,50 <\/td>\n            <td>0,10%<\/td>\n        <\/tr>\n        <tr>\n            <td style=\"padding-left:90px\">Outras Despesas Gerais<\/td>\n            <td> 91.398,70 <\/td>\n            <td>0,23%<\/td>\n        <\/tr>\n        <tr>\n            <td style=\"padding-left:50px\"><b>DEPRECIA\u00c7\u00d5ES E AMORTIZA\u00c7\u00d5ES<\/b><\/td>\n            <td><b> 70.586,01 <\/b><\/td>\n            <td><b>0,72%<\/b><\/td>\n        <\/tr>\n        <tr>\n            <td style=\"padding-left:50px\"><b>TRIBUTOS<\/b><\/td>\n            <td><b> 5.119.515,98 <\/b><\/td>\n            <td><b>18,64%<\/b><\/td>\n        <\/tr>\n        <tr>\n            <td style=\"padding-left:90px\">PIS<\/td>\n            <td> 308.159,82 <\/td>\n            <td>1,31%<\/td>\n        <\/tr>\n        <tr>\n            <td style=\"padding-left:90px\">COFINS<\/td>\n            <td> 1.896.368,04 <\/td>\n            <td>8,09%<\/td>\n        <\/tr>\n        <tr>\n            <td style=\"padding-left:90px\">TAFIC<\/td>\n            <td> 2.447.625,00 <\/td>\n            <td>9,21%<\/td>\n        <\/tr>\n    <\/tbody>\n<\/table>\n\t\t\t\t<\/div>\n\t\t\t\t<\/div>\n\t\t\t\t\t<\/div>\n\t\t<\/div>\n\t\t\t\t\t<\/div>\n\t\t<\/section>\n\t\t\t\t<\/div>\n\t\t","protected":false},"excerpt":{"rendered":"<p>Despesas Administrativas Consolidado Descri\u00e7\u00e3o Acumulado no Ano (R$) % Sobre o Total DESPESAS 33.261.065,36 100,00% ADMINISTRA\u00c7\u00c3O DOS PLANOS PREVIDENCIAIS 33.261.065,36 100,00% PESSOAL E ENCARGOS 10.857.347,03 37,25% DIRIGENTES 2.060.172,52 5,53% PESSOAL PR\u00d3PRIO 8.770.935,81 31,64% ESTAGI\u00c1RIOS\/JOVENS APRENDIZES 26.238,70 0,09% TREINAMENTOS\/CONGRESSOS E SEMIN\u00c1RIOS 134.810,96 0,41% SERVI\u00c7OS DE TERCEIROS 13.689.373,00 33,05% SERVI\u00c7OS ATUARIAIS 2.128.164,87 7,00% SERVI\u00c7OS JUR\u00cdDICOS 4.898.577,92 10,53% [&hellip;]<\/p>\n","protected":false},"author":1,"featured_media":0,"parent":0,"menu_order":55,"comment_status":"closed","ping_status":"closed","template":"","meta":{"footnotes":""},"class_list":["post-2832","page","type-page","status-publish","hentry"],"acf":[],"_links":{"self":[{"href":"https:\/\/crtpublicidade.com.br\/raibanesprev\/wp-json\/wp\/v2\/pages\/2832","targetHints":{"allow":["GET"]}}],"collection":[{"href":"https:\/\/crtpublicidade.com.br\/raibanesprev\/wp-json\/wp\/v2\/pages"}],"about":[{"href":"https:\/\/crtpublicidade.com.br\/raibanesprev\/wp-json\/wp\/v2\/types\/page"}],"author":[{"embeddable":true,"href":"https:\/\/crtpublicidade.com.br\/raibanesprev\/wp-json\/wp\/v2\/users\/1"}],"replies":[{"embeddable":true,"href":"https:\/\/crtpublicidade.com.br\/raibanesprev\/wp-json\/wp\/v2\/comments?post=2832"}],"version-history":[{"count":23,"href":"https:\/\/crtpublicidade.com.br\/raibanesprev\/wp-json\/wp\/v2\/pages\/2832\/revisions"}],"predecessor-version":[{"id":4659,"href":"https:\/\/crtpublicidade.com.br\/raibanesprev\/wp-json\/wp\/v2\/pages\/2832\/revisions\/4659"}],"wp:attachment":[{"href":"https:\/\/crtpublicidade.com.br\/raibanesprev\/wp-json\/wp\/v2\/media?parent=2832"}],"curies":[{"name":"wp","href":"https:\/\/api.w.org\/{rel}","templated":true}]}}