{"id":2609,"date":"2025-03-27T20:40:46","date_gmt":"2025-03-27T23:40:46","guid":{"rendered":"https:\/\/crtpublicidade.com.br\/raibanesprev\/?page_id=2609"},"modified":"2025-04-25T11:15:59","modified_gmt":"2025-04-25T14:15:59","slug":"governanca-corporativa","status":"publish","type":"page","link":"https:\/\/crtpublicidade.com.br\/raibanesprev\/governanca-corporativa\/","title":{"rendered":"Governan\u00e7a Corporativa"},"content":{"rendered":"\t\t<div data-elementor-type=\"wp-page\" data-elementor-id=\"2609\" class=\"elementor elementor-2609\">\n\t\t\t\t\t\t<section class=\"elementor-section elementor-top-section elementor-element elementor-element-204f7664 elementor-section-boxed elementor-section-height-default elementor-section-height-default\" data-id=\"204f7664\" data-element_type=\"section\" id=\"gestao\">\n\t\t\t\t\t\t<div class=\"elementor-container elementor-column-gap-default\">\n\t\t\t\t\t<div class=\"elementor-column elementor-col-50 elementor-top-column elementor-element elementor-element-487e1a61\" data-id=\"487e1a61\" data-element_type=\"column\">\n\t\t\t<div class=\"elementor-widget-wrap elementor-element-populated\">\n\t\t\t\t\t\t<div class=\"elementor-element elementor-element-3cbfd5cd elementor-widget elementor-widget-heading\" data-id=\"3cbfd5cd\" data-element_type=\"widget\" data-widget_type=\"heading.default\">\n\t\t\t\t<div class=\"elementor-widget-container\">\n\t\t\t\t\t<h2 class=\"elementor-heading-title elementor-size-default\">Gest\u00e3o de Riscos<\/h2>\t\t\t\t<\/div>\n\t\t\t\t<\/div>\n\t\t\t\t\t<\/div>\n\t\t<\/div>\n\t\t\t\t<div class=\"elementor-column elementor-col-50 elementor-top-column elementor-element elementor-element-3e52dcf8\" data-id=\"3e52dcf8\" data-element_type=\"column\" data-settings=\"{&quot;background_background&quot;:&quot;classic&quot;}\">\n\t\t\t<div class=\"elementor-widget-wrap elementor-element-populated\">\n\t\t\t\t\t<div class=\"elementor-background-overlay\"><\/div>\n\t\t\t\t\t\t<div class=\"elementor-element elementor-element-3f0043a elementor-widget elementor-widget-spacer\" data-id=\"3f0043a\" data-element_type=\"widget\" data-widget_type=\"spacer.default\">\n\t\t\t\t<div class=\"elementor-widget-container\">\n\t\t\t\t\t\t\t<div class=\"elementor-spacer\">\n\t\t\t<div class=\"elementor-spacer-inner\"><\/div>\n\t\t<\/div>\n\t\t\t\t\t\t<\/div>\n\t\t\t\t<\/div>\n\t\t\t\t\t<\/div>\n\t\t<\/div>\n\t\t\t\t\t<\/div>\n\t\t<\/section>\n\t\t\t\t<section class=\"elementor-section elementor-top-section elementor-element elementor-element-58151a7f elementor-section-boxed elementor-section-height-default elementor-section-height-default\" data-id=\"58151a7f\" data-element_type=\"section\">\n\t\t\t\t\t\t<div class=\"elementor-container elementor-column-gap-default\">\n\t\t\t\t\t<div class=\"elementor-column elementor-col-100 elementor-top-column elementor-element elementor-element-1a7a721f\" data-id=\"1a7a721f\" data-element_type=\"column\">\n\t\t\t<div class=\"elementor-widget-wrap elementor-element-populated\">\n\t\t\t\t\t\t<div class=\"elementor-element elementor-element-65f46237 elementor-widget elementor-widget-text-editor\" data-id=\"65f46237\" data-element_type=\"widget\" data-widget_type=\"text-editor.default\">\n\t\t\t\t<div class=\"elementor-widget-container\">\n\t\t\t\t\t\t\t\t\t<p>A gest\u00e3o dos riscos e de controles internos do Banesprev segue pol\u00edtica pr\u00f3pria, que estabelece princ\u00edpios, responsabilidades e diretrizes para o processo de gest\u00e3o integrada de riscos e controles internos. O objetivo \u00e9 garantir o correto, completo e tempestivo registro das opera\u00e7\u00f5es realizadas pela entidade, bem como em rela\u00e7\u00e3o \u00e0s a\u00e7\u00f5es de presta\u00e7\u00e3o de contas a todos os <em>stakeholders<\/em>.<\/p>\t\t\t\t\t\t\t\t<\/div>\n\t\t\t\t<\/div>\n\t\t\t\t\t<\/div>\n\t\t<\/div>\n\t\t\t\t\t<\/div>\n\t\t<\/section>\n\t\t\t\t<section class=\"elementor-section elementor-top-section elementor-element elementor-element-40f267c6 elementor-section-boxed elementor-section-height-default elementor-section-height-default\" data-id=\"40f267c6\" data-element_type=\"section\">\n\t\t\t\t\t\t<div class=\"elementor-container elementor-column-gap-default\">\n\t\t\t\t\t<div class=\"elementor-column elementor-col-100 elementor-top-column elementor-element elementor-element-2d115cf8\" data-id=\"2d115cf8\" data-element_type=\"column\">\n\t\t\t<div class=\"elementor-widget-wrap elementor-element-populated\">\n\t\t\t\t\t\t<div class=\"elementor-element elementor-element-4abf54f9 elementor-widget elementor-widget-text-editor\" data-id=\"4abf54f9\" data-element_type=\"widget\" data-widget_type=\"text-editor.default\">\n\t\t\t\t<div class=\"elementor-widget-container\">\n\t\t\t\t\t\t\t\t\t<p>Todos os riscos associados \u00e0 gest\u00e3o do Banesprev que possam impactar o cumprimento dos objetivos da Entidade s\u00e3o monitorados, acompanhados e avaliados, juntamente com seus controles, em uma periodicidade m\u00e1xima de seis meses. O processo \u00e9 realizado por meio do Sistema de Gest\u00e3o Baseada em Riscos, desenvolvido pela JCM Consultores, que utiliza ferramenta e metodologia alinhadas aos padr\u00f5es internacionais de auditoria do <em>Committee of Sponsoring Organizations of the Treadway Commission <\/em>(COSO) e \u00e0 Lei Sarbanes-Oxley (SOX).<\/p>\t\t\t\t\t\t\t\t<\/div>\n\t\t\t\t<\/div>\n\t\t\t\t\t<\/div>\n\t\t<\/div>\n\t\t\t\t\t<\/div>\n\t\t<\/section>\n\t\t\t\t<section class=\"elementor-section elementor-top-section elementor-element elementor-element-433dec93 elementor-section-boxed elementor-section-height-default elementor-section-height-default\" data-id=\"433dec93\" data-element_type=\"section\">\n\t\t\t\t\t\t<div class=\"elementor-container elementor-column-gap-default\">\n\t\t\t\t\t<div class=\"elementor-column elementor-col-100 elementor-top-column elementor-element elementor-element-67c84d39\" data-id=\"67c84d39\" data-element_type=\"column\">\n\t\t\t<div class=\"elementor-widget-wrap elementor-element-populated\">\n\t\t\t\t\t\t<div class=\"elementor-element elementor-element-a9ca8c elementor-widget elementor-widget-text-editor\" data-id=\"a9ca8c\" data-element_type=\"widget\" data-widget_type=\"text-editor.default\">\n\t\t\t\t<div class=\"elementor-widget-container\">\n\t\t\t\t\t\t\t\t\t<p>Os riscos s\u00e3o controlados e acompanhados pela Diretoria e Conselhos (\u00e1reas de neg\u00f3cio \u2013 primeira linha de defesa), pela \u00c1rea de Riscos e Controles (segunda linha de defesa) e pelo Comit\u00ea de Auditoria (terceira linha de defesa). <\/p>\t\t\t\t\t\t\t\t<\/div>\n\t\t\t\t<\/div>\n\t\t\t\t\t<\/div>\n\t\t<\/div>\n\t\t\t\t\t<\/div>\n\t\t<\/section>\n\t\t\t\t<section class=\"elementor-section elementor-top-section elementor-element elementor-element-5ea737aa elementor-section-boxed elementor-section-height-default elementor-section-height-default\" data-id=\"5ea737aa\" data-element_type=\"section\">\n\t\t\t\t\t\t<div class=\"elementor-container elementor-column-gap-default\">\n\t\t\t\t\t<div class=\"elementor-column elementor-col-100 elementor-top-column elementor-element elementor-element-3651e7c8\" data-id=\"3651e7c8\" data-element_type=\"column\">\n\t\t\t<div class=\"elementor-widget-wrap elementor-element-populated\">\n\t\t\t\t\t\t<div class=\"elementor-element elementor-element-1809edd5 elementor-widget elementor-widget-text-editor\" data-id=\"1809edd5\" data-element_type=\"widget\" data-widget_type=\"text-editor.default\">\n\t\t\t\t<div class=\"elementor-widget-container\">\n\t\t\t\t\t\t\t\t\t<p>Em 2024, o Banesprev passou por auditoria interna, tendo sua matriz de riscos e controles internos avaliada pelos auditores. Na ocasi\u00e3o, foram identificadas oportunidades de melhorias que se referiam \u00e0 inclus\u00e3o de novos riscos e respectivos controles, cujas atualiza\u00e7\u00f5es foram realizadas e acompanhadas pelo \u00f3rg\u00e3o de governan\u00e7a, por meio do relat\u00f3rio semestral de Controles Internos, emitido pelo Conselho Fiscal. <\/p>\t\t\t\t\t\t\t\t<\/div>\n\t\t\t\t<\/div>\n\t\t\t\t\t<\/div>\n\t\t<\/div>\n\t\t\t\t\t<\/div>\n\t\t<\/section>\n\t\t\t\t<section class=\"elementor-section elementor-top-section elementor-element elementor-element-155d3d24 elementor-section-boxed elementor-section-height-default elementor-section-height-default\" data-id=\"155d3d24\" data-element_type=\"section\">\n\t\t\t\t\t\t<div class=\"elementor-container elementor-column-gap-default\">\n\t\t\t\t\t<div class=\"elementor-column elementor-col-100 elementor-top-column elementor-element elementor-element-e0b5e8c\" data-id=\"e0b5e8c\" data-element_type=\"column\">\n\t\t\t<div class=\"elementor-widget-wrap elementor-element-populated\">\n\t\t\t\t\t\t<div class=\"elementor-element elementor-element-7759243d elementor-widget elementor-widget-text-editor\" data-id=\"7759243d\" data-element_type=\"widget\" data-widget_type=\"text-editor.default\">\n\t\t\t\t<div class=\"elementor-widget-container\">\n\t\t\t\t\t\t\t\t\t<p>Em rela\u00e7\u00e3o aos Investimentos, o Banesprev conta, ainda, com os servi\u00e7os de uma consultoria financeira que monitora, por meio de ferramentas pr\u00f3prias, o risco e o retorno de todos os fundos que comp\u00f5em a carteira de investimentos da Entidade. No processo, tamb\u00e9m s\u00e3o verificadas a ader\u00eancia dos investimentos dos planos \u00e0s diretrizes de aplica\u00e7\u00f5es estabelecidas pela Pol\u00edtica de Investimentos e pela Resolu\u00e7\u00e3o CMN N\u00b0 4.994.<\/p>\t\t\t\t\t\t\t\t<\/div>\n\t\t\t\t<\/div>\n\t\t\t\t\t<\/div>\n\t\t<\/div>\n\t\t\t\t\t<\/div>\n\t\t<\/section>\n\t\t\t\t<section class=\"elementor-section elementor-top-section elementor-element elementor-element-7a6bc42 elementor-section-boxed elementor-section-height-default elementor-section-height-default\" data-id=\"7a6bc42\" data-element_type=\"section\" id=\"compliance\">\n\t\t\t\t\t\t<div class=\"elementor-container elementor-column-gap-default\">\n\t\t\t\t\t<div class=\"elementor-column elementor-col-50 elementor-top-column elementor-element elementor-element-ddbce4a\" data-id=\"ddbce4a\" data-element_type=\"column\">\n\t\t\t<div class=\"elementor-widget-wrap elementor-element-populated\">\n\t\t\t\t\t\t<div class=\"elementor-element elementor-element-ee2c109 elementor-widget elementor-widget-heading\" data-id=\"ee2c109\" data-element_type=\"widget\" data-widget_type=\"heading.default\">\n\t\t\t\t<div class=\"elementor-widget-container\">\n\t\t\t\t\t<h2 class=\"elementor-heading-title elementor-size-default\">Compliance<\/h2>\t\t\t\t<\/div>\n\t\t\t\t<\/div>\n\t\t\t\t\t<\/div>\n\t\t<\/div>\n\t\t\t\t<div class=\"elementor-column elementor-col-50 elementor-top-column elementor-element elementor-element-fee7df9\" data-id=\"fee7df9\" data-element_type=\"column\" data-settings=\"{&quot;background_background&quot;:&quot;classic&quot;}\">\n\t\t\t<div class=\"elementor-widget-wrap elementor-element-populated\">\n\t\t\t\t\t<div class=\"elementor-background-overlay\"><\/div>\n\t\t\t\t\t\t<div class=\"elementor-element elementor-element-e739f9e elementor-widget elementor-widget-spacer\" data-id=\"e739f9e\" data-element_type=\"widget\" data-widget_type=\"spacer.default\">\n\t\t\t\t<div class=\"elementor-widget-container\">\n\t\t\t\t\t\t\t<div class=\"elementor-spacer\">\n\t\t\t<div class=\"elementor-spacer-inner\"><\/div>\n\t\t<\/div>\n\t\t\t\t\t\t<\/div>\n\t\t\t\t<\/div>\n\t\t\t\t\t<\/div>\n\t\t<\/div>\n\t\t\t\t\t<\/div>\n\t\t<\/section>\n\t\t\t\t<section class=\"elementor-section elementor-top-section elementor-element elementor-element-b912b94 elementor-section-boxed elementor-section-height-default elementor-section-height-default\" data-id=\"b912b94\" data-element_type=\"section\">\n\t\t\t\t\t\t<div class=\"elementor-container elementor-column-gap-default\">\n\t\t\t\t\t<div class=\"elementor-column elementor-col-100 elementor-top-column elementor-element elementor-element-5be81198\" data-id=\"5be81198\" data-element_type=\"column\">\n\t\t\t<div class=\"elementor-widget-wrap elementor-element-populated\">\n\t\t\t\t\t\t<div class=\"elementor-element elementor-element-5e69a61c elementor-widget elementor-widget-text-editor\" data-id=\"5e69a61c\" data-element_type=\"widget\" data-widget_type=\"text-editor.default\">\n\t\t\t\t<div class=\"elementor-widget-container\">\n\t\t\t\t\t\t\t\t\t<p>O Banesprev busca sempre ir al\u00e9m do cumprimento das obriga\u00e7\u00f5es legais, assegurando que todas as suas atividades sejam executadas em conformidade com as leis e normas aplic\u00e1veis, visando as melhores pr\u00e1ticas do mercado e o respeito aos padr\u00f5es \u00e9ticos e de integridade.<\/p>\t\t\t\t\t\t\t\t<\/div>\n\t\t\t\t<\/div>\n\t\t\t\t\t<\/div>\n\t\t<\/div>\n\t\t\t\t\t<\/div>\n\t\t<\/section>\n\t\t\t\t<section class=\"elementor-section elementor-top-section elementor-element elementor-element-63af2070 elementor-section-boxed elementor-section-height-default elementor-section-height-default\" data-id=\"63af2070\" data-element_type=\"section\">\n\t\t\t\t\t\t<div class=\"elementor-container elementor-column-gap-default\">\n\t\t\t\t\t<div class=\"elementor-column elementor-col-100 elementor-top-column elementor-element elementor-element-f586274\" data-id=\"f586274\" data-element_type=\"column\">\n\t\t\t<div class=\"elementor-widget-wrap elementor-element-populated\">\n\t\t\t\t\t\t<div class=\"elementor-element elementor-element-fc253e3 elementor-widget elementor-widget-text-editor\" data-id=\"fc253e3\" data-element_type=\"widget\" data-widget_type=\"text-editor.default\">\n\t\t\t\t<div class=\"elementor-widget-container\">\n\t\t\t\t\t\t\t\t\t<p>Em 2024, constitu\u00edmos o Comit\u00ea de \u00c9tica que passou a ser respons\u00e1vel pela plena observ\u00e2ncia do C\u00f3digo de \u00c9tica do Banesprev, tanto pelos seus colaboradores, quanto demais partes interessadas, al\u00e9m de conduzir a investiga\u00e7\u00e3o de eventuais infra\u00e7\u00f5es disciplinares <\/p>\t\t\t\t\t\t\t\t<\/div>\n\t\t\t\t<\/div>\n\t\t\t\t\t<\/div>\n\t\t<\/div>\n\t\t\t\t\t<\/div>\n\t\t<\/section>\n\t\t\t\t<section class=\"elementor-section elementor-top-section elementor-element elementor-element-f286175 elementor-section-boxed elementor-section-height-default elementor-section-height-default\" data-id=\"f286175\" data-element_type=\"section\">\n\t\t\t\t\t\t<div class=\"elementor-container elementor-column-gap-default\">\n\t\t\t\t\t<div class=\"elementor-column elementor-col-100 elementor-top-column elementor-element elementor-element-79fd4d21\" data-id=\"79fd4d21\" data-element_type=\"column\">\n\t\t\t<div class=\"elementor-widget-wrap elementor-element-populated\">\n\t\t\t\t\t\t<div class=\"elementor-element elementor-element-5c2406ce elementor-widget elementor-widget-text-editor\" data-id=\"5c2406ce\" data-element_type=\"widget\" data-widget_type=\"text-editor.default\">\n\t\t\t\t<div class=\"elementor-widget-container\">\n\t\t\t\t\t\t\t\t\tComposto por representantes de \u00e1reas diversas do Banesprev, o comit\u00ea tem por objetivo promover, orientar e zelar pela integridade, pela conduta \u00e9tica e pelo cumprimento dos valores e normas da Entidade, atuando na preven\u00e7\u00e3o, an\u00e1lise e encaminhamento de condutas que possam violar o C\u00f3digo de \u00c9tica.\t\t\t\t\t\t\t\t<\/div>\n\t\t\t\t<\/div>\n\t\t\t\t\t<\/div>\n\t\t<\/div>\n\t\t\t\t\t<\/div>\n\t\t<\/section>\n\t\t\t\t<section class=\"elementor-section elementor-top-section elementor-element elementor-element-6ea93eee elementor-section-boxed elementor-section-height-default elementor-section-height-default\" data-id=\"6ea93eee\" data-element_type=\"section\">\n\t\t\t\t\t\t<div class=\"elementor-container elementor-column-gap-default\">\n\t\t\t\t\t<div class=\"elementor-column elementor-col-100 elementor-top-column elementor-element elementor-element-34070467\" data-id=\"34070467\" data-element_type=\"column\">\n\t\t\t<div class=\"elementor-widget-wrap elementor-element-populated\">\n\t\t\t\t\t\t<div class=\"elementor-element elementor-element-764ed26b elementor-widget elementor-widget-text-editor\" data-id=\"764ed26b\" data-element_type=\"widget\" data-widget_type=\"text-editor.default\">\n\t\t\t\t<div class=\"elementor-widget-container\">\n\t\t\t\t\t\t\t\t\t<p>No que se refere \u00e0 prote\u00e7\u00e3o e a privacidade dos dados, o Banesprev tem como compromisso o respeito pela seguran\u00e7a e privacidade de informa\u00e7\u00f5es, tendo como base a pol\u00edtica interna desenvolvida para este fim, alinhada \u00e0s diretrizes de responsabilidade e transpar\u00eancia da Lei Geral de Prote\u00e7\u00e3o de Dados (LGPD). <\/p>\t\t\t\t\t\t\t\t<\/div>\n\t\t\t\t<\/div>\n\t\t\t\t\t<\/div>\n\t\t<\/div>\n\t\t\t\t\t<\/div>\n\t\t<\/section>\n\t\t\t\t<section class=\"elementor-section elementor-top-section elementor-element elementor-element-225146bf elementor-section-content-middle destaque_boxes elementor-section-boxed elementor-section-height-default elementor-section-height-default\" data-id=\"225146bf\" data-element_type=\"section\">\n\t\t\t\t\t\t<div class=\"elementor-container elementor-column-gap-narrow\">\n\t\t\t\t\t<div class=\"elementor-column elementor-col-100 elementor-top-column elementor-element elementor-element-705d882c\" data-id=\"705d882c\" data-element_type=\"column\" data-settings=\"{&quot;background_background&quot;:&quot;classic&quot;}\">\n\t\t\t<div class=\"elementor-widget-wrap elementor-element-populated\">\n\t\t\t\t\t\t<section class=\"elementor-section elementor-inner-section elementor-element elementor-element-6e77cfb0 elementor-section-full_width elementor-section-height-default elementor-section-height-default\" data-id=\"6e77cfb0\" data-element_type=\"section\">\n\t\t\t\t\t\t<div class=\"elementor-container elementor-column-gap-default\">\n\t\t\t\t\t<div class=\"elementor-column elementor-col-50 elementor-inner-column elementor-element elementor-element-1827242f\" data-id=\"1827242f\" data-element_type=\"column\">\n\t\t\t<div class=\"elementor-widget-wrap elementor-element-populated\">\n\t\t\t\t\t\t<div class=\"elementor-element elementor-element-10769fb8 elementor-widget elementor-widget-image\" data-id=\"10769fb8\" data-element_type=\"widget\" data-widget_type=\"image.default\">\n\t\t\t\t<div class=\"elementor-widget-container\">\n\t\t\t\t\t\t\t\t\t\t\t\t\t\t\t<img decoding=\"async\" width=\"134\" height=\"134\" src=\"https:\/\/crtpublicidade.com.br\/raibanesprev\/wp-content\/uploads\/2025\/03\/Group-24-7.png\" class=\"attachment-large size-large wp-image-3955\" alt=\"\" \/>\t\t\t\t\t\t\t\t\t\t\t\t\t\t\t<\/div>\n\t\t\t\t<\/div>\n\t\t\t\t\t<\/div>\n\t\t<\/div>\n\t\t\t\t<div class=\"elementor-column elementor-col-50 elementor-inner-column elementor-element elementor-element-4a36859b\" data-id=\"4a36859b\" data-element_type=\"column\">\n\t\t\t<div class=\"elementor-widget-wrap elementor-element-populated\">\n\t\t\t\t\t\t<div class=\"elementor-element elementor-element-6746e04e elementor-widget elementor-widget-text-editor\" data-id=\"6746e04e\" data-element_type=\"widget\" data-widget_type=\"text-editor.default\">\n\t\t\t\t<div class=\"elementor-widget-container\">\n\t\t\t\t\t\t\t\t\t<p>Fortalecemos nossos processos para garantir a seguran\u00e7a e privacidade de informa\u00e7\u00f5es segundo a LGPD<\/p>\t\t\t\t\t\t\t\t<\/div>\n\t\t\t\t<\/div>\n\t\t\t\t\t<\/div>\n\t\t<\/div>\n\t\t\t\t\t<\/div>\n\t\t<\/section>\n\t\t\t\t\t<\/div>\n\t\t<\/div>\n\t\t\t\t\t<\/div>\n\t\t<\/section>\n\t\t\t\t<section class=\"elementor-section elementor-top-section elementor-element elementor-element-3c93924b elementor-section-boxed elementor-section-height-default elementor-section-height-default\" data-id=\"3c93924b\" data-element_type=\"section\">\n\t\t\t\t\t\t<div class=\"elementor-container elementor-column-gap-default\">\n\t\t\t\t\t<div class=\"elementor-column elementor-col-100 elementor-top-column elementor-element elementor-element-6917bf43\" data-id=\"6917bf43\" data-element_type=\"column\">\n\t\t\t<div class=\"elementor-widget-wrap elementor-element-populated\">\n\t\t\t\t\t\t<div class=\"elementor-element elementor-element-46d00915 elementor-widget elementor-widget-text-editor\" data-id=\"46d00915\" data-element_type=\"widget\" data-widget_type=\"text-editor.default\">\n\t\t\t\t<div class=\"elementor-widget-container\">\n\t\t\t\t\t\t\t\t\t<p>Contamos ainda, com um <em>Data Protection Officer<\/em> (DPO) que acompanha e atua nas quest\u00f5es relacionadas \u00e0 Lei Geral de Prote\u00e7\u00e3o de Dados (LGPD), bem como interage como o canal de comunica\u00e7\u00e3o entre o Banesprev (controlador dos dados), os titulares dos dados (participantes, assistidos, colaboradores e outras partes interessadas) e a Autoridade Nacional de Prote\u00e7\u00e3o de Dados (ANPD).<\/p>\t\t\t\t\t\t\t\t<\/div>\n\t\t\t\t<\/div>\n\t\t\t\t\t<\/div>\n\t\t<\/div>\n\t\t\t\t\t<\/div>\n\t\t<\/section>\n\t\t\t\t<section class=\"elementor-section elementor-top-section elementor-element elementor-element-1d7a7c9 elementor-section-content-middle destaque_boxes elementor-section-full_width elementor-section-height-default elementor-section-height-default\" data-id=\"1d7a7c9\" data-element_type=\"section\">\n\t\t\t\t\t\t<div class=\"elementor-container elementor-column-gap-narrow\">\n\t\t\t\t\t<div class=\"elementor-column elementor-col-100 elementor-top-column elementor-element elementor-element-be4c387\" data-id=\"be4c387\" data-element_type=\"column\" data-settings=\"{&quot;background_background&quot;:&quot;classic&quot;}\">\n\t\t\t<div class=\"elementor-widget-wrap elementor-element-populated\">\n\t\t\t\t\t\t<div class=\"elementor-element elementor-element-fc1b8b2 elementor-widget__width-auto elementor-widget elementor-widget-button\" data-id=\"fc1b8b2\" data-element_type=\"widget\" data-widget_type=\"button.default\">\n\t\t\t\t<div class=\"elementor-widget-container\">\n\t\t\t\t\t\t\t\t\t<div class=\"elementor-button-wrapper\">\n\t\t\t\t\t<a class=\"elementor-button elementor-button-link elementor-size-sm\" href=\"https:\/\/crtpublicidade.com.br\/raibanesprev\/wp-content\/uploads\/2025\/04\/Relato\u0301rio-de-Auditoria-Assinado-31.12.2024.pdf\">\n\t\t\t\t\t\t<span class=\"elementor-button-content-wrapper\">\n\t\t\t\t\t\t\t\t\t<span class=\"elementor-button-text\">Auditoria Externa<\/span>\n\t\t\t\t\t<\/span>\n\t\t\t\t\t<\/a>\n\t\t\t\t<\/div>\n\t\t\t\t\t\t\t\t<\/div>\n\t\t\t\t<\/div>\n\t\t\t\t\t<\/div>\n\t\t<\/div>\n\t\t\t\t\t<\/div>\n\t\t<\/section>\n\t\t\t\t<\/div>\n\t\t","protected":false},"excerpt":{"rendered":"<p>Gest\u00e3o de Riscos A gest\u00e3o dos riscos e de controles internos do Banesprev segue pol\u00edtica pr\u00f3pria, que estabelece princ\u00edpios, responsabilidades e diretrizes para o processo de gest\u00e3o integrada de riscos e controles internos. O objetivo \u00e9 garantir o correto, completo e tempestivo registro das opera\u00e7\u00f5es realizadas pela entidade, bem como em rela\u00e7\u00e3o \u00e0s a\u00e7\u00f5es de [&hellip;]<\/p>\n","protected":false},"author":1,"featured_media":0,"parent":0,"menu_order":58,"comment_status":"closed","ping_status":"closed","template":"","meta":{"footnotes":""},"class_list":["post-2609","page","type-page","status-publish","hentry"],"acf":[],"_links":{"self":[{"href":"https:\/\/crtpublicidade.com.br\/raibanesprev\/wp-json\/wp\/v2\/pages\/2609","targetHints":{"allow":["GET"]}}],"collection":[{"href":"https:\/\/crtpublicidade.com.br\/raibanesprev\/wp-json\/wp\/v2\/pages"}],"about":[{"href":"https:\/\/crtpublicidade.com.br\/raibanesprev\/wp-json\/wp\/v2\/types\/page"}],"author":[{"embeddable":true,"href":"https:\/\/crtpublicidade.com.br\/raibanesprev\/wp-json\/wp\/v2\/users\/1"}],"replies":[{"embeddable":true,"href":"https:\/\/crtpublicidade.com.br\/raibanesprev\/wp-json\/wp\/v2\/comments?post=2609"}],"version-history":[{"count":57,"href":"https:\/\/crtpublicidade.com.br\/raibanesprev\/wp-json\/wp\/v2\/pages\/2609\/revisions"}],"predecessor-version":[{"id":5378,"href":"https:\/\/crtpublicidade.com.br\/raibanesprev\/wp-json\/wp\/v2\/pages\/2609\/revisions\/5378"}],"wp:attachment":[{"href":"https:\/\/crtpublicidade.com.br\/raibanesprev\/wp-json\/wp\/v2\/media?parent=2609"}],"curies":[{"name":"wp","href":"https:\/\/api.w.org\/{rel}","templated":true}]}}