{"id":3902,"date":"2025-03-31T18:51:42","date_gmt":"2025-03-31T21:51:42","guid":{"rendered":"https:\/\/crtpublicidade.com.br\/raibanesprev\/?page_id=3902"},"modified":"2026-04-29T16:57:33","modified_gmt":"2026-04-29T19:57:33","slug":"plano-pga","status":"publish","type":"page","link":"https:\/\/crtpublicidade.com.br\/raibanesprev\/raibanesprev2025\/plano-pga\/","title":{"rendered":"Plano PGA"},"content":{"rendered":"\t\t<div data-elementor-type=\"wp-page\" data-elementor-id=\"3902\" class=\"elementor elementor-3902\">\n\t\t\t\t\t\t<section class=\"elementor-section elementor-top-section elementor-element elementor-element-678ba364 elementor-section-content-middle elementor-section-boxed elementor-section-height-default elementor-section-height-default\" data-id=\"678ba364\" data-element_type=\"section\" data-settings=\"{&quot;background_background&quot;:&quot;classic&quot;}\">\n\t\t\t\t\t\t<div class=\"elementor-container elementor-column-gap-default\">\n\t\t\t\t\t<div class=\"elementor-column elementor-col-50 elementor-top-column elementor-element elementor-element-52db58c7\" data-id=\"52db58c7\" data-element_type=\"column\" data-settings=\"{&quot;background_background&quot;:&quot;classic&quot;}\">\n\t\t\t<div class=\"elementor-widget-wrap elementor-element-populated\">\n\t\t\t\t\t\t<div class=\"elementor-element elementor-element-31e55976 elementor-widget__width-auto elementor-view-default elementor-widget elementor-widget-icon\" data-id=\"31e55976\" data-element_type=\"widget\" data-widget_type=\"icon.default\">\n\t\t\t\t<div class=\"elementor-widget-container\">\n\t\t\t\t\t\t\t<div class=\"elementor-icon-wrapper\">\n\t\t\t<div class=\"elementor-icon\">\n\t\t\t<svg xmlns=\"http:\/\/www.w3.org\/2000\/svg\" width=\"18\" height=\"17\" viewBox=\"0 0 18 17\" fill=\"none\"><path d=\"M0 0H1V14L6.58 4.33L12.59 7.8L16.21 1.54L17.07 2.04L12.96 9.17L6.95 5.7L1 16H17V17H0V0Z\" fill=\"white\"><\/path><\/svg>\t\t\t<\/div>\n\t\t<\/div>\n\t\t\t\t\t\t<\/div>\n\t\t\t\t<\/div>\n\t\t\t\t<div class=\"elementor-element elementor-element-6f2d8384 elementor-widget elementor-widget-heading\" data-id=\"6f2d8384\" data-element_type=\"widget\" data-widget_type=\"heading.default\">\n\t\t\t\t<div class=\"elementor-widget-container\">\n\t\t\t\t\t<h2 class=\"elementor-heading-title elementor-size-default\">Investimentos<\/h2>\t\t\t\t<\/div>\n\t\t\t\t<\/div>\n\t\t\t\t<div class=\"elementor-element elementor-element-50a697f0 elementor-widget elementor-widget-text-editor\" data-id=\"50a697f0\" data-element_type=\"widget\" data-widget_type=\"text-editor.default\">\n\t\t\t\t<div class=\"elementor-widget-container\">\n\t\t\t\t\t\t\t\t\t<p>Acompanhe os resultados dos investimentos, distribui\u00e7\u00e3o da carteira e outros indicadores.<\/p>\t\t\t\t\t\t\t\t<\/div>\n\t\t\t\t<\/div>\n\t\t\t\t<div class=\"elementor-element elementor-element-7b5f261e elementor-widget elementor-widget-button\" data-id=\"7b5f261e\" data-element_type=\"widget\" data-widget_type=\"button.default\">\n\t\t\t\t<div class=\"elementor-widget-container\">\n\t\t\t\t\t\t\t\t\t<div class=\"elementor-button-wrapper\">\n\t\t\t\t\t<a class=\"elementor-button elementor-button-link elementor-size-sm\" href=\"https:\/\/crtpublicidade.com.br\/raibanesprev\/raibanesprev2025\/plano-pga\/investimentos\/\">\n\t\t\t\t\t\t<span class=\"elementor-button-content-wrapper\">\n\t\t\t\t\t\t\t\t\t<span class=\"elementor-button-text\">VER MAIS<\/span>\n\t\t\t\t\t<\/span>\n\t\t\t\t\t<\/a>\n\t\t\t\t<\/div>\n\t\t\t\t\t\t\t\t<\/div>\n\t\t\t\t<\/div>\n\t\t\t\t\t<\/div>\n\t\t<\/div>\n\t\t\t\t<div class=\"elementor-column elementor-col-50 elementor-top-column elementor-element elementor-element-3f196861\" data-id=\"3f196861\" data-element_type=\"column\" data-settings=\"{&quot;background_background&quot;:&quot;classic&quot;}\">\n\t\t\t<div class=\"elementor-widget-wrap elementor-element-populated\">\n\t\t\t\t\t\t<div class=\"elementor-element elementor-element-2fda0e6c elementor-widget__width-auto elementor-view-default elementor-widget elementor-widget-icon\" data-id=\"2fda0e6c\" data-element_type=\"widget\" data-widget_type=\"icon.default\">\n\t\t\t\t<div class=\"elementor-widget-container\">\n\t\t\t\t\t\t\t<div class=\"elementor-icon-wrapper\">\n\t\t\t<div class=\"elementor-icon\">\n\t\t\t<svg xmlns=\"http:\/\/www.w3.org\/2000\/svg\" width=\"14\" height=\"10\" viewBox=\"0 0 14 10\" fill=\"none\"><path d=\"M11.8619 1.21375C10.6187 0.5925 8.89188 0.25 7 0.25C5.10812 0.25 3.38125 0.5925 2.13812 1.21375C0.9375 1.8125 0.25 2.64688 0.25 3.5V6.5C0.25 7.35312 0.9375 8.1875 2.13812 8.78625C3.38125 9.4075 5.10812 9.75 7 9.75C8.89188 9.75 10.6187 9.4075 11.8619 8.78625C13.0625 8.1875 13.75 7.35312 13.75 6.5V3.5C13.75 2.64688 13.0625 1.8125 11.8619 1.21375ZM7 0.75C10.8606 0.75 13.25 2.1775 13.25 3.5C13.25 4.8225 10.8606 6.25 7 6.25C3.13937 6.25 0.75 4.8225 0.75 3.5C0.75 2.1775 3.13937 0.75 7 0.75ZM6.75 6.75V9.25C5.375 9.22813 4.19125 9.02187 3.25 8.70562V6.22812C4.26437 6.54687 5.465 6.72625 6.75 6.75ZM7.25 6.75C8.535 6.72937 9.73563 6.55 10.75 6.23125V8.70562C9.80875 9.02187 8.62812 9.22813 7.25 9.25V6.75ZM0.75 6.5V4.745C1.07188 5.13187 1.54187 5.48813 2.13812 5.78625C2.33062 5.8825 2.53562 5.97063 2.75 6.05375V8.515C1.46812 7.97938 0.75 7.22438 0.75 6.5ZM13.25 6.5C13.25 7.22438 12.5319 7.97938 11.25 8.515V6.05375C11.4644 5.97063 11.6694 5.8825 11.8619 5.78625C12.4581 5.48813 12.9281 5.13187 13.25 4.745V6.5Z\" fill=\"white\"><\/path><\/svg>\t\t\t<\/div>\n\t\t<\/div>\n\t\t\t\t\t\t<\/div>\n\t\t\t\t<\/div>\n\t\t\t\t<div class=\"elementor-element elementor-element-37267452 elementor-widget elementor-widget-heading\" data-id=\"37267452\" data-element_type=\"widget\" data-widget_type=\"heading.default\">\n\t\t\t\t<div class=\"elementor-widget-container\">\n\t\t\t\t\t<h2 class=\"elementor-heading-title elementor-size-default\">Despesas Administrativas<\/h2>\t\t\t\t<\/div>\n\t\t\t\t<\/div>\n\t\t\t\t<div class=\"elementor-element elementor-element-625bc0fe elementor-widget elementor-widget-text-editor\" data-id=\"625bc0fe\" data-element_type=\"widget\" data-widget_type=\"text-editor.default\">\n\t\t\t\t<div class=\"elementor-widget-container\">\n\t\t\t\t\t\t\t\t\t<div class=\"elementor-cta__description elementor-cta__content-item elementor-content-item elementor-animated-item--grow\">De maneira transparente, voc\u00ea acompanha aqui todas as despesas administrativas.<\/div>\t\t\t\t\t\t\t\t<\/div>\n\t\t\t\t<\/div>\n\t\t\t\t<div class=\"elementor-element elementor-element-700e398e elementor-widget elementor-widget-button\" data-id=\"700e398e\" data-element_type=\"widget\" data-widget_type=\"button.default\">\n\t\t\t\t<div class=\"elementor-widget-container\">\n\t\t\t\t\t\t\t\t\t<div class=\"elementor-button-wrapper\">\n\t\t\t\t\t<a class=\"elementor-button elementor-button-link elementor-size-sm\" href=\"https:\/\/crtpublicidade.com.br\/raibanesprev\/raibanesprev2025\/plano-pga\/despesas-administrativas\/\">\n\t\t\t\t\t\t<span class=\"elementor-button-content-wrapper\">\n\t\t\t\t\t\t\t\t\t<span class=\"elementor-button-text\">VER MAIS<\/span>\n\t\t\t\t\t<\/span>\n\t\t\t\t\t<\/a>\n\t\t\t\t<\/div>\n\t\t\t\t\t\t\t\t<\/div>\n\t\t\t\t<\/div>\n\t\t\t\t\t<\/div>\n\t\t<\/div>\n\t\t\t\t\t<\/div>\n\t\t<\/section>\n\t\t\t\t<\/div>\n\t\t","protected":false},"excerpt":{"rendered":"<p>&nbsp; Investimentos Acompanhe os resultados dos investimentos, distribui\u00e7\u00e3o da carteira e outros indicadores. VER MAIS Despesas Administrativas De maneira transparente, voc\u00ea acompanha aqui todas as despesas administrativas. VER MAIS<\/p>\n","protected":false},"author":1,"featured_media":0,"parent":0,"menu_order":0,"comment_status":"closed","ping_status":"closed","template":"pageplanos.php","meta":{"footnotes":""},"class_list":["post-3902","page","type-page","status-publish","hentry"],"acf":[],"_links":{"self":[{"href":"https:\/\/crtpublicidade.com.br\/raibanesprev\/raibanesprev2025\/wp-json\/wp\/v2\/pages\/3902","targetHints":{"allow":["GET"]}}],"collection":[{"href":"https:\/\/crtpublicidade.com.br\/raibanesprev\/raibanesprev2025\/wp-json\/wp\/v2\/pages"}],"about":[{"href":"https:\/\/crtpublicidade.com.br\/raibanesprev\/raibanesprev2025\/wp-json\/wp\/v2\/types\/page"}],"author":[{"embeddable":true,"href":"https:\/\/crtpublicidade.com.br\/raibanesprev\/raibanesprev2025\/wp-json\/wp\/v2\/users\/1"}],"replies":[{"embeddable":true,"href":"https:\/\/crtpublicidade.com.br\/raibanesprev\/raibanesprev2025\/wp-json\/wp\/v2\/comments?post=3902"}],"version-history":[{"count":17,"href":"https:\/\/crtpublicidade.com.br\/raibanesprev\/raibanesprev2025\/wp-json\/wp\/v2\/pages\/3902\/revisions"}],"predecessor-version":[{"id":5779,"href":"https:\/\/crtpublicidade.com.br\/raibanesprev\/raibanesprev2025\/wp-json\/wp\/v2\/pages\/3902\/revisions\/5779"}],"wp:attachment":[{"href":"https:\/\/crtpublicidade.com.br\/raibanesprev\/raibanesprev2025\/wp-json\/wp\/v2\/media?parent=3902"}],"curies":[{"name":"wp","href":"https:\/\/api.w.org\/{rel}","templated":true}]}}