{"id":3531,"date":"2025-03-31T13:24:49","date_gmt":"2025-03-31T16:24:49","guid":{"rendered":"https:\/\/crtpublicidade.com.br\/raibanesprev\/?page_id=3531"},"modified":"2026-04-30T16:17:07","modified_gmt":"2026-04-30T19:17:07","slug":"despesas-administrativas","status":"publish","type":"page","link":"https:\/\/crtpublicidade.com.br\/raibanesprev\/raibanesprev2025\/plano-i\/despesas-administrativas\/","title":{"rendered":"Despesas Administrativas"},"content":{"rendered":"\t\t<div data-elementor-type=\"wp-page\" data-elementor-id=\"3531\" class=\"elementor elementor-3531\">\n\t\t\t\t\t\t<section class=\"elementor-section elementor-top-section elementor-element elementor-element-7d082660 elementor-section-boxed elementor-section-height-default elementor-section-height-default\" data-id=\"7d082660\" data-element_type=\"section\">\n\t\t\t\t\t\t<div class=\"elementor-container elementor-column-gap-default\">\n\t\t\t\t\t<div class=\"elementor-column elementor-col-50 elementor-top-column elementor-element elementor-element-43d89830\" data-id=\"43d89830\" data-element_type=\"column\">\n\t\t\t<div class=\"elementor-widget-wrap elementor-element-populated\">\n\t\t\t\t\t\t<div class=\"elementor-element elementor-element-588b387e elementor-widget elementor-widget-heading\" data-id=\"588b387e\" data-element_type=\"widget\" data-widget_type=\"heading.default\">\n\t\t\t\t<div class=\"elementor-widget-container\">\n\t\t\t\t\t<h2 class=\"elementor-heading-title elementor-size-default\">Despesas Administrativas<\/h2>\t\t\t\t<\/div>\n\t\t\t\t<\/div>\n\t\t\t\t\t<\/div>\n\t\t<\/div>\n\t\t\t\t<div class=\"elementor-column elementor-col-50 elementor-top-column elementor-element elementor-element-7ff87b58\" data-id=\"7ff87b58\" data-element_type=\"column\" data-settings=\"{&quot;background_background&quot;:&quot;classic&quot;}\">\n\t\t\t<div class=\"elementor-widget-wrap elementor-element-populated\">\n\t\t\t\t\t<div class=\"elementor-background-overlay\"><\/div>\n\t\t\t\t\t\t<div class=\"elementor-element elementor-element-ffac90c elementor-widget elementor-widget-spacer\" data-id=\"ffac90c\" data-element_type=\"widget\" data-widget_type=\"spacer.default\">\n\t\t\t\t<div class=\"elementor-widget-container\">\n\t\t\t\t\t\t\t<div class=\"elementor-spacer\">\n\t\t\t<div class=\"elementor-spacer-inner\"><\/div>\n\t\t<\/div>\n\t\t\t\t\t\t<\/div>\n\t\t\t\t<\/div>\n\t\t\t\t\t<\/div>\n\t\t<\/div>\n\t\t\t\t\t<\/div>\n\t\t<\/section>\n\t\t\t\t<section class=\"elementor-section elementor-top-section elementor-element elementor-element-45b9dabe table_banesprev_pai elementor-section-boxed elementor-section-height-default elementor-section-height-default\" data-id=\"45b9dabe\" data-element_type=\"section\">\n\t\t\t\t\t\t<div class=\"elementor-container elementor-column-gap-default\">\n\t\t\t\t\t<div class=\"elementor-column elementor-col-100 elementor-top-column elementor-element elementor-element-7faabb85\" data-id=\"7faabb85\" data-element_type=\"column\">\n\t\t\t<div class=\"elementor-widget-wrap elementor-element-populated\">\n\t\t\t\t\t\t<div class=\"elementor-element elementor-element-2c07ea3b elementor-widget elementor-widget-heading\" data-id=\"2c07ea3b\" data-element_type=\"widget\" data-widget_type=\"heading.default\">\n\t\t\t\t<div class=\"elementor-widget-container\">\n\t\t\t\t\t<h2 class=\"elementor-heading-title elementor-size-default\">Plano I<\/h2>\t\t\t\t<\/div>\n\t\t\t\t<\/div>\n\t\t\t\t<div class=\"elementor-element elementor-element-481d76a6 elementor-widget elementor-widget-html\" data-id=\"481d76a6\" data-element_type=\"widget\" data-widget_type=\"html.default\">\n\t\t\t\t<div class=\"elementor-widget-container\">\n\t\t\t\t\t<table class=\"table table_banesprev_maxima\">\n    <thead>\n        <tr>\n            <th>Descri\u00e7\u00e3o<\/th>\n            <th>Acumulado no Ano<\/th>\n            <th>% Sobre o Total<\/th>\n        <\/tr>\n    <\/thead>\n    <tbody>\n        <tr>\n            <td><strong>DESPESAS<\/strong><\/td>\n            <td><strong>408.332,53<\/strong><\/td>\n            <td><strong>100,00%<\/strong><\/td>\n        <\/tr>\n        <tr>\n            <td><strong>ADMINISTRA\u00c7\u00c3O DOS PLANOS PREVIDENCIAIS<\/strong><\/td>\n            <td><strong>408.332,53<\/strong><\/td>\n            <td><strong>100,00%<\/strong><\/td>\n        <\/tr>\n\n        <tr>\n            <td class=\"lvl-1\"><strong>PESSOAL E ENCARGOS<\/strong><\/td>\n            <td><strong>147.137,03<\/strong><\/td>\n            <td><strong>36,03%<\/strong><\/td>\n        <\/tr>\n        <tr>\n            <td class=\"lvl-2\">DIRIGENTES<\/td>\n            <td>33.790,51<\/td>\n            <td>8,28%<\/td>\n        <\/tr>\n        <tr>\n            <td class=\"lvl-2\">PESSOAL PR\u00d3PRIO<\/td>\n            <td>112.582,54<\/td>\n            <td>27,57%<\/td>\n        <\/tr>\n        <tr>\n            <td class=\"lvl-2\">ESTAGI\u00c1RIOS\/JOVENS APRENDIZES<\/td>\n            <td>565,32<\/td>\n            <td>0,14%<\/td>\n        <\/tr>\n\n        <tr>\n            <td class=\"lvl-1\"><strong>TREINAMENTOS\/CONGRESSOS E SEMIN\u00c1RIOS<\/strong><\/td>\n            <td><strong>1.729,23<\/strong><\/td>\n            <td><strong>0,42%<\/strong><\/td>\n        <\/tr>\n\n        <tr>\n            <td class=\"lvl-1\"><strong>SERVI\u00c7OS DE TERCEIROS<\/strong><\/td>\n            <td><strong>152.975,85<\/strong><\/td>\n            <td><strong>37,46%<\/strong><\/td>\n        <\/tr>\n        <tr>\n            <td class=\"lvl-2\">SERVI\u00c7OS ATUARIAIS<\/td>\n            <td>7.989,91<\/td>\n            <td>1,96%<\/td>\n        <\/tr>\n        <tr>\n            <td class=\"lvl-2\">SERVI\u00c7OS JUR\u00cdDICOS<\/td>\n            <td>19.361,42<\/td>\n            <td>4,74%<\/td>\n        <\/tr>\n        <tr>\n            <td class=\"lvl-2\">TECNOLOGIA DA INFORMA\u00c7\u00c3O<\/td>\n            <td>93.011,60<\/td>\n            <td>22,78%<\/td>\n        <\/tr>\n        <tr>\n            <td class=\"lvl-2\">GEST\u00c3O\/PLANEJAMENTO ESTRAT\u00c9GICO<\/td>\n            <td>55,00<\/td>\n            <td>0,01%<\/td>\n        <\/tr>\n        <tr>\n            <td class=\"lvl-2\">AUDITORIA CONT\u00c1BIL<\/td>\n            <td>5.698,32<\/td>\n            <td>1,40%<\/td>\n        <\/tr>\n        <tr>\n            <td class=\"lvl-2\">SERVI\u00c7OS E CONSULTORIAS DE INVESTIMENTOS<\/td>\n            <td>132,19<\/td>\n            <td>0,03%<\/td>\n        <\/tr>\n        <tr>\n            <td class=\"lvl-2\">OUTROS<\/td>\n            <td>26.219,49<\/td>\n            <td>6,42%<\/td>\n        <\/tr>\n\n        <tr>\n            <td class=\"lvl-1\"><strong>DESPESAS GERAIS<\/strong><\/td>\n            <td><strong>14.815,32<\/strong><\/td>\n            <td><strong>3,63%<\/strong><\/td>\n        <\/tr>\n        <tr>\n            <td class=\"lvl-2\">Judiciais<\/td>\n            <td>1.173,66<\/td>\n            <td>0,29%<\/td>\n        <\/tr>\n        <tr>\n            <td class=\"lvl-2\">Cart\u00f3rios<\/td>\n            <td>357,39<\/td>\n            <td>0,09%<\/td>\n        <\/tr>\n        <tr>\n            <td class=\"lvl-2\">Aluguel Predial<\/td>\n            <td>0,00<\/td>\n            <td>0,00%<\/td>\n        <\/tr>\n        <tr>\n            <td class=\"lvl-2\">Correios<\/td>\n            <td>387,01<\/td>\n            <td>0,09%<\/td>\n        <\/tr>\n        <tr>\n            <td class=\"lvl-2\">Aluguel de Equipamentos<\/td>\n            <td>289,15<\/td>\n            <td>0,07%<\/td>\n        <\/tr>\n        <tr>\n            <td class=\"lvl-2\">Outras Despesas Gerais<\/td>\n            <td>456,76<\/td>\n            <td>0,11%<\/td>\n        <\/tr>\n\n        <tr>\n            <td class=\"lvl-1\"><strong>DEPRECIA\u00c7\u00d5ES E AMORTIZA\u00c7\u00d5ES<\/strong><\/td>\n            <td><strong>807,90<\/strong><\/td>\n            <td><strong>0,20%<\/strong><\/td>\n        <\/tr>\n\n        <tr>\n            <td class=\"lvl-1\"><strong>TRIBUTOS<\/strong><\/td>\n            <td><strong>90.453,73<\/strong><\/td>\n            <td><strong>22,15%<\/strong><\/td>\n        <\/tr>\n        <tr>\n            <td class=\"lvl-2\">PIS<\/td>\n            <td>4.249,06<\/td>\n            <td>1,04%<\/td>\n        <\/tr>\n        <tr>\n            <td class=\"lvl-2\">COFINS<\/td>\n            <td>26.147,84<\/td>\n            <td>6,40%<\/td>\n        <\/tr>\n        <tr>\n            <td class=\"lvl-2\">TAFIC<\/td>\n            <td>60.000,00<\/td>\n            <td>14,69%<\/td>\n        <\/tr>\n    <\/tbody>\n<\/table>\t\t\t\t<\/div>\n\t\t\t\t<\/div>\n\t\t\t\t\t<\/div>\n\t\t<\/div>\n\t\t\t\t\t<\/div>\n\t\t<\/section>\n\t\t\t\t<\/div>\n\t\t","protected":false},"excerpt":{"rendered":"<p>Despesas Administrativas Plano I Descri\u00e7\u00e3o Acumulado no Ano % Sobre o Total DESPESAS 408.332,53 100,00% ADMINISTRA\u00c7\u00c3O DOS PLANOS PREVIDENCIAIS 408.332,53 100,00% PESSOAL E ENCARGOS 147.137,03 36,03% DIRIGENTES 33.790,51 8,28% PESSOAL PR\u00d3PRIO 112.582,54 27,57% ESTAGI\u00c1RIOS\/JOVENS APRENDIZES 565,32 0,14% TREINAMENTOS\/CONGRESSOS E SEMIN\u00c1RIOS 1.729,23 0,42% SERVI\u00c7OS DE TERCEIROS 152.975,85 37,46% SERVI\u00c7OS ATUARIAIS 7.989,91 1,96% SERVI\u00c7OS JUR\u00cdDICOS 19.361,42 4,74% [&hellip;]<\/p>\n","protected":false},"author":1,"featured_media":0,"parent":2851,"menu_order":53,"comment_status":"closed","ping_status":"closed","template":"","meta":{"footnotes":""},"class_list":["post-3531","page","type-page","status-publish","hentry"],"acf":[],"_links":{"self":[{"href":"https:\/\/crtpublicidade.com.br\/raibanesprev\/raibanesprev2025\/wp-json\/wp\/v2\/pages\/3531","targetHints":{"allow":["GET"]}}],"collection":[{"href":"https:\/\/crtpublicidade.com.br\/raibanesprev\/raibanesprev2025\/wp-json\/wp\/v2\/pages"}],"about":[{"href":"https:\/\/crtpublicidade.com.br\/raibanesprev\/raibanesprev2025\/wp-json\/wp\/v2\/types\/page"}],"author":[{"embeddable":true,"href":"https:\/\/crtpublicidade.com.br\/raibanesprev\/raibanesprev2025\/wp-json\/wp\/v2\/users\/1"}],"replies":[{"embeddable":true,"href":"https:\/\/crtpublicidade.com.br\/raibanesprev\/raibanesprev2025\/wp-json\/wp\/v2\/comments?post=3531"}],"version-history":[{"count":19,"href":"https:\/\/crtpublicidade.com.br\/raibanesprev\/raibanesprev2025\/wp-json\/wp\/v2\/pages\/3531\/revisions"}],"predecessor-version":[{"id":6240,"href":"https:\/\/crtpublicidade.com.br\/raibanesprev\/raibanesprev2025\/wp-json\/wp\/v2\/pages\/3531\/revisions\/6240"}],"up":[{"embeddable":true,"href":"https:\/\/crtpublicidade.com.br\/raibanesprev\/raibanesprev2025\/wp-json\/wp\/v2\/pages\/2851"}],"wp:attachment":[{"href":"https:\/\/crtpublicidade.com.br\/raibanesprev\/raibanesprev2025\/wp-json\/wp\/v2\/media?parent=3531"}],"curies":[{"name":"wp","href":"https:\/\/api.w.org\/{rel}","templated":true}]}}