{"id":3517,"date":"2025-03-31T13:16:42","date_gmt":"2025-03-31T16:16:42","guid":{"rendered":"https:\/\/crtpublicidade.com.br\/raibanesprev\/?page_id=3517"},"modified":"2026-04-30T16:18:41","modified_gmt":"2026-04-30T19:18:41","slug":"despesas-administrativas","status":"publish","type":"page","link":"https:\/\/crtpublicidade.com.br\/raibanesprev\/raibanesprev2025\/plano-ii\/despesas-administrativas\/","title":{"rendered":"Despesas Administrativas"},"content":{"rendered":"\t\t<div data-elementor-type=\"wp-page\" data-elementor-id=\"3517\" class=\"elementor elementor-3517\">\n\t\t\t\t\t\t<section class=\"elementor-section elementor-top-section elementor-element elementor-element-3d8c1038 elementor-section-boxed elementor-section-height-default elementor-section-height-default\" data-id=\"3d8c1038\" data-element_type=\"section\">\n\t\t\t\t\t\t<div class=\"elementor-container elementor-column-gap-default\">\n\t\t\t\t\t<div class=\"elementor-column elementor-col-50 elementor-top-column elementor-element elementor-element-459312c7\" data-id=\"459312c7\" data-element_type=\"column\">\n\t\t\t<div class=\"elementor-widget-wrap elementor-element-populated\">\n\t\t\t\t\t\t<div class=\"elementor-element elementor-element-4e5ff87c elementor-widget elementor-widget-heading\" data-id=\"4e5ff87c\" data-element_type=\"widget\" data-widget_type=\"heading.default\">\n\t\t\t\t<div class=\"elementor-widget-container\">\n\t\t\t\t\t<h2 class=\"elementor-heading-title elementor-size-default\">Despesas Administrativas<\/h2>\t\t\t\t<\/div>\n\t\t\t\t<\/div>\n\t\t\t\t\t<\/div>\n\t\t<\/div>\n\t\t\t\t<div class=\"elementor-column elementor-col-50 elementor-top-column elementor-element elementor-element-7d12c218\" data-id=\"7d12c218\" data-element_type=\"column\" data-settings=\"{&quot;background_background&quot;:&quot;classic&quot;}\">\n\t\t\t<div class=\"elementor-widget-wrap elementor-element-populated\">\n\t\t\t\t\t<div class=\"elementor-background-overlay\"><\/div>\n\t\t\t\t\t\t<div class=\"elementor-element elementor-element-6543dc0 elementor-widget elementor-widget-spacer\" data-id=\"6543dc0\" data-element_type=\"widget\" data-widget_type=\"spacer.default\">\n\t\t\t\t<div class=\"elementor-widget-container\">\n\t\t\t\t\t\t\t<div class=\"elementor-spacer\">\n\t\t\t<div class=\"elementor-spacer-inner\"><\/div>\n\t\t<\/div>\n\t\t\t\t\t\t<\/div>\n\t\t\t\t<\/div>\n\t\t\t\t\t<\/div>\n\t\t<\/div>\n\t\t\t\t\t<\/div>\n\t\t<\/section>\n\t\t\t\t<section class=\"elementor-section elementor-top-section elementor-element elementor-element-45b9dabe table_banesprev_pai elementor-section-boxed elementor-section-height-default elementor-section-height-default\" data-id=\"45b9dabe\" data-element_type=\"section\">\n\t\t\t\t\t\t<div class=\"elementor-container elementor-column-gap-default\">\n\t\t\t\t\t<div class=\"elementor-column elementor-col-100 elementor-top-column elementor-element elementor-element-7faabb85\" data-id=\"7faabb85\" data-element_type=\"column\">\n\t\t\t<div class=\"elementor-widget-wrap elementor-element-populated\">\n\t\t\t\t\t\t<div class=\"elementor-element elementor-element-2c07ea3b elementor-widget elementor-widget-heading\" data-id=\"2c07ea3b\" data-element_type=\"widget\" data-widget_type=\"heading.default\">\n\t\t\t\t<div class=\"elementor-widget-container\">\n\t\t\t\t\t<h2 class=\"elementor-heading-title elementor-size-default\">Plano II<\/h2>\t\t\t\t<\/div>\n\t\t\t\t<\/div>\n\t\t\t\t<div class=\"elementor-element elementor-element-481d76a6 elementor-widget elementor-widget-html\" data-id=\"481d76a6\" data-element_type=\"widget\" data-widget_type=\"html.default\">\n\t\t\t\t<div class=\"elementor-widget-container\">\n\t\t\t\t\t<table class=\"table table_banesprev_maxima\">\n    <thead>\n        <tr>\n            <th>Descri\u00e7\u00e3o<\/th>\n            <th>Acumulado no Ano<\/th>\n            <th>% Sobre o Total<\/th>\n        <\/tr>\n    <\/thead>\n    <tbody>\n        <tr>\n            <td><strong>DESPESAS<\/strong><\/td>\n            <td><strong>11.489.540,53<\/strong><\/td>\n            <td><strong>100,00%<\/strong><\/td>\n        <\/tr>\n        <tr>\n            <td><strong>ADMINISTRA\u00c7\u00c3O DOS PLANOS PREVIDENCIAIS<\/strong><\/td>\n            <td><strong>11.489.540,53<\/strong><\/td>\n            <td><strong>100,00%<\/strong><\/td>\n        <\/tr>\n\n        <tr>\n            <td class=\"lvl-1\"><strong>PESSOAL E ENCARGOS<\/strong><\/td>\n            <td><strong>4.877.131,67<\/strong><\/td>\n            <td><strong>42,45%<\/strong><\/td>\n        <\/tr>\n        <tr>\n            <td class=\"lvl-2\">DIRIGENTES<\/td>\n            <td>1.131.426,34<\/td>\n            <td>9,85%<\/td>\n        <\/tr>\n        <tr>\n            <td class=\"lvl-2\">PESSOAL PR\u00d3PRIO<\/td>\n            <td>3.722.882,37<\/td>\n            <td>32,40%<\/td>\n        <\/tr>\n        <tr>\n            <td class=\"lvl-2\">ESTAGI\u00c1RIOS\/JOVENS APRENDIZES<\/td>\n            <td>17.873,80<\/td>\n            <td>0,16%<\/td>\n        <\/tr>\n\n        <tr>\n            <td class=\"lvl-1\"><strong>TREINAMENTOS\/CONGRESSOS E SEMIN\u00c1RIOS<\/strong><\/td>\n            <td><strong>62.173,66<\/strong><\/td>\n            <td><strong>0,54%<\/strong><\/td>\n        <\/tr>\n\n        <tr>\n            <td class=\"lvl-1\"><strong>SERVI\u00c7OS DE TERCEIROS<\/strong><\/td>\n            <td><strong>3.679.435,51<\/strong><\/td>\n            <td><strong>32,02%<\/strong><\/td>\n        <\/tr>\n        <tr>\n            <td class=\"lvl-2\">SERVI\u00c7OS ATUARIAIS<\/td>\n            <td>468.164,59<\/td>\n            <td>4,07%<\/td>\n        <\/tr>\n        <tr>\n            <td class=\"lvl-2\">SERVI\u00c7OS JUR\u00cdDICOS<\/td>\n            <td>556.576,14<\/td>\n            <td>4,84%<\/td>\n        <\/tr>\n        <tr>\n            <td class=\"lvl-2\">TECNOLOGIA DA INFORMA\u00c7\u00c3O<\/td>\n            <td>1.620.100,63<\/td>\n            <td>14,10%<\/td>\n        <\/tr>\n        <tr>\n            <td class=\"lvl-2\">GEST\u00c3O\/PLANEJAMENTO ESTRAT\u00c9GICO<\/td>\n            <td>1.819,03<\/td>\n            <td>0,02%<\/td>\n        <\/tr>\n        <tr>\n            <td class=\"lvl-2\">AUDITORIA CONT\u00c1BIL<\/td>\n            <td>191.056,25<\/td>\n            <td>1,66%<\/td>\n        <\/tr>\n        <tr>\n            <td class=\"lvl-2\">SERVI\u00c7OS E CONSULTORIAS DE INVESTIMENTOS<\/td>\n            <td>34.933,56<\/td>\n            <td>0,30%<\/td>\n        <\/tr>\n        <tr>\n            <td class=\"lvl-2\">OUTROS<\/td>\n            <td>789.780,00<\/td>\n            <td>6,87%<\/td>\n        <\/tr>\n\n        <tr>\n            <td class=\"lvl-1\"><strong>DESPESAS GERAIS<\/strong><\/td>\n            <td><strong>561.878,47<\/strong><\/td>\n            <td><strong>4,89%<\/strong><\/td>\n        <\/tr>\n        <tr>\n            <td class=\"lvl-2\">Judiciais<\/td>\n            <td>119.318,06<\/td>\n            <td>1,04%<\/td>\n        <\/tr>\n        <tr>\n            <td class=\"lvl-2\">Cart\u00f3rios<\/td>\n            <td>11.839,25<\/td>\n            <td>0,10%<\/td>\n        <\/tr>\n        <tr>\n            <td class=\"lvl-2\">Aluguel Predial<\/td>\n            <td>0,00<\/td>\n            <td>0,00%<\/td>\n        <\/tr>\n        <tr>\n            <td class=\"lvl-2\">Correios<\/td>\n            <td>6.012,65<\/td>\n            <td>0,05%<\/td>\n        <\/tr>\n        <tr>\n            <td class=\"lvl-2\">Aluguel de Equipamentos<\/td>\n            <td>9.507,27<\/td>\n            <td>0,08%<\/td>\n        <\/tr>\n        <tr>\n            <td class=\"lvl-2\">Outras Despesas Gerais<\/td>\n            <td>15.050,93<\/td>\n            <td>0,13%<\/td>\n        <\/tr>\n\n        <tr>\n            <td class=\"lvl-1\"><strong>DEPRECIA\u00c7\u00d5ES E AMORTIZA\u00c7\u00d5ES<\/strong><\/td>\n            <td><strong>26.590,61<\/strong><\/td>\n            <td><strong>0,23%<\/strong><\/td>\n        <\/tr>\n\n        <tr>\n            <td class=\"lvl-1\"><strong>TRIBUTOS<\/strong><\/td>\n            <td><strong>2.259.748,96<\/strong><\/td>\n            <td><strong>19,67%<\/strong><\/td>\n        <\/tr>\n        <tr>\n            <td class=\"lvl-2\">PIS<\/td>\n            <td>231.741,37<\/td>\n            <td>2,02%<\/td>\n        <\/tr>\n        <tr>\n            <td class=\"lvl-2\">COFINS<\/td>\n            <td>1.426.100,98<\/td>\n            <td>12,41%<\/td>\n        <\/tr>\n        <tr>\n            <td class=\"lvl-2\">TAFIC<\/td>\n            <td>600.000,00<\/td>\n            <td>5,22%<\/td>\n        <\/tr>\n    <\/tbody>\n<\/table>\t\t\t\t<\/div>\n\t\t\t\t<\/div>\n\t\t\t\t\t<\/div>\n\t\t<\/div>\n\t\t\t\t\t<\/div>\n\t\t<\/section>\n\t\t\t\t<\/div>\n\t\t","protected":false},"excerpt":{"rendered":"<p>Despesas Administrativas Plano II Descri\u00e7\u00e3o Acumulado no Ano % Sobre o Total DESPESAS 11.489.540,53 100,00% ADMINISTRA\u00c7\u00c3O DOS PLANOS PREVIDENCIAIS 11.489.540,53 100,00% PESSOAL E ENCARGOS 4.877.131,67 42,45% DIRIGENTES 1.131.426,34 9,85% PESSOAL PR\u00d3PRIO 3.722.882,37 32,40% ESTAGI\u00c1RIOS\/JOVENS APRENDIZES 17.873,80 0,16% TREINAMENTOS\/CONGRESSOS E SEMIN\u00c1RIOS 62.173,66 0,54% SERVI\u00c7OS DE TERCEIROS 3.679.435,51 32,02% SERVI\u00c7OS ATUARIAIS 468.164,59 4,07% SERVI\u00c7OS JUR\u00cdDICOS 556.576,14 4,84% [&hellip;]<\/p>\n","protected":false},"author":1,"featured_media":0,"parent":2872,"menu_order":49,"comment_status":"closed","ping_status":"closed","template":"","meta":{"footnotes":""},"class_list":["post-3517","page","type-page","status-publish","hentry"],"acf":[],"_links":{"self":[{"href":"https:\/\/crtpublicidade.com.br\/raibanesprev\/raibanesprev2025\/wp-json\/wp\/v2\/pages\/3517","targetHints":{"allow":["GET"]}}],"collection":[{"href":"https:\/\/crtpublicidade.com.br\/raibanesprev\/raibanesprev2025\/wp-json\/wp\/v2\/pages"}],"about":[{"href":"https:\/\/crtpublicidade.com.br\/raibanesprev\/raibanesprev2025\/wp-json\/wp\/v2\/types\/page"}],"author":[{"embeddable":true,"href":"https:\/\/crtpublicidade.com.br\/raibanesprev\/raibanesprev2025\/wp-json\/wp\/v2\/users\/1"}],"replies":[{"embeddable":true,"href":"https:\/\/crtpublicidade.com.br\/raibanesprev\/raibanesprev2025\/wp-json\/wp\/v2\/comments?post=3517"}],"version-history":[{"count":16,"href":"https:\/\/crtpublicidade.com.br\/raibanesprev\/raibanesprev2025\/wp-json\/wp\/v2\/pages\/3517\/revisions"}],"predecessor-version":[{"id":6243,"href":"https:\/\/crtpublicidade.com.br\/raibanesprev\/raibanesprev2025\/wp-json\/wp\/v2\/pages\/3517\/revisions\/6243"}],"up":[{"embeddable":true,"href":"https:\/\/crtpublicidade.com.br\/raibanesprev\/raibanesprev2025\/wp-json\/wp\/v2\/pages\/2872"}],"wp:attachment":[{"href":"https:\/\/crtpublicidade.com.br\/raibanesprev\/raibanesprev2025\/wp-json\/wp\/v2\/media?parent=3517"}],"curies":[{"name":"wp","href":"https:\/\/api.w.org\/{rel}","templated":true}]}}