{"id":3486,"date":"2025-03-31T12:59:32","date_gmt":"2025-03-31T15:59:32","guid":{"rendered":"https:\/\/crtpublicidade.com.br\/raibanesprev\/?page_id=3486"},"modified":"2026-04-30T16:22:16","modified_gmt":"2026-04-30T19:22:16","slug":"despesas-administrativas","status":"publish","type":"page","link":"https:\/\/crtpublicidade.com.br\/raibanesprev\/raibanesprev2025\/plano-iv\/despesas-administrativas\/","title":{"rendered":"Despesas Administrativas"},"content":{"rendered":"\t\t<div data-elementor-type=\"wp-page\" data-elementor-id=\"3486\" class=\"elementor elementor-3486\">\n\t\t\t\t\t\t<section class=\"elementor-section elementor-top-section elementor-element elementor-element-6a07fa8 elementor-section-boxed elementor-section-height-default elementor-section-height-default\" data-id=\"6a07fa8\" data-element_type=\"section\">\n\t\t\t\t\t\t<div class=\"elementor-container elementor-column-gap-default\">\n\t\t\t\t\t<div class=\"elementor-column elementor-col-50 elementor-top-column elementor-element elementor-element-3b0f0cb\" data-id=\"3b0f0cb\" data-element_type=\"column\">\n\t\t\t<div class=\"elementor-widget-wrap elementor-element-populated\">\n\t\t\t\t\t\t<div class=\"elementor-element elementor-element-13859a8 elementor-widget elementor-widget-heading\" data-id=\"13859a8\" data-element_type=\"widget\" data-widget_type=\"heading.default\">\n\t\t\t\t<div class=\"elementor-widget-container\">\n\t\t\t\t\t<h2 class=\"elementor-heading-title elementor-size-default\">Despesas Administrativas<\/h2>\t\t\t\t<\/div>\n\t\t\t\t<\/div>\n\t\t\t\t\t<\/div>\n\t\t<\/div>\n\t\t\t\t<div class=\"elementor-column elementor-col-50 elementor-top-column elementor-element elementor-element-98bc868\" data-id=\"98bc868\" data-element_type=\"column\" data-settings=\"{&quot;background_background&quot;:&quot;classic&quot;}\">\n\t\t\t<div class=\"elementor-widget-wrap elementor-element-populated\">\n\t\t\t\t\t<div class=\"elementor-background-overlay\"><\/div>\n\t\t\t\t\t\t<div class=\"elementor-element elementor-element-7a9b5fd elementor-widget elementor-widget-spacer\" data-id=\"7a9b5fd\" data-element_type=\"widget\" data-widget_type=\"spacer.default\">\n\t\t\t\t<div class=\"elementor-widget-container\">\n\t\t\t\t\t\t\t<div class=\"elementor-spacer\">\n\t\t\t<div class=\"elementor-spacer-inner\"><\/div>\n\t\t<\/div>\n\t\t\t\t\t\t<\/div>\n\t\t\t\t<\/div>\n\t\t\t\t\t<\/div>\n\t\t<\/div>\n\t\t\t\t\t<\/div>\n\t\t<\/section>\n\t\t\t\t<section class=\"elementor-section elementor-top-section elementor-element elementor-element-45b9dabe table_banesprev_pai elementor-section-boxed elementor-section-height-default elementor-section-height-default\" data-id=\"45b9dabe\" data-element_type=\"section\">\n\t\t\t\t\t\t<div class=\"elementor-container elementor-column-gap-default\">\n\t\t\t\t\t<div class=\"elementor-column elementor-col-100 elementor-top-column elementor-element elementor-element-7faabb85\" data-id=\"7faabb85\" data-element_type=\"column\">\n\t\t\t<div class=\"elementor-widget-wrap elementor-element-populated\">\n\t\t\t\t\t\t<div class=\"elementor-element elementor-element-2c07ea3b elementor-widget elementor-widget-heading\" data-id=\"2c07ea3b\" data-element_type=\"widget\" data-widget_type=\"heading.default\">\n\t\t\t\t<div class=\"elementor-widget-container\">\n\t\t\t\t\t<h2 class=\"elementor-heading-title elementor-size-default\">Plano IV<\/h2>\t\t\t\t<\/div>\n\t\t\t\t<\/div>\n\t\t\t\t<div class=\"elementor-element elementor-element-481d76a6 elementor-widget elementor-widget-html\" data-id=\"481d76a6\" data-element_type=\"widget\" data-widget_type=\"html.default\">\n\t\t\t\t<div class=\"elementor-widget-container\">\n\t\t\t\t\t<table class=\"table table_banesprev_maxima\">\n    <thead>\n        <tr>\n            <th>Descri\u00e7\u00e3o<\/th>\n            <th>Acumulado no Ano<\/th>\n            <th>% Sobre o Total<\/th>\n        <\/tr>\n    <\/thead>\n    <tbody>\n        <tr>\n            <td><strong>DESPESAS<\/strong><\/td>\n            <td><strong>140.393,99<\/strong><\/td>\n            <td><strong>100,00%<\/strong><\/td>\n        <\/tr>\n        <tr>\n            <td><strong>ADMINISTRA\u00c7\u00c3O DOS PLANOS PREVIDENCIAIS<\/strong><\/td>\n            <td><strong>140.393,99<\/strong><\/td>\n            <td><strong>100,00%<\/strong><\/td>\n        <\/tr>\n\n        <tr>\n            <td class=\"lvl-1\"><strong>PESSOAL E ENCARGOS<\/strong><\/td>\n            <td><strong>17.966,97<\/strong><\/td>\n            <td><strong>12,80%<\/strong><\/td>\n        <\/tr>\n        <tr>\n            <td class=\"lvl-2\">DIRIGENTES<\/td>\n            <td>4.104,76<\/td>\n            <td>2,92%<\/td>\n        <\/tr>\n        <tr>\n            <td class=\"lvl-2\">PESSOAL PR\u00d3PRIO<\/td>\n            <td>13.767,58<\/td>\n            <td>9,81%<\/td>\n        <\/tr>\n        <tr>\n            <td class=\"lvl-2\">ESTAGI\u00c1RIOS\/JOVENS APRENDIZES<\/td>\n            <td>70,38<\/td>\n            <td>0,05%<\/td>\n        <\/tr>\n\n        <tr>\n            <td class=\"lvl-1\"><strong>TREINAMENTOS\/CONGRESSOS E SEMIN\u00c1RIOS<\/strong><\/td>\n            <td><strong>205,16<\/strong><\/td>\n            <td><strong>0,15%<\/strong><\/td>\n        <\/tr>\n\n        <tr>\n            <td class=\"lvl-1\"><strong>SERVI\u00c7OS DE TERCEIROS<\/strong><\/td>\n            <td><strong>112.649,87<\/strong><\/td>\n            <td><strong>80,24%<\/strong><\/td>\n        <\/tr>\n        <tr>\n            <td class=\"lvl-2\">SERVI\u00c7OS ATUARIAIS<\/td>\n            <td>41.283,48<\/td>\n            <td>29,41%<\/td>\n        <\/tr>\n        <tr>\n            <td class=\"lvl-2\">SERVI\u00c7OS JUR\u00cdDICOS<\/td>\n            <td>1.213,52<\/td>\n            <td>0,86%<\/td>\n        <\/tr>\n        <tr>\n            <td class=\"lvl-2\">TECNOLOGIA DA INFORMA\u00c7\u00c3O<\/td>\n            <td>64.621,08<\/td>\n            <td>46,03%<\/td>\n        <\/tr>\n        <tr>\n            <td class=\"lvl-2\">GEST\u00c3O\/PLANEJAMENTO ESTRAT\u00c9GICO<\/td>\n            <td>6,66<\/td>\n            <td>0,00%<\/td>\n        <\/tr>\n        <tr>\n            <td class=\"lvl-2\">AUDITORIA CONT\u00c1BIL<\/td>\n            <td>670,41<\/td>\n            <td>0,48%<\/td>\n        <\/tr>\n        <tr>\n            <td class=\"lvl-2\">SERVI\u00c7OS E CONSULTORIAS DE INVESTIMENTOS<\/td>\n            <td>0,00<\/td>\n            <td>0,00%<\/td>\n        <\/tr>\n        <tr>\n            <td class=\"lvl-2\">OUTROS<\/td>\n            <td>4.794,77<\/td>\n            <td>3,42%<\/td>\n        <\/tr>\n\n        <tr>\n            <td class=\"lvl-1\"><strong>DESPESAS GERAIS<\/strong><\/td>\n            <td><strong>1.700,03<\/strong><\/td>\n            <td><strong>1,21%<\/strong><\/td>\n        <\/tr>\n        <tr>\n            <td class=\"lvl-2\">Judiciais<\/td>\n            <td>41,87<\/td>\n            <td>0,03%<\/td>\n        <\/tr>\n        <tr>\n            <td class=\"lvl-2\">Cart\u00f3rios<\/td>\n            <td>43,18<\/td>\n            <td>0,03%<\/td>\n        <\/tr>\n        <tr>\n            <td class=\"lvl-2\">Aluguel Predial<\/td>\n            <td>0,00<\/td>\n            <td>0,00%<\/td>\n        <\/tr>\n        <tr>\n            <td class=\"lvl-2\">Correios<\/td>\n            <td>16,25<\/td>\n            <td>0,01%<\/td>\n        <\/tr>\n        <tr>\n            <td class=\"lvl-2\">Aluguel de Equipamentos<\/td>\n            <td>35,50<\/td>\n            <td>0,03%<\/td>\n        <\/tr>\n        <tr>\n            <td class=\"lvl-2\">Outras Despesas Gerais<\/td>\n            <td>55,66<\/td>\n            <td>0,04%<\/td>\n        <\/tr>\n\n        <tr>\n            <td class=\"lvl-1\"><strong>DEPRECIA\u00c7\u00d5ES E AMORTIZA\u00c7\u00d5ES<\/strong><\/td>\n            <td><strong>99,11<\/strong><\/td>\n            <td><strong>0,07%<\/strong><\/td>\n        <\/tr>\n\n        <tr>\n            <td class=\"lvl-1\"><strong>TRIBUTOS<\/strong><\/td>\n            <td><strong>7.728,59<\/strong><\/td>\n            <td><strong>5,50%<\/strong><\/td>\n        <\/tr>\n        <tr>\n            <td class=\"lvl-2\">PIS<\/td>\n            <td>817,31<\/td>\n            <td>0,58%<\/td>\n        <\/tr>\n        <tr>\n            <td class=\"lvl-2\">COFINS<\/td>\n            <td>5.029,59<\/td>\n            <td>3,58%<\/td>\n        <\/tr>\n        <tr>\n            <td class=\"lvl-2\">TAFIC<\/td>\n            <td>1.875,00<\/td>\n            <td>1,34%<\/td>\n        <\/tr>\n    <\/tbody>\n<\/table>\t\t\t\t<\/div>\n\t\t\t\t<\/div>\n\t\t\t\t\t<\/div>\n\t\t<\/div>\n\t\t\t\t\t<\/div>\n\t\t<\/section>\n\t\t\t\t<\/div>\n\t\t","protected":false},"excerpt":{"rendered":"<p>Despesas Administrativas Plano IV Descri\u00e7\u00e3o Acumulado no Ano % Sobre o Total DESPESAS 140.393,99 100,00% ADMINISTRA\u00c7\u00c3O DOS PLANOS PREVIDENCIAIS 140.393,99 100,00% PESSOAL E ENCARGOS 17.966,97 12,80% DIRIGENTES 4.104,76 2,92% PESSOAL PR\u00d3PRIO 13.767,58 9,81% ESTAGI\u00c1RIOS\/JOVENS APRENDIZES 70,38 0,05% TREINAMENTOS\/CONGRESSOS E SEMIN\u00c1RIOS 205,16 0,15% SERVI\u00c7OS DE TERCEIROS 112.649,87 80,24% SERVI\u00c7OS ATUARIAIS 41.283,48 29,41% SERVI\u00c7OS JUR\u00cdDICOS 1.213,52 0,86% [&hellip;]<\/p>\n","protected":false},"author":1,"featured_media":0,"parent":2903,"menu_order":41,"comment_status":"closed","ping_status":"closed","template":"","meta":{"footnotes":""},"class_list":["post-3486","page","type-page","status-publish","hentry"],"acf":[],"_links":{"self":[{"href":"https:\/\/crtpublicidade.com.br\/raibanesprev\/raibanesprev2025\/wp-json\/wp\/v2\/pages\/3486","targetHints":{"allow":["GET"]}}],"collection":[{"href":"https:\/\/crtpublicidade.com.br\/raibanesprev\/raibanesprev2025\/wp-json\/wp\/v2\/pages"}],"about":[{"href":"https:\/\/crtpublicidade.com.br\/raibanesprev\/raibanesprev2025\/wp-json\/wp\/v2\/types\/page"}],"author":[{"embeddable":true,"href":"https:\/\/crtpublicidade.com.br\/raibanesprev\/raibanesprev2025\/wp-json\/wp\/v2\/users\/1"}],"replies":[{"embeddable":true,"href":"https:\/\/crtpublicidade.com.br\/raibanesprev\/raibanesprev2025\/wp-json\/wp\/v2\/comments?post=3486"}],"version-history":[{"count":19,"href":"https:\/\/crtpublicidade.com.br\/raibanesprev\/raibanesprev2025\/wp-json\/wp\/v2\/pages\/3486\/revisions"}],"predecessor-version":[{"id":6249,"href":"https:\/\/crtpublicidade.com.br\/raibanesprev\/raibanesprev2025\/wp-json\/wp\/v2\/pages\/3486\/revisions\/6249"}],"up":[{"embeddable":true,"href":"https:\/\/crtpublicidade.com.br\/raibanesprev\/raibanesprev2025\/wp-json\/wp\/v2\/pages\/2903"}],"wp:attachment":[{"href":"https:\/\/crtpublicidade.com.br\/raibanesprev\/raibanesprev2025\/wp-json\/wp\/v2\/media?parent=3486"}],"curies":[{"name":"wp","href":"https:\/\/api.w.org\/{rel}","templated":true}]}}