{"id":3425,"date":"2025-03-31T12:30:49","date_gmt":"2025-03-31T15:30:49","guid":{"rendered":"https:\/\/crtpublicidade.com.br\/raibanesprev\/?page_id=3425"},"modified":"2026-04-30T16:27:31","modified_gmt":"2026-04-30T19:27:31","slug":"despesas-administrativas","status":"publish","type":"page","link":"https:\/\/crtpublicidade.com.br\/raibanesprev\/raibanesprev2025\/plano-dca\/despesas-administrativas\/","title":{"rendered":"Despesas Administrativas"},"content":{"rendered":"\t\t<div data-elementor-type=\"wp-page\" data-elementor-id=\"3425\" class=\"elementor elementor-3425\">\n\t\t\t\t\t\t<section class=\"elementor-section elementor-top-section elementor-element elementor-element-7a0edb2 elementor-section-boxed elementor-section-height-default elementor-section-height-default\" data-id=\"7a0edb2\" data-element_type=\"section\">\n\t\t\t\t\t\t<div class=\"elementor-container elementor-column-gap-default\">\n\t\t\t\t\t<div class=\"elementor-column elementor-col-50 elementor-top-column elementor-element elementor-element-feb9323\" data-id=\"feb9323\" data-element_type=\"column\">\n\t\t\t<div class=\"elementor-widget-wrap elementor-element-populated\">\n\t\t\t\t\t\t<div class=\"elementor-element elementor-element-0e1018f elementor-widget elementor-widget-heading\" data-id=\"0e1018f\" data-element_type=\"widget\" data-widget_type=\"heading.default\">\n\t\t\t\t<div class=\"elementor-widget-container\">\n\t\t\t\t\t<h2 class=\"elementor-heading-title elementor-size-default\">Despesas Administrativas<\/h2>\t\t\t\t<\/div>\n\t\t\t\t<\/div>\n\t\t\t\t\t<\/div>\n\t\t<\/div>\n\t\t\t\t<div class=\"elementor-column elementor-col-50 elementor-top-column elementor-element elementor-element-8f5f5cf\" data-id=\"8f5f5cf\" data-element_type=\"column\" data-settings=\"{&quot;background_background&quot;:&quot;classic&quot;}\">\n\t\t\t<div class=\"elementor-widget-wrap elementor-element-populated\">\n\t\t\t\t\t<div class=\"elementor-background-overlay\"><\/div>\n\t\t\t\t\t\t<div class=\"elementor-element elementor-element-b98bf15 elementor-widget elementor-widget-spacer\" data-id=\"b98bf15\" data-element_type=\"widget\" data-widget_type=\"spacer.default\">\n\t\t\t\t<div class=\"elementor-widget-container\">\n\t\t\t\t\t\t\t<div class=\"elementor-spacer\">\n\t\t\t<div class=\"elementor-spacer-inner\"><\/div>\n\t\t<\/div>\n\t\t\t\t\t\t<\/div>\n\t\t\t\t<\/div>\n\t\t\t\t\t<\/div>\n\t\t<\/div>\n\t\t\t\t\t<\/div>\n\t\t<\/section>\n\t\t\t\t<section class=\"elementor-section elementor-top-section elementor-element elementor-element-45b9dabe table_banesprev_pai elementor-section-boxed elementor-section-height-default elementor-section-height-default\" data-id=\"45b9dabe\" data-element_type=\"section\">\n\t\t\t\t\t\t<div class=\"elementor-container elementor-column-gap-default\">\n\t\t\t\t\t<div class=\"elementor-column elementor-col-100 elementor-top-column elementor-element elementor-element-7faabb85\" data-id=\"7faabb85\" data-element_type=\"column\">\n\t\t\t<div class=\"elementor-widget-wrap elementor-element-populated\">\n\t\t\t\t\t\t<div class=\"elementor-element elementor-element-2c07ea3b elementor-widget elementor-widget-heading\" data-id=\"2c07ea3b\" data-element_type=\"widget\" data-widget_type=\"heading.default\">\n\t\t\t\t<div class=\"elementor-widget-container\">\n\t\t\t\t\t<h2 class=\"elementor-heading-title elementor-size-default\">Plano DCA<\/h2>\t\t\t\t<\/div>\n\t\t\t\t<\/div>\n\t\t\t\t<div class=\"elementor-element elementor-element-481d76a6 elementor-widget elementor-widget-html\" data-id=\"481d76a6\" data-element_type=\"widget\" data-widget_type=\"html.default\">\n\t\t\t\t<div class=\"elementor-widget-container\">\n\t\t\t\t\t<table class=\"table table_banesprev_maxima\">\n    <thead>\n        <tr>\n            <th>Descri\u00e7\u00e3o<\/th>\n            <th>Acumulado no Ano<\/th>\n            <th>% Sobre o Total<\/th>\n        <\/tr>\n    <\/thead>\n    <tbody>\n        <tr>\n            <td><strong>DESPESAS<\/strong><\/td>\n            <td><strong>198.055,34<\/strong><\/td>\n            <td><strong>100,00%<\/strong><\/td>\n        <\/tr>\n        <tr>\n            <td><strong>ADMINISTRA\u00c7\u00c3O DOS PLANOS PREVIDENCIAIS<\/strong><\/td>\n            <td><strong>198.055,34<\/strong><\/td>\n            <td><strong>100,00%<\/strong><\/td>\n        <\/tr>\n\n        <tr>\n            <td class=\"lvl-1\"><strong>PESSOAL E ENCARGOS<\/strong><\/td>\n            <td><strong>39.523,23<\/strong><\/td>\n            <td><strong>19,96%<\/strong><\/td>\n        <\/tr>\n        <tr>\n            <td class=\"lvl-2\">DIRIGENTES<\/td>\n            <td>9.045,50<\/td>\n            <td>4,57%<\/td>\n        <\/tr>\n        <tr>\n            <td class=\"lvl-2\">PESSOAL PR\u00d3PRIO<\/td>\n            <td>30.269,59<\/td>\n            <td>15,28%<\/td>\n        <\/tr>\n        <tr>\n            <td class=\"lvl-2\">ESTAGI\u00c1RIOS\/JOVENS APRENDIZES<\/td>\n            <td>153,86<\/td>\n            <td>0,08%<\/td>\n        <\/tr>\n\n        <tr>\n            <td class=\"lvl-1\"><strong>TREINAMENTOS\/CONGRESSOS E SEMIN\u00c1RIOS<\/strong><\/td>\n            <td><strong>454,96<\/strong><\/td>\n            <td><strong>0,23%<\/strong><\/td>\n        <\/tr>\n\n        <tr>\n            <td class=\"lvl-1\"><strong>SERVI\u00c7OS DE TERCEIROS<\/strong><\/td>\n            <td><strong>137.162,06<\/strong><\/td>\n            <td><strong>69,25%<\/strong><\/td>\n        <\/tr>\n        <tr>\n            <td class=\"lvl-2\">SERVI\u00c7OS ATUARIAIS<\/td>\n            <td>73.050,73<\/td>\n            <td>36,88%<\/td>\n        <\/tr>\n        <tr>\n            <td class=\"lvl-2\">SERVI\u00c7OS JUR\u00cdDICOS<\/td>\n            <td>5.687,86<\/td>\n            <td>2,87%<\/td>\n        <\/tr>\n        <tr>\n            <td class=\"lvl-2\">TECNOLOGIA DA INFORMA\u00c7\u00c3O<\/td>\n            <td>46.480,14<\/td>\n            <td>23,47%<\/td>\n        <\/tr>\n        <tr>\n            <td class=\"lvl-2\">GEST\u00c3O\/PLANEJAMENTO ESTRAT\u00c9GICO<\/td>\n            <td>14,72<\/td>\n            <td>0,01%<\/td>\n        <\/tr>\n        <tr>\n            <td class=\"lvl-2\">AUDITORIA CONT\u00c1BIL<\/td>\n            <td>1.500,45<\/td>\n            <td>0,76%<\/td>\n        <\/tr>\n        <tr>\n            <td class=\"lvl-2\">SERVI\u00c7OS E CONSULTORIAS DE INVESTIMENTOS<\/td>\n            <td>0,00<\/td>\n            <td>0,00%<\/td>\n        <\/tr>\n        <tr>\n            <td class=\"lvl-2\">OUTROS<\/td>\n            <td>10.294,20<\/td>\n            <td>5,20%<\/td>\n        <\/tr>\n\n        <tr>\n            <td class=\"lvl-1\"><strong>DESPESAS GERAIS<\/strong><\/td>\n            <td><strong>6.542,21<\/strong><\/td>\n            <td><strong>3,30%<\/strong><\/td>\n        <\/tr>\n        <tr>\n            <td class=\"lvl-2\">Judiciais<\/td>\n            <td>2.922,26<\/td>\n            <td>1,48%<\/td>\n        <\/tr>\n        <tr>\n            <td class=\"lvl-2\">Cart\u00f3rios<\/td>\n            <td>95,49<\/td>\n            <td>0,05%<\/td>\n        <\/tr>\n        <tr>\n            <td class=\"lvl-2\">Aluguel Predial<\/td>\n            <td>0,00<\/td>\n            <td>0,00%<\/td>\n        <\/tr>\n        <tr>\n            <td class=\"lvl-2\">Correios<\/td>\n            <td>35,72<\/td>\n            <td>0,02%<\/td>\n        <\/tr>\n        <tr>\n            <td class=\"lvl-2\">Aluguel de Equipamentos<\/td>\n            <td>77,94<\/td>\n            <td>0,04%<\/td>\n        <\/tr>\n        <tr>\n            <td class=\"lvl-2\">Outras Despesas Gerais<\/td>\n            <td>122,63<\/td>\n            <td>0,06%<\/td>\n        <\/tr>\n\n        <tr>\n            <td class=\"lvl-1\"><strong>DEPRECIA\u00c7\u00d5ES E AMORTIZA\u00c7\u00d5ES<\/strong><\/td>\n            <td><strong>217,58<\/strong><\/td>\n            <td><strong>0,11%<\/strong><\/td>\n        <\/tr>\n\n        <tr>\n            <td class=\"lvl-1\"><strong>TRIBUTOS<\/strong><\/td>\n            <td><strong>14.056,25<\/strong><\/td>\n            <td><strong>7,10%<\/strong><\/td>\n        <\/tr>\n        <tr>\n            <td class=\"lvl-2\">PIS<\/td>\n            <td>1.281,32<\/td>\n            <td>0,65%<\/td>\n        <\/tr>\n        <tr>\n            <td class=\"lvl-2\">COFINS<\/td>\n            <td>7.884,96<\/td>\n            <td>3,98%<\/td>\n        <\/tr>\n        <tr>\n            <td class=\"lvl-2\">TAFIC<\/td>\n            <td>4.875,00<\/td>\n            <td>2,46%<\/td>\n        <\/tr>\n    <\/tbody>\n<\/table>\t\t\t\t<\/div>\n\t\t\t\t<\/div>\n\t\t\t\t\t<\/div>\n\t\t<\/div>\n\t\t\t\t\t<\/div>\n\t\t<\/section>\n\t\t\t\t<\/div>\n\t\t","protected":false},"excerpt":{"rendered":"<p>Despesas Administrativas Plano DCA Descri\u00e7\u00e3o Acumulado no Ano % Sobre o Total DESPESAS 198.055,34 100,00% ADMINISTRA\u00c7\u00c3O DOS PLANOS PREVIDENCIAIS 198.055,34 100,00% PESSOAL E ENCARGOS 39.523,23 19,96% DIRIGENTES 9.045,50 4,57% PESSOAL PR\u00d3PRIO 30.269,59 15,28% ESTAGI\u00c1RIOS\/JOVENS APRENDIZES 153,86 0,08% TREINAMENTOS\/CONGRESSOS E SEMIN\u00c1RIOS 454,96 0,23% SERVI\u00c7OS DE TERCEIROS 137.162,06 69,25% SERVI\u00c7OS ATUARIAIS 73.050,73 36,88% SERVI\u00c7OS JUR\u00cdDICOS 5.687,86 2,87% [&hellip;]<\/p>\n","protected":false},"author":1,"featured_media":0,"parent":2947,"menu_order":21,"comment_status":"closed","ping_status":"closed","template":"","meta":{"footnotes":""},"class_list":["post-3425","page","type-page","status-publish","hentry"],"acf":[],"_links":{"self":[{"href":"https:\/\/crtpublicidade.com.br\/raibanesprev\/raibanesprev2025\/wp-json\/wp\/v2\/pages\/3425","targetHints":{"allow":["GET"]}}],"collection":[{"href":"https:\/\/crtpublicidade.com.br\/raibanesprev\/raibanesprev2025\/wp-json\/wp\/v2\/pages"}],"about":[{"href":"https:\/\/crtpublicidade.com.br\/raibanesprev\/raibanesprev2025\/wp-json\/wp\/v2\/types\/page"}],"author":[{"embeddable":true,"href":"https:\/\/crtpublicidade.com.br\/raibanesprev\/raibanesprev2025\/wp-json\/wp\/v2\/users\/1"}],"replies":[{"embeddable":true,"href":"https:\/\/crtpublicidade.com.br\/raibanesprev\/raibanesprev2025\/wp-json\/wp\/v2\/comments?post=3425"}],"version-history":[{"count":22,"href":"https:\/\/crtpublicidade.com.br\/raibanesprev\/raibanesprev2025\/wp-json\/wp\/v2\/pages\/3425\/revisions"}],"predecessor-version":[{"id":6261,"href":"https:\/\/crtpublicidade.com.br\/raibanesprev\/raibanesprev2025\/wp-json\/wp\/v2\/pages\/3425\/revisions\/6261"}],"up":[{"embeddable":true,"href":"https:\/\/crtpublicidade.com.br\/raibanesprev\/raibanesprev2025\/wp-json\/wp\/v2\/pages\/2947"}],"wp:attachment":[{"href":"https:\/\/crtpublicidade.com.br\/raibanesprev\/raibanesprev2025\/wp-json\/wp\/v2\/media?parent=3425"}],"curies":[{"name":"wp","href":"https:\/\/api.w.org\/{rel}","templated":true}]}}