{"id":3392,"date":"2025-03-31T11:47:31","date_gmt":"2025-03-31T14:47:31","guid":{"rendered":"https:\/\/crtpublicidade.com.br\/raibanesprev\/?page_id=3392"},"modified":"2026-04-30T16:29:00","modified_gmt":"2026-04-30T19:29:00","slug":"despesas-administrativas","status":"publish","type":"page","link":"https:\/\/crtpublicidade.com.br\/raibanesprev\/raibanesprev2025\/plano-sanprev-i\/despesas-administrativas\/","title":{"rendered":"Despesas Administrativas"},"content":{"rendered":"\t\t<div data-elementor-type=\"wp-page\" data-elementor-id=\"3392\" class=\"elementor elementor-3392\">\n\t\t\t\t\t\t<section class=\"elementor-section elementor-top-section elementor-element elementor-element-cc05dcd elementor-section-boxed elementor-section-height-default elementor-section-height-default\" data-id=\"cc05dcd\" data-element_type=\"section\">\n\t\t\t\t\t\t<div class=\"elementor-container elementor-column-gap-default\">\n\t\t\t\t\t<div class=\"elementor-column elementor-col-50 elementor-top-column elementor-element elementor-element-2943cd0\" data-id=\"2943cd0\" data-element_type=\"column\">\n\t\t\t<div class=\"elementor-widget-wrap elementor-element-populated\">\n\t\t\t\t\t\t<div class=\"elementor-element elementor-element-6c118c5 elementor-widget elementor-widget-heading\" data-id=\"6c118c5\" data-element_type=\"widget\" data-widget_type=\"heading.default\">\n\t\t\t\t<div class=\"elementor-widget-container\">\n\t\t\t\t\t<h2 class=\"elementor-heading-title elementor-size-default\">Despesas Administrativas<\/h2>\t\t\t\t<\/div>\n\t\t\t\t<\/div>\n\t\t\t\t\t<\/div>\n\t\t<\/div>\n\t\t\t\t<div class=\"elementor-column elementor-col-50 elementor-top-column elementor-element elementor-element-f64cf0d\" data-id=\"f64cf0d\" data-element_type=\"column\" data-settings=\"{&quot;background_background&quot;:&quot;classic&quot;}\">\n\t\t\t<div class=\"elementor-widget-wrap elementor-element-populated\">\n\t\t\t\t\t<div class=\"elementor-background-overlay\"><\/div>\n\t\t\t\t\t\t<div class=\"elementor-element elementor-element-b0f8fbc elementor-widget elementor-widget-spacer\" data-id=\"b0f8fbc\" data-element_type=\"widget\" data-widget_type=\"spacer.default\">\n\t\t\t\t<div class=\"elementor-widget-container\">\n\t\t\t\t\t\t\t<div class=\"elementor-spacer\">\n\t\t\t<div class=\"elementor-spacer-inner\"><\/div>\n\t\t<\/div>\n\t\t\t\t\t\t<\/div>\n\t\t\t\t<\/div>\n\t\t\t\t\t<\/div>\n\t\t<\/div>\n\t\t\t\t\t<\/div>\n\t\t<\/section>\n\t\t\t\t<section class=\"elementor-section elementor-top-section elementor-element elementor-element-45b9dabe table_banesprev_pai elementor-section-boxed elementor-section-height-default elementor-section-height-default\" data-id=\"45b9dabe\" data-element_type=\"section\">\n\t\t\t\t\t\t<div class=\"elementor-container elementor-column-gap-default\">\n\t\t\t\t\t<div class=\"elementor-column elementor-col-100 elementor-top-column elementor-element elementor-element-7faabb85\" data-id=\"7faabb85\" data-element_type=\"column\">\n\t\t\t<div class=\"elementor-widget-wrap elementor-element-populated\">\n\t\t\t\t\t\t<div class=\"elementor-element elementor-element-2c07ea3b elementor-widget elementor-widget-heading\" data-id=\"2c07ea3b\" data-element_type=\"widget\" data-widget_type=\"heading.default\">\n\t\t\t\t<div class=\"elementor-widget-container\">\n\t\t\t\t\t<h2 class=\"elementor-heading-title elementor-size-default\">Plano Sanprev I<\/h2>\t\t\t\t<\/div>\n\t\t\t\t<\/div>\n\t\t\t\t<div class=\"elementor-element elementor-element-481d76a6 elementor-widget elementor-widget-html\" data-id=\"481d76a6\" data-element_type=\"widget\" data-widget_type=\"html.default\">\n\t\t\t\t<div class=\"elementor-widget-container\">\n\t\t\t\t\t<table class=\"table table_banesprev_maxima\">\n    <thead>\n        <tr>\n            <th>Descri\u00e7\u00e3o<\/th>\n            <th>Acumulado no Ano<\/th>\n            <th>% Sobre o Total<\/th>\n        <\/tr>\n    <\/thead>\n    <tbody>\n        <tr>\n            <td><strong>DESPESAS<\/strong><\/td>\n            <td><strong>148.611,45<\/strong><\/td>\n            <td><strong>100,00%<\/strong><\/td>\n        <\/tr>\n        <tr>\n            <td><strong>ADMINISTRA\u00c7\u00c3O DOS PLANOS PREVIDENCIAIS<\/strong><\/td>\n            <td><strong>148.611,45<\/strong><\/td>\n            <td><strong>100,00%<\/strong><\/td>\n        <\/tr>\n\n        <tr>\n            <td class=\"lvl-1\"><strong>PESSOAL E ENCARGOS<\/strong><\/td>\n            <td><strong>4.916,13<\/strong><\/td>\n            <td><strong>3,31%<\/strong><\/td>\n        <\/tr>\n        <tr>\n            <td class=\"lvl-2\">DIRIGENTES<\/td>\n            <td>1.128,17<\/td>\n            <td>0,76%<\/td>\n        <\/tr>\n        <tr>\n            <td class=\"lvl-2\">PESSOAL PR\u00d3PRIO<\/td>\n            <td>3.762,08<\/td>\n            <td>2,53%<\/td>\n        <\/tr>\n        <tr>\n            <td class=\"lvl-2\">ESTAGI\u00c1RIOS\/JOVENS APRENDIZES<\/td>\n            <td>18,95<\/td>\n            <td>0,01%<\/td>\n        <\/tr>\n\n        <tr>\n            <td class=\"lvl-1\"><strong>TREINAMENTOS\/CONGRESSOS E SEMIN\u00c1RIOS<\/strong><\/td>\n            <td><strong>57,31<\/strong><\/td>\n            <td><strong>0,04%<\/strong><\/td>\n        <\/tr>\n\n        <tr>\n            <td class=\"lvl-1\"><strong>SERVI\u00c7OS DE TERCEIROS<\/strong><\/td>\n            <td><strong>136.109,61<\/strong><\/td>\n            <td><strong>91,59%<\/strong><\/td>\n        <\/tr>\n        <tr>\n            <td class=\"lvl-2\">SERVI\u00c7OS ATUARIAIS<\/td>\n            <td>74.963,28<\/td>\n            <td>50,44%<\/td>\n        <\/tr>\n        <tr>\n            <td class=\"lvl-2\">SERVI\u00c7OS JUR\u00cdDICOS<\/td>\n            <td>682,99<\/td>\n            <td>0,46%<\/td>\n        <\/tr>\n        <tr>\n            <td class=\"lvl-2\">TECNOLOGIA DA INFORMA\u00c7\u00c3O<\/td>\n            <td>57.750,66<\/td>\n            <td>38,86%<\/td>\n        <\/tr>\n        <tr>\n            <td class=\"lvl-2\">GEST\u00c3O\/PLANEJAMENTO ESTRAT\u00c9GICO<\/td>\n            <td>1,84<\/td>\n            <td>0,00%<\/td>\n        <\/tr>\n        <tr>\n            <td class=\"lvl-2\">AUDITORIA CONT\u00c1BIL<\/td>\n            <td>191,55<\/td>\n            <td>0,13%<\/td>\n        <\/tr>\n        <tr>\n            <td class=\"lvl-2\">SERVI\u00c7OS E CONSULTORIAS DE INVESTIMENTOS<\/td>\n            <td>0,00<\/td>\n            <td>0,00%<\/td>\n        <\/tr>\n        <tr>\n            <td class=\"lvl-2\">OUTROS<\/td>\n            <td>2.502,22<\/td>\n            <td>1,68%<\/td>\n        <\/tr>\n\n        <tr>\n            <td class=\"lvl-1\"><strong>DESPESAS GERAIS<\/strong><\/td>\n            <td><strong>463,50<\/strong><\/td>\n            <td><strong>0,31%<\/strong><\/td>\n        <\/tr>\n        <tr>\n            <td class=\"lvl-2\">Judiciais<\/td>\n            <td>0,09<\/td>\n            <td>0,00%<\/td>\n        <\/tr>\n        <tr>\n            <td class=\"lvl-2\">Cart\u00f3rios<\/td>\n            <td>11,98<\/td>\n            <td>0,01%<\/td>\n        <\/tr>\n        <tr>\n            <td class=\"lvl-2\">Aluguel Predial<\/td>\n            <td>0,00<\/td>\n            <td>0,00%<\/td>\n        <\/tr>\n        <tr>\n            <td class=\"lvl-2\">Correios<\/td>\n            <td>20,35<\/td>\n            <td>0,01%<\/td>\n        <\/tr>\n        <tr>\n            <td class=\"lvl-2\">Aluguel de Equipamentos<\/td>\n            <td>9,67<\/td>\n            <td>0,01%<\/td>\n        <\/tr>\n        <tr>\n            <td class=\"lvl-2\">Outras Despesas Gerais<\/td>\n            <td>15,29<\/td>\n            <td>0,01%<\/td>\n        <\/tr>\n\n        <tr>\n            <td class=\"lvl-1\"><strong>DEPRECIA\u00c7\u00d5ES E AMORTIZA\u00c7\u00d5ES<\/strong><\/td>\n            <td><strong>27,01<\/strong><\/td>\n            <td><strong>0,02%<\/strong><\/td>\n        <\/tr>\n\n        <tr>\n            <td class=\"lvl-1\"><strong>TRIBUTOS<\/strong><\/td>\n            <td><strong>7.025,24<\/strong><\/td>\n            <td><strong>4,73%<\/strong><\/td>\n        <\/tr>\n        <tr>\n            <td class=\"lvl-2\">PIS<\/td>\n            <td>719,66<\/td>\n            <td>0,48%<\/td>\n        <\/tr>\n        <tr>\n            <td class=\"lvl-2\">COFINS<\/td>\n            <td>4.428,67<\/td>\n            <td>2,98%<\/td>\n        <\/tr>\n        <tr>\n            <td class=\"lvl-2\">TAFIC<\/td>\n            <td>1.875,00<\/td>\n            <td>1,26%<\/td>\n        <\/tr>\n    <\/tbody>\n<\/table>\t\t\t\t<\/div>\n\t\t\t\t<\/div>\n\t\t\t\t\t<\/div>\n\t\t<\/div>\n\t\t\t\t\t<\/div>\n\t\t<\/section>\n\t\t\t\t<\/div>\n\t\t","protected":false},"excerpt":{"rendered":"<p>Despesas Administrativas Plano Sanprev I Descri\u00e7\u00e3o Acumulado no Ano % Sobre o Total DESPESAS 148.611,45 100,00% ADMINISTRA\u00c7\u00c3O DOS PLANOS PREVIDENCIAIS 148.611,45 100,00% PESSOAL E ENCARGOS 4.916,13 3,31% DIRIGENTES 1.128,17 0,76% PESSOAL PR\u00d3PRIO 3.762,08 2,53% ESTAGI\u00c1RIOS\/JOVENS APRENDIZES 18,95 0,01% TREINAMENTOS\/CONGRESSOS E SEMIN\u00c1RIOS 57,31 0,04% SERVI\u00c7OS DE TERCEIROS 136.109,61 91,59% SERVI\u00c7OS ATUARIAIS 74.963,28 50,44% SERVI\u00c7OS JUR\u00cdDICOS 682,99 [&hellip;]<\/p>\n","protected":false},"author":1,"featured_media":0,"parent":2963,"menu_order":13,"comment_status":"closed","ping_status":"closed","template":"","meta":{"footnotes":""},"class_list":["post-3392","page","type-page","status-publish","hentry"],"acf":[],"_links":{"self":[{"href":"https:\/\/crtpublicidade.com.br\/raibanesprev\/raibanesprev2025\/wp-json\/wp\/v2\/pages\/3392","targetHints":{"allow":["GET"]}}],"collection":[{"href":"https:\/\/crtpublicidade.com.br\/raibanesprev\/raibanesprev2025\/wp-json\/wp\/v2\/pages"}],"about":[{"href":"https:\/\/crtpublicidade.com.br\/raibanesprev\/raibanesprev2025\/wp-json\/wp\/v2\/types\/page"}],"author":[{"embeddable":true,"href":"https:\/\/crtpublicidade.com.br\/raibanesprev\/raibanesprev2025\/wp-json\/wp\/v2\/users\/1"}],"replies":[{"embeddable":true,"href":"https:\/\/crtpublicidade.com.br\/raibanesprev\/raibanesprev2025\/wp-json\/wp\/v2\/comments?post=3392"}],"version-history":[{"count":25,"href":"https:\/\/crtpublicidade.com.br\/raibanesprev\/raibanesprev2025\/wp-json\/wp\/v2\/pages\/3392\/revisions"}],"predecessor-version":[{"id":6267,"href":"https:\/\/crtpublicidade.com.br\/raibanesprev\/raibanesprev2025\/wp-json\/wp\/v2\/pages\/3392\/revisions\/6267"}],"up":[{"embeddable":true,"href":"https:\/\/crtpublicidade.com.br\/raibanesprev\/raibanesprev2025\/wp-json\/wp\/v2\/pages\/2963"}],"wp:attachment":[{"href":"https:\/\/crtpublicidade.com.br\/raibanesprev\/raibanesprev2025\/wp-json\/wp\/v2\/media?parent=3392"}],"curies":[{"name":"wp","href":"https:\/\/api.w.org\/{rel}","templated":true}]}}