{"id":2609,"date":"2025-03-27T20:40:46","date_gmt":"2025-03-27T23:40:46","guid":{"rendered":"https:\/\/crtpublicidade.com.br\/raibanesprev\/?page_id=2609"},"modified":"2026-04-29T17:04:07","modified_gmt":"2026-04-29T20:04:07","slug":"governanca-corporativa","status":"publish","type":"page","link":"https:\/\/crtpublicidade.com.br\/raibanesprev\/raibanesprev2025\/governanca-corporativa\/","title":{"rendered":"Governan\u00e7a Corporativa"},"content":{"rendered":"\t\t<div data-elementor-type=\"wp-page\" data-elementor-id=\"2609\" class=\"elementor elementor-2609\">\n\t\t\t\t\t\t<section class=\"elementor-section elementor-top-section elementor-element elementor-element-7002bc88 elementor-section-boxed elementor-section-height-default elementor-section-height-default\" data-id=\"7002bc88\" data-element_type=\"section\" id=\"gestao\">\n\t\t\t\t\t\t<div class=\"elementor-container elementor-column-gap-default\">\n\t\t\t\t\t<div class=\"elementor-column elementor-col-50 elementor-top-column elementor-element elementor-element-56a40450\" data-id=\"56a40450\" data-element_type=\"column\">\n\t\t\t<div class=\"elementor-widget-wrap elementor-element-populated\">\n\t\t\t\t\t\t<div class=\"elementor-element elementor-element-7797085e elementor-widget elementor-widget-heading\" data-id=\"7797085e\" data-element_type=\"widget\" data-widget_type=\"heading.default\">\n\t\t\t\t<div class=\"elementor-widget-container\">\n\t\t\t\t\t<h2 class=\"elementor-heading-title elementor-size-default\">Gest\u00e3o de Riscos<\/h2>\t\t\t\t<\/div>\n\t\t\t\t<\/div>\n\t\t\t\t\t<\/div>\n\t\t<\/div>\n\t\t\t\t<div class=\"elementor-column elementor-col-50 elementor-top-column elementor-element elementor-element-84705ae\" data-id=\"84705ae\" data-element_type=\"column\" data-settings=\"{&quot;background_background&quot;:&quot;classic&quot;}\">\n\t\t\t<div class=\"elementor-widget-wrap elementor-element-populated\">\n\t\t\t\t\t<div class=\"elementor-background-overlay\"><\/div>\n\t\t\t\t\t\t<div class=\"elementor-element elementor-element-312f6fd0 elementor-widget elementor-widget-spacer\" data-id=\"312f6fd0\" data-element_type=\"widget\" data-widget_type=\"spacer.default\">\n\t\t\t\t<div class=\"elementor-widget-container\">\n\t\t\t\t\t\t\t<div class=\"elementor-spacer\">\n\t\t\t<div class=\"elementor-spacer-inner\"><\/div>\n\t\t<\/div>\n\t\t\t\t\t\t<\/div>\n\t\t\t\t<\/div>\n\t\t\t\t\t<\/div>\n\t\t<\/div>\n\t\t\t\t\t<\/div>\n\t\t<\/section>\n\t\t\t\t<section class=\"elementor-section elementor-top-section elementor-element elementor-element-43b70ab2 elementor-section-boxed elementor-section-height-default elementor-section-height-default\" data-id=\"43b70ab2\" data-element_type=\"section\">\n\t\t\t\t\t\t<div class=\"elementor-container elementor-column-gap-default\">\n\t\t\t\t\t<div class=\"elementor-column elementor-col-100 elementor-top-column elementor-element elementor-element-697e9e3e\" data-id=\"697e9e3e\" data-element_type=\"column\">\n\t\t\t<div class=\"elementor-widget-wrap elementor-element-populated\">\n\t\t\t\t\t\t<div class=\"elementor-element elementor-element-5055c55b elementor-widget elementor-widget-text-editor\" data-id=\"5055c55b\" data-element_type=\"widget\" data-widget_type=\"text-editor.default\">\n\t\t\t\t<div class=\"elementor-widget-container\">\n\t\t\t\t\t\t\t\t\t<p data-start=\"84\" data-end=\"261\">A Gest\u00e3o de Riscos do Banesprev \u00e9 conduzida de forma estruturada e integrada, com o objetivo de identificar, avaliar, monitorar e mitigar os riscos inerentes \u00e0s suas atividades.<\/p><p data-start=\"84\" data-end=\"261\">\u00a0<\/p><p data-start=\"263\" data-end=\"328\"><strong data-start=\"263\" data-end=\"328\">O modelo adotado est\u00e1 fundamentado nas tr\u00eas linhas de defesa:<\/strong><\/p>\t\t\t\t\t\t\t\t<\/div>\n\t\t\t\t<\/div>\n\t\t\t\t\t<\/div>\n\t\t<\/div>\n\t\t\t\t\t<\/div>\n\t\t<\/section>\n\t\t\t\t<section class=\"elementor-section elementor-top-section elementor-element elementor-element-d3ef1ea elementor-section-boxed elementor-section-height-default elementor-section-height-default\" data-id=\"d3ef1ea\" data-element_type=\"section\">\n\t\t\t\t\t\t<div class=\"elementor-container elementor-column-gap-default\">\n\t\t\t\t\t<div class=\"elementor-column elementor-col-100 elementor-top-column elementor-element elementor-element-c84be36\" data-id=\"c84be36\" data-element_type=\"column\">\n\t\t\t<div class=\"elementor-widget-wrap elementor-element-populated\">\n\t\t\t\t\t\t<div class=\"elementor-element elementor-element-829ce0c elementor-widget elementor-widget-text-editor\" data-id=\"829ce0c\" data-element_type=\"widget\" data-widget_type=\"text-editor.default\">\n\t\t\t\t<div class=\"elementor-widget-container\">\n\t\t\t\t\t\t\t\t\t<p data-start=\"330\" data-end=\"647\"><strong data-start=\"330\" data-end=\"374\">1\u00aa linha de defesa \u2013 gest\u00e3o operacional.<\/strong><br data-start=\"374\" data-end=\"377\" \/>Formada pelas \u00e1reas de neg\u00f3cio, executoras das atividades no Banesprev. S\u00e3o respons\u00e1veis por identificar, avaliar e tratar os riscos no dia a dia, adotando controles internos e garantindo que os processos sejam executados conforme as normas e procedimentos operacionais.<\/p>\t\t\t\t\t\t\t\t<\/div>\n\t\t\t\t<\/div>\n\t\t\t\t\t<\/div>\n\t\t<\/div>\n\t\t\t\t\t<\/div>\n\t\t<\/section>\n\t\t\t\t<section class=\"elementor-section elementor-top-section elementor-element elementor-element-0556991 elementor-section-boxed elementor-section-height-default elementor-section-height-default\" data-id=\"0556991\" data-element_type=\"section\">\n\t\t\t\t\t\t<div class=\"elementor-container elementor-column-gap-default\">\n\t\t\t\t\t<div class=\"elementor-column elementor-col-100 elementor-top-column elementor-element elementor-element-dfca5c5\" data-id=\"dfca5c5\" data-element_type=\"column\">\n\t\t\t<div class=\"elementor-widget-wrap elementor-element-populated\">\n\t\t\t\t\t\t<div class=\"elementor-element elementor-element-6b16aed elementor-widget elementor-widget-text-editor\" data-id=\"6b16aed\" data-element_type=\"widget\" data-widget_type=\"text-editor.default\">\n\t\t\t\t<div class=\"elementor-widget-container\">\n\t\t\t\t\t\t\t\t\t<p data-start=\"649\" data-end=\"1051\"><strong data-start=\"649\" data-end=\"693\">2\u00aa linha de defesa \u2013 fun\u00e7\u00e3o de controle.<\/strong><br data-start=\"693\" data-end=\"696\" \/>Compreende a \u00e1rea de governan\u00e7a do Banesprev, a qual det\u00e9m a responsabilidade pela supervis\u00e3o e monitoramento da gest\u00e3o de riscos, compliance e controles internos, fornecendo orienta\u00e7\u00f5es e acompanhando a efic\u00e1cia dos controles e municiando os \u00f3rg\u00e3os de governan\u00e7a da entidade, de informa\u00e7\u00f5es relevantes para o monitoramento dos riscos e tomada de decis\u00e3o.<\/p>\t\t\t\t\t\t\t\t<\/div>\n\t\t\t\t<\/div>\n\t\t\t\t\t<\/div>\n\t\t<\/div>\n\t\t\t\t\t<\/div>\n\t\t<\/section>\n\t\t\t\t<section class=\"elementor-section elementor-top-section elementor-element elementor-element-ba2d249 elementor-section-boxed elementor-section-height-default elementor-section-height-default\" data-id=\"ba2d249\" data-element_type=\"section\">\n\t\t\t\t\t\t<div class=\"elementor-container elementor-column-gap-default\">\n\t\t\t\t\t<div class=\"elementor-column elementor-col-100 elementor-top-column elementor-element elementor-element-2e639d8\" data-id=\"2e639d8\" data-element_type=\"column\">\n\t\t\t<div class=\"elementor-widget-wrap elementor-element-populated\">\n\t\t\t\t\t\t<div class=\"elementor-element elementor-element-ab00684 elementor-widget elementor-widget-text-editor\" data-id=\"ab00684\" data-element_type=\"widget\" data-widget_type=\"text-editor.default\">\n\t\t\t\t<div class=\"elementor-widget-container\">\n\t\t\t\t\t\t\t\t\t<p data-start=\"649\" data-end=\"1051\"><strong data-start=\"1053\" data-end=\"1096\">3\u00aa linha de defesa \u2013 auditoria interna.<\/strong><br data-start=\"1096\" data-end=\"1099\" \/>\u00c9 a camada de verifica\u00e7\u00e3o independente, a qual est\u00e1 sob responsabilidade do Comit\u00ea de Auditoria. Ela avalia de maneira objetiva a efetividade das duas primeiras linhas, revisando processos, controles e pr\u00e1ticas de gest\u00e3o de riscos, e reportando suas conclus\u00f5es diretamente ao Conselho Deliberativo.<\/p>\t\t\t\t\t\t\t\t<\/div>\n\t\t\t\t<\/div>\n\t\t\t\t\t<\/div>\n\t\t<\/div>\n\t\t\t\t\t<\/div>\n\t\t<\/section>\n\t\t\t\t<section class=\"elementor-section elementor-top-section elementor-element elementor-element-b8846c5 elementor-section-boxed elementor-section-height-default elementor-section-height-default\" data-id=\"b8846c5\" data-element_type=\"section\" id=\"compliance\">\n\t\t\t\t\t\t<div class=\"elementor-container elementor-column-gap-default\">\n\t\t\t\t\t<div class=\"elementor-column elementor-col-50 elementor-top-column elementor-element elementor-element-ab27b10\" data-id=\"ab27b10\" data-element_type=\"column\">\n\t\t\t<div class=\"elementor-widget-wrap elementor-element-populated\">\n\t\t\t\t\t\t<div class=\"elementor-element elementor-element-59a7314 elementor-widget elementor-widget-heading\" data-id=\"59a7314\" data-element_type=\"widget\" data-widget_type=\"heading.default\">\n\t\t\t\t<div class=\"elementor-widget-container\">\n\t\t\t\t\t<h2 class=\"elementor-heading-title elementor-size-default\">Compliance<\/h2>\t\t\t\t<\/div>\n\t\t\t\t<\/div>\n\t\t\t\t\t<\/div>\n\t\t<\/div>\n\t\t\t\t<div class=\"elementor-column elementor-col-50 elementor-top-column elementor-element elementor-element-bc142c6\" data-id=\"bc142c6\" data-element_type=\"column\" data-settings=\"{&quot;background_background&quot;:&quot;classic&quot;}\">\n\t\t\t<div class=\"elementor-widget-wrap elementor-element-populated\">\n\t\t\t\t\t<div class=\"elementor-background-overlay\"><\/div>\n\t\t\t\t\t\t<div class=\"elementor-element elementor-element-c681154 elementor-widget elementor-widget-spacer\" data-id=\"c681154\" data-element_type=\"widget\" data-widget_type=\"spacer.default\">\n\t\t\t\t<div class=\"elementor-widget-container\">\n\t\t\t\t\t\t\t<div class=\"elementor-spacer\">\n\t\t\t<div class=\"elementor-spacer-inner\"><\/div>\n\t\t<\/div>\n\t\t\t\t\t\t<\/div>\n\t\t\t\t<\/div>\n\t\t\t\t\t<\/div>\n\t\t<\/div>\n\t\t\t\t\t<\/div>\n\t\t<\/section>\n\t\t\t\t<section class=\"elementor-section elementor-top-section elementor-element elementor-element-73721fb elementor-section-boxed elementor-section-height-default elementor-section-height-default\" data-id=\"73721fb\" data-element_type=\"section\">\n\t\t\t\t\t\t<div class=\"elementor-container elementor-column-gap-default\">\n\t\t\t\t\t<div class=\"elementor-column elementor-col-100 elementor-top-column elementor-element elementor-element-15096a7\" data-id=\"15096a7\" data-element_type=\"column\">\n\t\t\t<div class=\"elementor-widget-wrap elementor-element-populated\">\n\t\t\t\t\t\t<div class=\"elementor-element elementor-element-f127e26 elementor-widget elementor-widget-text-editor\" data-id=\"f127e26\" data-element_type=\"widget\" data-widget_type=\"text-editor.default\">\n\t\t\t\t<div class=\"elementor-widget-container\">\n\t\t\t\t\t\t\t\t\t<p data-start=\"1591\" data-end=\"1858\">O Banesprev busca sempre ir al\u00e9m do cumprimento das obriga\u00e7\u00f5es legais, assegurando que todas as suas atividades sejam executadas em conformidade com as leis e normas aplic\u00e1veis, visando \u00e0s melhores pr\u00e1ticas do mercado e o respeito aos padr\u00f5es \u00e9ticos e de integridade.<\/p>\t\t\t\t\t\t\t\t<\/div>\n\t\t\t\t<\/div>\n\t\t\t\t\t<\/div>\n\t\t<\/div>\n\t\t\t\t\t<\/div>\n\t\t<\/section>\n\t\t\t\t<section class=\"elementor-section elementor-top-section elementor-element elementor-element-6714f57 elementor-section-boxed elementor-section-height-default elementor-section-height-default\" data-id=\"6714f57\" data-element_type=\"section\">\n\t\t\t\t\t\t<div class=\"elementor-container elementor-column-gap-default\">\n\t\t\t\t\t<div class=\"elementor-column elementor-col-100 elementor-top-column elementor-element elementor-element-2125561\" data-id=\"2125561\" data-element_type=\"column\">\n\t\t\t<div class=\"elementor-widget-wrap elementor-element-populated\">\n\t\t\t\t\t\t<div class=\"elementor-element elementor-element-0d64935 elementor-widget elementor-widget-text-editor\" data-id=\"0d64935\" data-element_type=\"widget\" data-widget_type=\"text-editor.default\">\n\t\t\t\t<div class=\"elementor-widget-container\">\n\t\t\t\t\t\t\t\t\t<p data-start=\"1860\" data-end=\"2167\"><strong data-start=\"1860\" data-end=\"1885\">Ader\u00eancia Regulat\u00f3ria<\/strong><br data-start=\"1885\" data-end=\"1888\" \/>Monitoramos continuamente o ambiente regulat\u00f3rio, com reporte peri\u00f3dico para a Diretoria Executiva, assegurando que o Banesprev mantenha, permanentemente, ader\u00eancia \u00e0s normas legais, regulamentares e demais normativos aplic\u00e1veis \u00e0s Entidades Fechadas de Previd\u00eancia Complementar.<\/p>\t\t\t\t\t\t\t\t<\/div>\n\t\t\t\t<\/div>\n\t\t\t\t\t<\/div>\n\t\t<\/div>\n\t\t\t\t\t<\/div>\n\t\t<\/section>\n\t\t\t\t<section class=\"elementor-section elementor-top-section elementor-element elementor-element-a740e38 elementor-section-boxed elementor-section-height-default elementor-section-height-default\" data-id=\"a740e38\" data-element_type=\"section\">\n\t\t\t\t\t\t<div class=\"elementor-container elementor-column-gap-default\">\n\t\t\t\t\t<div class=\"elementor-column elementor-col-100 elementor-top-column elementor-element elementor-element-32650a1\" data-id=\"32650a1\" data-element_type=\"column\">\n\t\t\t<div class=\"elementor-widget-wrap elementor-element-populated\">\n\t\t\t\t\t\t<div class=\"elementor-element elementor-element-e00e4c4 elementor-widget elementor-widget-text-editor\" data-id=\"e00e4c4\" data-element_type=\"widget\" data-widget_type=\"text-editor.default\">\n\t\t\t\t<div class=\"elementor-widget-container\">\n\t\t\t\t\t\t\t\t\t<p data-start=\"2169\" data-end=\"2438\"><strong data-start=\"2169\" data-end=\"2190\">Obriga\u00e7\u00f5es Legais<\/strong><br data-start=\"2190\" data-end=\"2193\" \/>Mantemos instrumento formal de controle de obriga\u00e7\u00f5es legais, operacionalizado por meio de sistema informatizado de Gest\u00e3o Baseada em Riscos (GBR). Em 2025, realizamos o monitoramento de 276 obriga\u00e7\u00f5es legais, assegurando seu devido cumprimento.<\/p>\t\t\t\t\t\t\t\t<\/div>\n\t\t\t\t<\/div>\n\t\t\t\t\t<\/div>\n\t\t<\/div>\n\t\t\t\t\t<\/div>\n\t\t<\/section>\n\t\t\t\t<section class=\"elementor-section elementor-top-section elementor-element elementor-element-858552b elementor-section-boxed elementor-section-height-default elementor-section-height-default\" data-id=\"858552b\" data-element_type=\"section\">\n\t\t\t\t\t\t<div class=\"elementor-container elementor-column-gap-default\">\n\t\t\t\t\t<div class=\"elementor-column elementor-col-100 elementor-top-column elementor-element elementor-element-aad1c85\" data-id=\"aad1c85\" data-element_type=\"column\">\n\t\t\t<div class=\"elementor-widget-wrap elementor-element-populated\">\n\t\t\t\t\t\t<div class=\"elementor-element elementor-element-ec6caaa elementor-widget elementor-widget-text-editor\" data-id=\"ec6caaa\" data-element_type=\"widget\" data-widget_type=\"text-editor.default\">\n\t\t\t\t<div class=\"elementor-widget-container\">\n\t\t\t\t\t\t\t\t\t<p data-start=\"2445\" data-end=\"2826\"><strong data-start=\"2445\" data-end=\"2483\">Governan\u00e7a dos Normativos Internos<\/strong><br data-start=\"2483\" data-end=\"2486\" \/>Na gest\u00e3o dos normativos e procedimentos operacionais internos, observamos processo formal, sistem\u00e1tico e devidamente documentado, com o objetivo de assegurar a permanente ader\u00eancia \u00e0 legisla\u00e7\u00e3o vigente, \u00e0s normas emanadas dos \u00f3rg\u00e3os reguladores e fiscalizadores, \u00e0s melhores pr\u00e1ticas de governan\u00e7a e \u00e0 estrat\u00e9gia institucional da Entidade.<\/p><p data-start=\"2445\" data-end=\"2826\">\u00a0<\/p><p data-start=\"2445\" data-end=\"2826\">Em 2025, aprimoramos e implementamos diversos normativos internos, a partir das iniciativas decorrentes do Diagn\u00f3stico de Governan\u00e7a. Nesse contexto, destacamos os avan\u00e7os promovidos no C\u00f3digo de \u00c9tica da entidade, refor\u00e7ando diretrizes e padr\u00f5es de conduta.<\/p>\t\t\t\t\t\t\t\t<\/div>\n\t\t\t\t<\/div>\n\t\t\t\t\t<\/div>\n\t\t<\/div>\n\t\t\t\t\t<\/div>\n\t\t<\/section>\n\t\t\t\t<section class=\"elementor-section elementor-top-section elementor-element elementor-element-7434c5ab elementor-section-boxed elementor-section-height-default elementor-section-height-default\" data-id=\"7434c5ab\" data-element_type=\"section\">\n\t\t\t\t\t\t<div class=\"elementor-container elementor-column-gap-default\">\n\t\t\t\t\t<div class=\"elementor-column elementor-col-50 elementor-top-column elementor-element elementor-element-531da4f0\" data-id=\"531da4f0\" data-element_type=\"column\" data-settings=\"{&quot;background_background&quot;:&quot;classic&quot;}\">\n\t\t\t<div class=\"elementor-widget-wrap elementor-element-populated\">\n\t\t\t\t\t<div class=\"elementor-background-overlay\"><\/div>\n\t\t\t\t\t\t<section class=\"elementor-section elementor-inner-section elementor-element elementor-element-4c760bcc elementor-section-full_width elementor-section-height-default elementor-section-height-default\" data-id=\"4c760bcc\" data-element_type=\"section\" data-settings=\"{&quot;background_background&quot;:&quot;classic&quot;}\">\n\t\t\t\t\t\t<div class=\"elementor-container elementor-column-gap-default\">\n\t\t\t\t\t<div class=\"elementor-column elementor-col-50 elementor-inner-column elementor-element elementor-element-5ee1a8e2\" data-id=\"5ee1a8e2\" data-element_type=\"column\">\n\t\t\t<div class=\"elementor-widget-wrap elementor-element-populated\">\n\t\t\t\t\t\t<div class=\"elementor-element elementor-element-56f5517f elementor-widget elementor-widget-image\" data-id=\"56f5517f\" data-element_type=\"widget\" data-widget_type=\"image.default\">\n\t\t\t\t<div class=\"elementor-widget-container\">\n\t\t\t\t\t\t\t\t\t\t\t\t\t\t\t<img decoding=\"async\" width=\"72\" height=\"72\" src=\"https:\/\/crtpublicidade.com.br\/raibanesprev\/raibanesprev2025\/wp-content\/uploads\/2026\/04\/Group-3.png\" class=\"attachment-large size-large wp-image-5477\" alt=\"\" \/>\t\t\t\t\t\t\t\t\t\t\t\t\t\t\t<\/div>\n\t\t\t\t<\/div>\n\t\t\t\t\t<\/div>\n\t\t<\/div>\n\t\t\t\t<div class=\"elementor-column elementor-col-50 elementor-inner-column elementor-element elementor-element-68e165cc\" data-id=\"68e165cc\" data-element_type=\"column\">\n\t\t\t<div class=\"elementor-widget-wrap elementor-element-populated\">\n\t\t\t\t\t\t<div class=\"elementor-element elementor-element-7e7527c6 elementor-widget__width-initial elementor-widget elementor-widget-text-editor\" data-id=\"7e7527c6\" data-element_type=\"widget\" data-widget_type=\"text-editor.default\">\n\t\t\t\t<div class=\"elementor-widget-container\">\n\t\t\t\t\t\t\t\t\t<p data-start=\"3093\" data-end=\"3196\">Fortalecemos nossos processos para garantir a seguran\u00e7a e privacidade de informa\u00e7\u00f5es segundo a LGPD<\/p>\t\t\t\t\t\t\t\t<\/div>\n\t\t\t\t<\/div>\n\t\t\t\t\t<\/div>\n\t\t<\/div>\n\t\t\t\t\t<\/div>\n\t\t<\/section>\n\t\t\t\t\t<\/div>\n\t\t<\/div>\n\t\t\t\t<div class=\"elementor-column elementor-col-50 elementor-top-column elementor-element elementor-element-2a9035f6\" data-id=\"2a9035f6\" data-element_type=\"column\">\n\t\t\t<div class=\"elementor-widget-wrap\">\n\t\t\t\t\t\t\t<\/div>\n\t\t<\/div>\n\t\t\t\t\t<\/div>\n\t\t<\/section>\n\t\t\t\t<\/div>\n\t\t","protected":false},"excerpt":{"rendered":"<p>Gest\u00e3o de Riscos A Gest\u00e3o de Riscos do Banesprev \u00e9 conduzida de forma estruturada e integrada, com o objetivo de identificar, avaliar, monitorar e mitigar os riscos inerentes \u00e0s suas atividades. \u00a0 O modelo adotado est\u00e1 fundamentado nas tr\u00eas linhas de defesa: 1\u00aa linha de defesa \u2013 gest\u00e3o operacional.Formada pelas \u00e1reas de neg\u00f3cio, executoras das [&hellip;]<\/p>\n","protected":false},"author":1,"featured_media":0,"parent":0,"menu_order":58,"comment_status":"closed","ping_status":"closed","template":"","meta":{"footnotes":""},"class_list":["post-2609","page","type-page","status-publish","hentry"],"acf":[],"_links":{"self":[{"href":"https:\/\/crtpublicidade.com.br\/raibanesprev\/raibanesprev2025\/wp-json\/wp\/v2\/pages\/2609","targetHints":{"allow":["GET"]}}],"collection":[{"href":"https:\/\/crtpublicidade.com.br\/raibanesprev\/raibanesprev2025\/wp-json\/wp\/v2\/pages"}],"about":[{"href":"https:\/\/crtpublicidade.com.br\/raibanesprev\/raibanesprev2025\/wp-json\/wp\/v2\/types\/page"}],"author":[{"embeddable":true,"href":"https:\/\/crtpublicidade.com.br\/raibanesprev\/raibanesprev2025\/wp-json\/wp\/v2\/users\/1"}],"replies":[{"embeddable":true,"href":"https:\/\/crtpublicidade.com.br\/raibanesprev\/raibanesprev2025\/wp-json\/wp\/v2\/comments?post=2609"}],"version-history":[{"count":63,"href":"https:\/\/crtpublicidade.com.br\/raibanesprev\/raibanesprev2025\/wp-json\/wp\/v2\/pages\/2609\/revisions"}],"predecessor-version":[{"id":5812,"href":"https:\/\/crtpublicidade.com.br\/raibanesprev\/raibanesprev2025\/wp-json\/wp\/v2\/pages\/2609\/revisions\/5812"}],"wp:attachment":[{"href":"https:\/\/crtpublicidade.com.br\/raibanesprev\/raibanesprev2025\/wp-json\/wp\/v2\/media?parent=2609"}],"curies":[{"name":"wp","href":"https:\/\/api.w.org\/{rel}","templated":true}]}}