{"id":2331,"date":"2025-03-21T14:46:47","date_gmt":"2025-03-21T17:46:47","guid":{"rendered":"https:\/\/crtpublicidade.com.br\/raibanesprev\/?page_id=2331"},"modified":"2026-04-28T20:47:46","modified_gmt":"2026-04-28T23:47:46","slug":"mensagem-da-diretoria","status":"publish","type":"page","link":"https:\/\/crtpublicidade.com.br\/raibanesprev\/raibanesprev2025\/mensagem-da-diretoria\/","title":{"rendered":"Mensagem da Diretoria"},"content":{"rendered":"\t\t<div data-elementor-type=\"wp-page\" data-elementor-id=\"2331\" class=\"elementor elementor-2331\">\n\t\t\t\t\t\t<section class=\"elementor-section elementor-top-section elementor-element elementor-element-b30a0e9 elementor-section-boxed elementor-section-height-default elementor-section-height-default\" data-id=\"b30a0e9\" data-element_type=\"section\">\n\t\t\t\t\t\t<div class=\"elementor-container elementor-column-gap-default\">\n\t\t\t\t\t<div class=\"elementor-column elementor-col-50 elementor-top-column elementor-element elementor-element-7cc67e1c\" data-id=\"7cc67e1c\" data-element_type=\"column\">\n\t\t\t<div class=\"elementor-widget-wrap elementor-element-populated\">\n\t\t\t\t\t\t<div class=\"elementor-element elementor-element-5c72d413 elementor-widget elementor-widget-heading\" data-id=\"5c72d413\" data-element_type=\"widget\" data-widget_type=\"heading.default\">\n\t\t\t\t<div class=\"elementor-widget-container\">\n\t\t\t\t\t<h2 class=\"elementor-heading-title elementor-size-default\">Mensagem da Diretoria<\/h2>\t\t\t\t<\/div>\n\t\t\t\t<\/div>\n\t\t\t\t\t<\/div>\n\t\t<\/div>\n\t\t\t\t<div class=\"elementor-column elementor-col-50 elementor-top-column elementor-element elementor-element-8cb4c5f\" data-id=\"8cb4c5f\" data-element_type=\"column\" data-settings=\"{&quot;background_background&quot;:&quot;classic&quot;}\">\n\t\t\t<div class=\"elementor-widget-wrap elementor-element-populated\">\n\t\t\t\t\t<div class=\"elementor-background-overlay\"><\/div>\n\t\t\t\t\t\t<div class=\"elementor-element elementor-element-3696ab8b elementor-widget elementor-widget-spacer\" data-id=\"3696ab8b\" data-element_type=\"widget\" data-widget_type=\"spacer.default\">\n\t\t\t\t<div class=\"elementor-widget-container\">\n\t\t\t\t\t\t\t<div class=\"elementor-spacer\">\n\t\t\t<div class=\"elementor-spacer-inner\"><\/div>\n\t\t<\/div>\n\t\t\t\t\t\t<\/div>\n\t\t\t\t<\/div>\n\t\t\t\t\t<\/div>\n\t\t<\/div>\n\t\t\t\t\t<\/div>\n\t\t<\/section>\n\t\t\t\t<section class=\"elementor-section elementor-top-section elementor-element elementor-element-f6e0131 elementor-section-boxed elementor-section-height-default elementor-section-height-default\" data-id=\"f6e0131\" data-element_type=\"section\">\n\t\t\t\t\t\t<div class=\"elementor-container elementor-column-gap-default\">\n\t\t\t\t\t<div class=\"elementor-column elementor-col-100 elementor-top-column elementor-element elementor-element-8e60c24\" data-id=\"8e60c24\" data-element_type=\"column\">\n\t\t\t<div class=\"elementor-widget-wrap elementor-element-populated\">\n\t\t\t\t\t\t<div class=\"elementor-element elementor-element-60150d9 elementor-widget elementor-widget-text-editor\" data-id=\"60150d9\" data-element_type=\"widget\" data-widget_type=\"text-editor.default\">\n\t\t\t\t<div class=\"elementor-widget-container\">\n\t\t\t\t\t\t\t\t\t<p>O ano de 2025 nos proporcionou aprendizados e avan\u00e7os que fortalecem a continuidade da nossa trajet\u00f3ria. Com dedica\u00e7\u00e3o e comprometimento, aprimoramos processos e refor\u00e7amos nossa busca permanente por efici\u00eancia, sempre com o prop\u00f3sito de atender participantes e assistidos com excel\u00eancia.<\/p><p>\u00a0<\/p><p>Neste Relat\u00f3rio Anual, apresentamos os principais resultados do exerc\u00edcio, com informa\u00e7\u00f5es sobre os 13 planos de benef\u00edcios, o desempenho dos investimentos e os acontecimentos mais relevantes do per\u00edodo, al\u00e9m das medidas adotadas pela alta gest\u00e3o da Entidade. Ao longo do ano, o Banesprev administrou um patrim\u00f4nio de R$ 26,4 bilh\u00f5es e pagou R$ 2,6 bilh\u00f5es em benef\u00edcios, reafirmando seu compromisso com a seguran\u00e7a e a sustentabilidade dos planos.<\/p><p>\u00a0<\/p><p>Seguimos para o pr\u00f3ximo ciclo com o mesmo prop\u00f3sito: evoluir continuamente, enfrentar novos desafios e avan\u00e7ar com responsabilidade, inova\u00e7\u00e3o e vis\u00e3o de futuro.<\/p>\t\t\t\t\t\t\t\t<\/div>\n\t\t\t\t<\/div>\n\t\t\t\t\t<\/div>\n\t\t<\/div>\n\t\t\t\t\t<\/div>\n\t\t<\/section>\n\t\t\t\t<section class=\"elementor-section elementor-top-section elementor-element elementor-element-06fb92e elementor-section-boxed elementor-section-height-default elementor-section-height-default\" data-id=\"06fb92e\" data-element_type=\"section\">\n\t\t\t\t\t\t<div class=\"elementor-container elementor-column-gap-default\">\n\t\t\t\t\t<div class=\"elementor-column elementor-col-50 elementor-top-column elementor-element elementor-element-a4198e7\" data-id=\"a4198e7\" data-element_type=\"column\" data-settings=\"{&quot;background_background&quot;:&quot;classic&quot;}\">\n\t\t\t<div class=\"elementor-widget-wrap elementor-element-populated\">\n\t\t\t\t\t<div class=\"elementor-background-overlay\"><\/div>\n\t\t\t\t\t\t<section class=\"elementor-section elementor-inner-section elementor-element elementor-element-5bb89bb8 elementor-section-full_width elementor-section-height-default elementor-section-height-default\" data-id=\"5bb89bb8\" data-element_type=\"section\" data-settings=\"{&quot;background_background&quot;:&quot;classic&quot;}\">\n\t\t\t\t\t\t<div class=\"elementor-container elementor-column-gap-default\">\n\t\t\t\t\t<div class=\"elementor-column elementor-col-50 elementor-inner-column elementor-element elementor-element-2e2923ea\" data-id=\"2e2923ea\" data-element_type=\"column\">\n\t\t\t<div class=\"elementor-widget-wrap elementor-element-populated\">\n\t\t\t\t\t\t<div class=\"elementor-element elementor-element-129fe4c0 elementor-widget elementor-widget-image\" data-id=\"129fe4c0\" data-element_type=\"widget\" data-widget_type=\"image.default\">\n\t\t\t\t<div class=\"elementor-widget-container\">\n\t\t\t\t\t\t\t\t\t\t\t\t\t\t\t<img decoding=\"async\" width=\"72\" height=\"72\" src=\"https:\/\/crtpublicidade.com.br\/raibanesprev\/raibanesprev2025\/wp-content\/uploads\/2026\/04\/Group-3.png\" class=\"attachment-large size-large wp-image-5477\" alt=\"\" \/>\t\t\t\t\t\t\t\t\t\t\t\t\t\t\t<\/div>\n\t\t\t\t<\/div>\n\t\t\t\t\t<\/div>\n\t\t<\/div>\n\t\t\t\t<div class=\"elementor-column elementor-col-50 elementor-inner-column elementor-element elementor-element-2dc910b9\" data-id=\"2dc910b9\" data-element_type=\"column\">\n\t\t\t<div class=\"elementor-widget-wrap elementor-element-populated\">\n\t\t\t\t\t\t<div class=\"elementor-element elementor-element-4e243167 elementor-widget__width-initial elementor-widget elementor-widget-text-editor\" data-id=\"4e243167\" data-element_type=\"widget\" data-widget_type=\"text-editor.default\">\n\t\t\t\t<div class=\"elementor-widget-container\">\n\t\t\t\t\t\t\t\t\t<p>A Diretoria agradece, as equipes e os participantes (aqui representado pelo DAVID CARVALHO DE ARAUJO, Plano II), pela confian\u00e7a e participa\u00e7\u00e3o.<\/p>\t\t\t\t\t\t\t\t<\/div>\n\t\t\t\t<\/div>\n\t\t\t\t\t<\/div>\n\t\t<\/div>\n\t\t\t\t\t<\/div>\n\t\t<\/section>\n\t\t\t\t\t<\/div>\n\t\t<\/div>\n\t\t\t\t<div class=\"elementor-column elementor-col-50 elementor-top-column elementor-element elementor-element-0219c66\" data-id=\"0219c66\" data-element_type=\"column\">\n\t\t\t<div class=\"elementor-widget-wrap\">\n\t\t\t\t\t\t\t<\/div>\n\t\t<\/div>\n\t\t\t\t\t<\/div>\n\t\t<\/section>\n\t\t\t\t<\/div>\n\t\t","protected":false},"excerpt":{"rendered":"<p>Mensagem da Diretoria O ano de 2025 nos proporcionou aprendizados e avan\u00e7os que fortalecem a continuidade da nossa trajet\u00f3ria. Com dedica\u00e7\u00e3o e comprometimento, aprimoramos processos e refor\u00e7amos nossa busca permanente por efici\u00eancia, sempre com o prop\u00f3sito de atender participantes e assistidos com excel\u00eancia. \u00a0 Neste Relat\u00f3rio Anual, apresentamos os principais resultados do exerc\u00edcio, com informa\u00e7\u00f5es [&hellip;]<\/p>\n","protected":false},"author":1,"featured_media":0,"parent":0,"menu_order":78,"comment_status":"closed","ping_status":"closed","template":"","meta":{"footnotes":""},"class_list":["post-2331","page","type-page","status-publish","hentry"],"acf":[],"_links":{"self":[{"href":"https:\/\/crtpublicidade.com.br\/raibanesprev\/raibanesprev2025\/wp-json\/wp\/v2\/pages\/2331","targetHints":{"allow":["GET"]}}],"collection":[{"href":"https:\/\/crtpublicidade.com.br\/raibanesprev\/raibanesprev2025\/wp-json\/wp\/v2\/pages"}],"about":[{"href":"https:\/\/crtpublicidade.com.br\/raibanesprev\/raibanesprev2025\/wp-json\/wp\/v2\/types\/page"}],"author":[{"embeddable":true,"href":"https:\/\/crtpublicidade.com.br\/raibanesprev\/raibanesprev2025\/wp-json\/wp\/v2\/users\/1"}],"replies":[{"embeddable":true,"href":"https:\/\/crtpublicidade.com.br\/raibanesprev\/raibanesprev2025\/wp-json\/wp\/v2\/comments?post=2331"}],"version-history":[{"count":39,"href":"https:\/\/crtpublicidade.com.br\/raibanesprev\/raibanesprev2025\/wp-json\/wp\/v2\/pages\/2331\/revisions"}],"predecessor-version":[{"id":5489,"href":"https:\/\/crtpublicidade.com.br\/raibanesprev\/raibanesprev2025\/wp-json\/wp\/v2\/pages\/2331\/revisions\/5489"}],"wp:attachment":[{"href":"https:\/\/crtpublicidade.com.br\/raibanesprev\/raibanesprev2025\/wp-json\/wp\/v2\/media?parent=2331"}],"curies":[{"name":"wp","href":"https:\/\/api.w.org\/{rel}","templated":true}]}}