{"id":3050,"date":"2025-04-14T16:23:34","date_gmt":"2025-04-14T19:23:34","guid":{"rendered":"https:\/\/crtpublicidade.com.br\/previcoke\/?page_id=3050"},"modified":"2025-05-05T10:28:27","modified_gmt":"2025-05-05T13:28:27","slug":"parecer-atuarial","status":"publish","type":"page","link":"https:\/\/crtpublicidade.com.br\/previcoke\/parecer-atuarial\/","title":{"rendered":"Parecer Atuarial"},"content":{"rendered":"\t\t<div data-elementor-type=\"wp-page\" data-elementor-id=\"3050\" class=\"elementor elementor-3050\">\n\t\t\t\t\t\t\t\t\t<section class=\"elementor-section elementor-top-section elementor-element elementor-element-945be9b elementor-section-boxed elementor-section-height-default elementor-section-height-default\" data-id=\"945be9b\" data-element_type=\"section\">\n\t\t\t\t\t\t<div class=\"elementor-container elementor-column-gap-default\">\n\t\t\t\t\t<div class=\"elementor-column elementor-col-100 elementor-top-column elementor-element elementor-element-ae31ec1\" data-id=\"ae31ec1\" data-element_type=\"column\">\n\t\t\t<div class=\"elementor-widget-wrap elementor-element-populated\">\n\t\t\t\t\t\t\t\t<div class=\"elementor-element elementor-element-afd31a7 elementor-widget elementor-widget-text-editor\" data-id=\"afd31a7\" data-element_type=\"widget\" data-widget_type=\"text-editor.default\">\n\t\t\t\t<div class=\"elementor-widget-container\">\n\t\t\t<style>\/*! elementor - v3.11.2 - 22-02-2023 *\/\n.elementor-widget-text-editor.elementor-drop-cap-view-stacked .elementor-drop-cap{background-color:#818a91;color:#fff}.elementor-widget-text-editor.elementor-drop-cap-view-framed .elementor-drop-cap{color:#818a91;border:3px solid;background-color:transparent}.elementor-widget-text-editor:not(.elementor-drop-cap-view-default) .elementor-drop-cap{margin-top:8px}.elementor-widget-text-editor:not(.elementor-drop-cap-view-default) .elementor-drop-cap-letter{width:1em;height:1em}.elementor-widget-text-editor .elementor-drop-cap{float:left;text-align:center;line-height:1;font-size:50px}.elementor-widget-text-editor .elementor-drop-cap-letter{display:inline-block}<\/style>\t\t\t\t<p>Apresentamos, a seguir, os pareceres atuariais referentes ao Plano de Benef\u00edcios BD, Plano de Benef\u00edcios CD e Plano de Benef\u00edcios CD II, disponibilizados para download. A publica\u00e7\u00e3o destes documentos atende \u00e0s exig\u00eancias normativas e refor\u00e7a o compromisso da Entidade com a transpar\u00eancia, a conformidade regulat\u00f3ria e a adequada presta\u00e7\u00e3o de contas aos participantes e patrocinadores.<\/p>\t\t\t\t\t\t<\/div>\n\t\t\t\t<\/div>\n\t\t\t\t\t<\/div>\n\t\t<\/div>\n\t\t\t\t\t\t\t<\/div>\n\t\t<\/section>\n\t\t\t\t<section class=\"elementor-section elementor-top-section elementor-element elementor-element-3ef9c7b elementor-section-boxed elementor-section-height-default elementor-section-height-default\" data-id=\"3ef9c7b\" data-element_type=\"section\">\n\t\t\t\t\t\t<div class=\"elementor-container elementor-column-gap-default\">\n\t\t\t\t\t<div class=\"elementor-column elementor-col-100 elementor-top-column elementor-element elementor-element-09cba46\" data-id=\"09cba46\" data-element_type=\"column\">\n\t\t\t<div class=\"elementor-widget-wrap elementor-element-populated\">\n\t\t\t\t\t\t\t\t<div class=\"elementor-element elementor-element-9054f6d elementor-align-center elementor-widget__width-initial elementor-widget-mobile__width-inherit elementor-widget elementor-widget-button\" data-id=\"9054f6d\" data-element_type=\"widget\" data-widget_type=\"button.default\">\n\t\t\t\t<div class=\"elementor-widget-container\">\n\t\t\t\t\t<div class=\"elementor-button-wrapper\">\n\t\t\t<a href=\"https:\/\/crtpublicidade.com.br\/previcoke\/wp-content\/uploads\/2025\/04\/Parecer-Atuarial_Plano-BD_Previcoke_2024_v2-_1_.pdf\" target=\"_blank\" class=\"elementor-button-link elementor-button elementor-size-sm\" role=\"button\">\n\t\t\t\t\t\t<span class=\"elementor-button-content-wrapper\">\n\t\t\t\t\t\t<span class=\"elementor-button-text\">Plano de Benef\u00edcios BD<\/span>\n\t\t<\/span>\n\t\t\t\t\t<\/a>\n\t\t<\/div>\n\t\t\t\t<\/div>\n\t\t\t\t<\/div>\n\t\t\t\t<div class=\"elementor-element elementor-element-b586579 elementor-align-center elementor-widget__width-initial elementor-widget-mobile__width-inherit elementor-widget elementor-widget-button\" data-id=\"b586579\" data-element_type=\"widget\" data-widget_type=\"button.default\">\n\t\t\t\t<div class=\"elementor-widget-container\">\n\t\t\t\t\t<div class=\"elementor-button-wrapper\">\n\t\t\t<a href=\"https:\/\/crtpublicidade.com.br\/previcoke\/wp-content\/uploads\/2025\/04\/Parecer-Atuarial_Plano-CD_Previcoke_2024_v2.pdf\" target=\"_blank\" class=\"elementor-button-link elementor-button elementor-size-sm\" role=\"button\">\n\t\t\t\t\t\t<span class=\"elementor-button-content-wrapper\">\n\t\t\t\t\t\t<span class=\"elementor-button-text\">Plano de Benef\u00edcios CD<\/span>\n\t\t<\/span>\n\t\t\t\t\t<\/a>\n\t\t<\/div>\n\t\t\t\t<\/div>\n\t\t\t\t<\/div>\n\t\t\t\t<div class=\"elementor-element elementor-element-cdc9d3d elementor-align-center elementor-widget__width-initial elementor-widget-mobile__width-inherit elementor-widget elementor-widget-button\" data-id=\"cdc9d3d\" data-element_type=\"widget\" data-widget_type=\"button.default\">\n\t\t\t\t<div class=\"elementor-widget-container\">\n\t\t\t\t\t<div class=\"elementor-button-wrapper\">\n\t\t\t<a href=\"https:\/\/crtpublicidade.com.br\/previcoke\/wp-content\/uploads\/2025\/04\/Parecer-Atuarial_Plano-CD-II_Previcoke_2024_v2.pdf\" target=\"_blank\" class=\"elementor-button-link elementor-button elementor-size-sm\" role=\"button\">\n\t\t\t\t\t\t<span class=\"elementor-button-content-wrapper\">\n\t\t\t\t\t\t<span class=\"elementor-button-text\">Plano de Benef\u00edcios CD II<\/span>\n\t\t<\/span>\n\t\t\t\t\t<\/a>\n\t\t<\/div>\n\t\t\t\t<\/div>\n\t\t\t\t<\/div>\n\t\t\t\t\t<\/div>\n\t\t<\/div>\n\t\t\t\t\t\t\t<\/div>\n\t\t<\/section>\n\t\t\t\t\t\t\t<\/div>\n\t\t","protected":false},"excerpt":{"rendered":"<p>Apresentamos, a seguir, os pareceres atuariais referentes ao Plano de Benef\u00edcios BD, Plano de Benef\u00edcios CD e Plano de Benef\u00edcios CD II, disponibilizados para download. A publica\u00e7\u00e3o destes documentos atende \u00e0s exig\u00eancias normativas e refor\u00e7a o compromisso da Entidade com a transpar\u00eancia, a conformidade regulat\u00f3ria e a adequada presta\u00e7\u00e3o de contas aos participantes e patrocinadores. [&hellip;]<\/p>\n","protected":false},"author":1,"featured_media":0,"parent":0,"menu_order":0,"comment_status":"closed","ping_status":"closed","template":"","meta":{"footnotes":""},"class_list":["post-3050","page","type-page","status-publish","hentry"],"acf":[],"_links":{"self":[{"href":"https:\/\/crtpublicidade.com.br\/previcoke\/wp-json\/wp\/v2\/pages\/3050","targetHints":{"allow":["GET"]}}],"collection":[{"href":"https:\/\/crtpublicidade.com.br\/previcoke\/wp-json\/wp\/v2\/pages"}],"about":[{"href":"https:\/\/crtpublicidade.com.br\/previcoke\/wp-json\/wp\/v2\/types\/page"}],"author":[{"embeddable":true,"href":"https:\/\/crtpublicidade.com.br\/previcoke\/wp-json\/wp\/v2\/users\/1"}],"replies":[{"embeddable":true,"href":"https:\/\/crtpublicidade.com.br\/previcoke\/wp-json\/wp\/v2\/comments?post=3050"}],"version-history":[{"count":45,"href":"https:\/\/crtpublicidade.com.br\/previcoke\/wp-json\/wp\/v2\/pages\/3050\/revisions"}],"predecessor-version":[{"id":3547,"href":"https:\/\/crtpublicidade.com.br\/previcoke\/wp-json\/wp\/v2\/pages\/3050\/revisions\/3547"}],"wp:attachment":[{"href":"https:\/\/crtpublicidade.com.br\/previcoke\/wp-json\/wp\/v2\/media?parent=3050"}],"curies":[{"name":"wp","href":"https:\/\/api.w.org\/{rel}","templated":true}]}}